{"id":9206,"date":"2024-11-12T06:44:21","date_gmt":"2024-11-12T06:44:21","guid":{"rendered":"https:\/\/toprisesafety.com\/?post_type=product&#038;p=9206"},"modified":"2025-03-24T04:41:50","modified_gmt":"2025-03-24T04:41:50","slug":"best-welding-mask-auto-darkening","status":"publish","type":"product","link":"https:\/\/toprisesafety.com\/th\/product\/best-welding-mask-auto-darkening\/","title":{"rendered":"Best Welding Mask Auto Darkening"},"content":{"rendered":"<h2><strong><b>Best Welding Mask Auto Darkening<\/b><\/strong><\/h2>\n<table>\n<tbody>\n<tr>\n<td width=\"284\">\u0e2b\u0e21\u0e32\u0e22\u0e40\u0e25\u0e02\u0e2a\u0e34\u0e19\u0e04\u0e49\u0e32<\/td>\n<td width=\"284\">WMA08<\/td>\n<\/tr>\n<tr>\n<td width=\"284\">\u0e02\u0e19\u0e32\u0e14\u0e02\u0e2d\u0e07\u0e1f\u0e34\u0e25\u0e40\u0e15\u0e2d\u0e23\u0e4c<\/td>\n<td width=\"284\">110\u00d790\u00d710mm<\/td>\n<\/tr>\n<tr>\n<td width=\"284\">\u0e1e\u0e37\u0e49\u0e19\u0e17\u0e35\u0e48\u0e2a\u0e33\u0e2b\u0e23\u0e31\u0e1a\u0e01\u0e32\u0e23\u0e23\u0e31\u0e1a\u0e0a\u0e21\u0e2d\u0e22\u0e48\u0e32\u0e07\u0e21\u0e35\u0e2a\u0e48\u0e27\u0e19\u0e23\u0e48\u0e27\u0e21<\/td>\n<td width=\"284\">93\u00d743MM<\/td>\n<\/tr>\n<tr>\n<td width=\"284\">\u0e41\u0e2a\u0e07\u0e2a\u0e27\u0e48\u0e32\u0e07<\/td>\n<td width=\"284\">DIN3<\/td>\n<\/tr>\n<tr>\n<td width=\"284\">\u0e40\u0e07\u0e32\u0e21\u0e37\u0e14<\/td>\n<td width=\"284\">DIN9-13<\/td>\n<\/tr>\n<tr>\n<td width=\"284\">\u0e01\u0e32\u0e23\u0e1b\u0e23\u0e31\u0e1a\u0e2a\u0e16\u0e32\u0e19\u0e30\u0e21\u0e37\u0e14<\/td>\n<td width=\"284\">\u0e43\u0e0a\u0e48<\/td>\n<\/tr>\n<tr>\n<td width=\"284\">\u0e01\u0e32\u0e23\u0e1b\u0e23\u0e31\u0e1a\u0e04\u0e27\u0e32\u0e21\u0e44\u0e27<\/td>\n<td width=\"284\">\u0e43\u0e0a\u0e48<\/td>\n<\/tr>\n<tr>\n<td width=\"284\">\u0e40\u0e27\u0e25\u0e32\u0e2a\u0e25\u0e31\u0e1a<\/td>\n<td width=\"284\">1\/25000S<\/td>\n<\/tr>\n<tr>\n<td width=\"284\">\u0e40\u0e27\u0e25\u0e32\u0e2b\u0e19\u0e48\u0e27\u0e07<\/td>\n<td width=\"284\">0.01ms<\/td>\n<\/tr>\n<tr>\n<td width=\"284\">\u0e41\u0e2b\u0e25\u0e48\u0e07\u0e08\u0e48\u0e32\u0e22\u0e44\u0e1f<\/td>\n<td width=\"284\">\u0e41\u0e1a\u0e15\u0e40\u0e15\u0e2d\u0e23\u0e35\u0e48\u0e25\u0e34\u0e40\u0e18\u0e35\u0e22\u0e21 &amp; \u0e2d\u0e38\u0e1b\u0e01\u0e23\u0e13\u0e4c\u0e1e\u0e25\u0e31\u0e07\u0e07\u0e32\u0e19\u0e41\u0e2a\u0e07\u0e2d\u0e32\u0e17\u0e34\u0e15\u0e22\u0e4c<\/td>\n<\/tr>\n<tr>\n<td width=\"284\">\u0e04\u0e27\u0e32\u0e21\u0e08\u0e38\u0e17\u0e35\u0e48\u0e40\u0e01\u0e35\u0e48\u0e22\u0e27\u0e02\u0e49\u0e2d\u0e07\u0e02\u0e2d\u0e07\u0e41\u0e1a\u0e15\u0e40\u0e15\u0e2d\u0e23\u0e35\u0e48\u0e25\u0e34\u0e40\u0e18\u0e35\u0e22\u0e21<\/td>\n<td width=\"284\">60 \u0e21\u0e34\u0e25\u0e25\u0e34\u0e41\u0e2d\u0e21\u0e1b\u0e4c\u0e0a\u0e31\u0e48\u0e27\u0e42\u0e21\u0e07<\/td>\n<\/tr>\n<tr>\n<td width=\"284\">\u0e01\u0e32\u0e23\u0e1b\u0e0f\u0e34\u0e1a\u0e31\u0e15\u0e34\u0e01\u0e32\u0e23\u0e15\u0e49\u0e32\u0e19 UVB<\/td>\n<td width=\"284\">DIN16<\/td>\n<\/tr>\n<tr>\n<td width=\"284\">\u0e19\u0e49\u0e33\u0e2b\u0e19\u0e31\u0e01<\/td>\n<td width=\"284\">400G\/\u0e40\u0e04\u0e23\u0e37\u0e48\u0e2d\u0e07<\/td>\n<\/tr>\n<tr>\n<td width=\"284\">\u0e01\u0e32\u0e23\u0e1a\u0e23\u0e23\u0e08\u0e38<\/td>\n<td width=\"284\">Each pc per color box packing ,20PCS\/CTN<\/td>\n<\/tr>\n<tr>\n<td width=\"284\">\u0e02\u0e19\u0e32\u0e14\u0e01\u0e25\u0e48\u0e2d\u0e07<\/td>\n<td width=\"284\">53\u00d750\u00d750CM<\/td>\n<\/tr>\n<tr>\n<td width=\"284\">N\/G.W<\/td>\n<td width=\"284\">8\/10KGS<\/td>\n<\/tr>\n<tr>\n<td width=\"284\">OEM Service<\/td>\n<td width=\"284\">\u0e43\u0e0a\u0e48<\/td>\n<\/tr>\n<\/tbody>\n<\/table>\n<p>TOPRISE \u0e23\u0e2d\u0e07\u0e23\u0e31\u0e1a\u0e01\u0e32\u0e23\u0e1b\u0e23\u0e31\u0e1a\u0e41\u0e15\u0e48\u0e07\u0e2b\u0e19\u0e49\u0e32\u0e01\u0e32\u0e01\u0e40\u0e0a\u0e37\u0e48\u0e2d\u0e21\u0e41\u0e25\u0e30\u0e2b\u0e21\u0e27\u0e01\u0e40\u0e0a\u0e37\u0e48\u0e2d\u0e21\u0e2b\u0e25\u0e32\u0e01\u0e2b\u0e25\u0e32\u0e22\u0e23\u0e39\u0e1b\u0e41\u0e1a\u0e1a; \u0e04\u0e25\u0e34\u0e01\u0e40\u0e1e\u0e37\u0e48\u0e2d<a href=\"https:\/\/toprisesafety.com\/th\/product-category\/personal-protective-equipment\/face-protection\/welding-helmet\/\"> \u0e14\u0e39\u0e40\u0e1e\u0e34\u0e48\u0e21\u0e40\u0e15\u0e34\u0e21\u0e2b\u0e19\u0e49\u0e32\u0e01\u0e32\u0e01\u0e40\u0e0a\u0e37\u0e48\u0e2d\u0e21 &amp; \u0e2b\u0e21\u0e27\u0e01\u0e40\u0e0a\u0e37\u0e48\u0e2d\u0e21<\/a><\/p>\n<p>\u0e2b\u0e32\u0e01\u0e04\u0e38\u0e13\u0e44\u0e21\u0e48\u0e1e\u0e1a\u0e2b\u0e19\u0e49\u0e32\u0e01\u0e32\u0e01\u0e40\u0e0a\u0e37\u0e48\u0e2d\u0e21\u0e41\u0e25\u0e30\u0e2b\u0e21\u0e27\u0e01\u0e40\u0e0a\u0e37\u0e48\u0e2d\u0e21\u0e17\u0e35\u0e48\u0e15\u0e49\u0e2d\u0e07\u0e01\u0e32\u0e23 <a href=\"https:\/\/toprisesafety.com\/th\/contact-us\/\">\u0e15\u0e34\u0e14\u0e15\u0e48\u0e2d\u0e40\u0e23\u0e32<\/a>; \u0e40\u0e23\u0e32\u0e2a\u0e19\u0e31\u0e1a\u0e2a\u0e19\u0e38\u0e19\u0e01\u0e32\u0e23\u0e1b\u0e23\u0e31\u0e1a\u0e41\u0e15\u0e48\u0e07\u0e1e\u0e34\u0e40\u0e28\u0e29<\/p>","protected":false},"excerpt":{"rendered":"<p>Best Welding Mask Auto Darkening ART NO. WMA08 Filter Size 110\u00d790\u00d710mm Active Viewing Area 93\u00d743MM Light Shade DIN3 Dark Shade DIN9-13 Dark State Adjustment Yes SenSitivity Adjustment Yes Switching Time 1\/25000S Delay Time 0.01ms Power Supply Lithium battery &amp; Solar Supply Related Capcity of Lithium Battery 60mAh Operating Gradeaginst UVB DIN16 Weight 400G\/PC Packing Each [&hellip;]<\/p>","protected":false},"featured_media":9207,"template":"","meta":{"_acf_changed":false},"product_brand":[],"product_cat":[361,363,362],"product_tag":[],"class_list":{"0":"post-9206","1":"product","2":"type-product","3":"status-publish","4":"has-post-thumbnail","6":"product_cat-face-protection","7":"product_cat-auto-welding-helmet","8":"product_cat-welding-helmet","10":"first","11":"instock","12":"shipping-taxable","13":"product-type-simple"},"acf":[],"_links":{"self":[{"href":"https:\/\/toprisesafety.com\/th\/wp-json\/wp\/v2\/product\/9206"}],"collection":[{"href":"https:\/\/toprisesafety.com\/th\/wp-json\/wp\/v2\/product"}],"about":[{"href":"https:\/\/toprisesafety.com\/th\/wp-json\/wp\/v2\/types\/product"}],"wp:featuredmedia":[{"embeddable":true,"href":"https:\/\/toprisesafety.com\/th\/wp-json\/wp\/v2\/media\/9207"}],"wp:attachment":[{"href":"https:\/\/toprisesafety.com\/th\/wp-json\/wp\/v2\/media?parent=9206"}],"wp:term":[{"taxonomy":"product_brand","embeddable":true,"href":"https:\/\/toprisesafety.com\/th\/wp-json\/wp\/v2\/product_brand?post=9206"},{"taxonomy":"product_cat","embeddable":true,"href":"https:\/\/toprisesafety.com\/th\/wp-json\/wp\/v2\/product_cat?post=9206"},{"taxonomy":"product_tag","embeddable":true,"href":"https:\/\/toprisesafety.com\/th\/wp-json\/wp\/v2\/product_tag?post=9206"}],"curies":[{"name":"wp","href":"https:\/\/api.w.org\/{rel}","templated":true}]}}