{"id":12839,"date":"2025-06-03T03:33:26","date_gmt":"2025-06-03T03:33:26","guid":{"rendered":"https:\/\/toprisesafety.com\/?post_type=product&#038;p=12839"},"modified":"2025-06-05T06:48:24","modified_gmt":"2025-06-05T06:48:24","slug":"kettle-grill-cover","status":"publish","type":"product","link":"https:\/\/toprisesafety.com\/th\/product\/kettle-grill-cover\/","title":{"rendered":"\u0e1d\u0e32\u0e04\u0e23\u0e2d\u0e1a\u0e40\u0e15\u0e32\u0e22\u0e48\u0e32\u0e07"},"content":{"rendered":"<p>\u0e1d\u0e32\u0e04\u0e23\u0e2d\u0e1a\u0e40\u0e15\u0e32\u0e22\u0e48\u0e32\u0e07<\/p>\n<p><strong><b>Kettle Grill Cover Features:<\/b><\/strong><\/p>\n<ul>\n<li>210D Oxford fabric, sturdy and tear-resistant<\/li>\n<li>The silver coating reflects sunlight and protects against ultraviolet rays.<\/li>\n<li>Waterproof and dustproof, no worries in rainy and snowy weather.<\/li>\n<li>Resistant to mold and aging, and does not fade or deform easily.<\/li>\n<li>Lightweight and easy to store, convenient to carry<\/li>\n<li>Bottom binding rope design, more stable against wind<\/li>\n<li>Highly versatile, compatible with various ovens<\/li>\n<li>Support customization of styles, sizes, and logos<\/li>\n<\/ul>\n<table>\n<tbody>\n<tr>\n<td width=\"284\">\u0e2b\u0e21\u0e32\u0e22\u0e40\u0e25\u0e02\u0e2a\u0e34\u0e19\u0e04\u0e49\u0e32<\/td>\n<td width=\"284\">\u0e40\u0e04\u0e08\u0e35\u0e0b\u0e3502<\/td>\n<\/tr>\n<tr>\n<td width=\"284\">\u0e27\u0e31\u0e2a\u0e14\u0e38<\/td>\n<td width=\"284\">210D\u00a0Oxford fabric with silver plating\u00a0or customized, 80g\/sqm or customized<\/td>\n<\/tr>\n<tr>\n<td width=\"284\">Water pressure<\/td>\n<td width=\"284\">1500 &#8211; 2000<\/td>\n<\/tr>\n<tr>\n<td width=\"284\">\u0e02\u0e19\u0e32\u0e14<\/td>\n<td width=\"284\">62\u00d7105 CM, 66\u00d770 CM, 70\u00d790 CM, 71\u00d765 CM, 77\u00d758 CM \u00a0or customized<\/td>\n<\/tr>\n<tr>\n<td width=\"284\">\u0e2a\u0e35<\/td>\n<td width=\"284\">\u0e2a\u0e35\u0e14\u0e33\u0e2b\u0e23\u0e37\u0e2d\u0e1b\u0e23\u0e31\u0e1a\u0e41\u0e15\u0e48\u0e07\u0e15\u0e32\u0e21\u0e15\u0e49\u0e2d\u0e07\u0e01\u0e32\u0e23<\/td>\n<\/tr>\n<tr>\n<td width=\"284\">\u0e01\u0e32\u0e23\u0e1e\u0e34\u0e21\u0e1e\u0e4c\u0e42\u0e25\u0e42\u0e01\u0e49<\/td>\n<td width=\"284\">\u0e21\u0e35\u0e43\u0e2b\u0e49\u0e1a\u0e23\u0e34\u0e01\u0e32\u0e23<\/td>\n<\/tr>\n<tr>\n<td width=\"284\">\u0e01\u0e32\u0e23\u0e1a\u0e23\u0e23\u0e08\u0e38<\/td>\n<td width=\"284\">1 \u0e0a\u0e34\u0e49\u0e19\u0e15\u0e48\u0e2d\u0e16\u0e38\u0e07\u0e1a\u0e23\u0e23\u0e08\u0e38\u0e27\u0e31\u0e2a\u0e14\u0e38\u0e40\u0e14\u0e35\u0e22\u0e27\u0e01\u0e31\u0e19\u0e2b\u0e23\u0e37\u0e2d\u0e15\u0e32\u0e21\u0e2a\u0e31\u0e48\u0e07<\/td>\n<\/tr>\n<tr>\n<td width=\"284\">\u0e1b\u0e23\u0e34\u0e21\u0e32\u0e13\u0e01\u0e32\u0e23\u0e2a\u0e31\u0e48\u0e07\u0e0b\u0e37\u0e49\u0e2d\u0e02\u0e31\u0e49\u0e19\u0e15\u0e48\u0e33<\/td>\n<td width=\"284\">300 \u0e0a\u0e34\u0e49\u0e19<\/td>\n<\/tr>\n<tr>\n<td width=\"284\">\u0e2d\u0e2d\u0e01\u0e41\u0e1a\u0e1a\u0e15\u0e32\u0e21\u0e04\u0e27\u0e32\u0e21\u0e15\u0e49\u0e2d\u0e07\u0e01\u0e32\u0e23<\/td>\n<td width=\"284\">\u0e01\u0e32\u0e23\u0e2a\u0e19\u0e31\u0e1a\u0e2a\u0e19\u0e38\u0e19<\/td>\n<\/tr>\n<\/tbody>\n<\/table>\n<p><strong><b>Kettle Grill Covers Widely Applied Fields: <\/b><\/strong><\/p>\n<ul>\n<li><b><\/b><strong><b>Family Yard<\/b><\/strong>: Protecting Outdoor Barbecue Grills to Extend Their Lifespan<\/li>\n<li><b><\/b><strong><b>Campfire camping<\/b><\/strong>: portable, dust-proof, and rain-proof, suitable for outdoor use.<\/li>\n<li><b><\/b><strong><b>Commercial barbecue stalls<\/b><\/strong>: Enhance equipment&#8217;s professional image, support custom logo design<\/li>\n<li><b><\/b><strong><b>Barbecue on the balcony<\/b><\/strong>: Protect from sun and dust, and keep equipment clean.<\/li>\n<li><b><\/b><strong><b>Hotel\/Motel Courtyard<\/b><\/strong>: Keep the barbecue equipment clean and attractive.<\/li>\n<li><b><\/b><strong><b>Outdoor party venue<\/b><\/strong>: Convenient for covering and protecting various types of barbecue grills<\/li>\n<\/ul>\n<p>NINGBO TOPRISE \u0e40\u0e1b\u0e47\u0e19\u0e42\u0e23\u0e07\u0e07\u0e32\u0e19\u0e21\u0e37\u0e2d\u0e2d\u0e32\u0e0a\u0e35\u0e1e\u0e17\u0e35\u0e48\u0e40\u0e0a\u0e35\u0e48\u0e22\u0e27\u0e0a\u0e32\u0e0d\u0e43\u0e19\u0e01\u0e32\u0e23\u0e1c\u0e25\u0e34\u0e15<a href=\"https:\/\/toprisesafety.com\/th\/product-category\/outdoor-goods\/waterproof-cover\/\"> \u0e1c\u0e49\u0e32\u0e04\u0e25\u0e38\u0e21\u0e01\u0e31\u0e19\u0e19\u0e49\u0e33\u0e04\u0e38\u0e13\u0e20\u0e32\u0e1e\u0e2a\u0e39\u0e07<\/a>, \u0e21\u0e38\u0e48\u0e07\u0e21\u0e31\u0e48\u0e19\u0e43\u0e19\u0e01\u0e32\u0e23\u0e43\u0e2b\u0e49\u0e1a\u0e23\u0e34\u0e01\u0e32\u0e23\u0e25\u0e39\u0e01\u0e04\u0e49\u0e32\u0e14\u0e49\u0e27\u0e22\u0e42\u0e0b\u0e25\u0e39\u0e0a\u0e31\u0e19\u0e01\u0e32\u0e23\u0e1b\u0e49\u0e2d\u0e07\u0e01\u0e31\u0e19\u0e17\u0e35\u0e48\u0e1b\u0e23\u0e31\u0e1a\u0e41\u0e15\u0e48\u0e07\u0e15\u0e32\u0e21\u0e04\u0e27\u0e32\u0e21\u0e15\u0e49\u0e2d\u0e07\u0e01\u0e32\u0e23\u0e17\u0e35\u0e48\u0e2b\u0e25\u0e32\u0e01\u0e2b\u0e25\u0e32\u0e22\u0e14\u0e49\u0e27\u0e22\u0e2d\u0e38\u0e1b\u0e01\u0e23\u0e13\u0e4c\u0e01\u0e32\u0e23\u0e1c\u0e25\u0e34\u0e15\u0e17\u0e35\u0e48\u0e17\u0e31\u0e19\u0e2a\u0e21\u0e31\u0e22\u0e41\u0e25\u0e30\u0e1b\u0e23\u0e30\u0e2a\u0e1a\u0e01\u0e32\u0e23\u0e13\u0e4c\u0e43\u0e19\u0e2d\u0e38\u0e15\u0e2a\u0e32\u0e2b\u0e01\u0e23\u0e23\u0e21\u0e17\u0e35\u0e48\u0e2d\u0e38\u0e14\u0e21\u0e2a\u0e21\u0e1a\u0e39\u0e23\u0e13\u0e4c \u0e1c\u0e25\u0e34\u0e15\u0e20\u0e31\u0e13\u0e11\u0e4c\u0e02\u0e2d\u0e07\u0e40\u0e23\u0e32\u0e04\u0e23\u0e2d\u0e1a\u0e04\u0e25\u0e38\u0e21\u0e2b\u0e25\u0e32\u0e01\u0e2b\u0e25\u0e32\u0e22\u0e1b\u0e23\u0e30\u0e40\u0e20\u0e17 \u0e40\u0e0a\u0e48\u0e19 \u0e1c\u0e49\u0e32\u0e04\u0e25\u0e38\u0e21\u0e23\u0e16\u0e08\u0e31\u0e01\u0e23\u0e22\u0e32\u0e19\u0e22\u0e19\u0e15\u0e4c \u0e1c\u0e49\u0e32\u0e04\u0e25\u0e38\u0e21\u0e23\u0e16\u0e22\u0e19\u0e15\u0e4c \u0e1c\u0e49\u0e32\u0e04\u0e25\u0e38\u0e21\u0e40\u0e1f\u0e2d\u0e23\u0e4c\u0e19\u0e34\u0e40\u0e08\u0e2d\u0e23\u0e4c \u0e41\u0e25\u0e30\u0e1c\u0e49\u0e32\u0e04\u0e25\u0e38\u0e21\u0e08\u0e31\u0e01\u0e23\u0e22\u0e32\u0e19 \u0e1c\u0e49\u0e32\u0e04\u0e25\u0e38\u0e21\u0e01\u0e31\u0e19\u0e19\u0e49\u0e33\u0e17\u0e38\u0e01\u0e0a\u0e34\u0e49\u0e19\u0e1c\u0e25\u0e34\u0e15\u0e08\u0e32\u0e01\u0e1c\u0e49\u0e32\u0e04\u0e38\u0e13\u0e20\u0e32\u0e1e\u0e2a\u0e39\u0e07 \u0e40\u0e0a\u0e48\u0e19 \u0e1c\u0e49\u0e32\u0e2d\u0e47\u0e2d\u0e01\u0e0b\u0e4c\u0e1f\u0e2d\u0e23\u0e4c\u0e14 420D \u0e41\u0e25\u0e30\u0e1c\u0e49\u0e32\u0e2d\u0e47\u0e2d\u0e01\u0e0b\u0e4c\u0e1f\u0e2d\u0e23\u0e4c\u0e14 210D \u0e0b\u0e36\u0e48\u0e07\u0e21\u0e35\u0e04\u0e38\u0e13\u0e2a\u0e21\u0e1a\u0e31\u0e15\u0e34\u0e2b\u0e25\u0e32\u0e22\u0e1b\u0e23\u0e30\u0e01\u0e32\u0e23 \u0e44\u0e14\u0e49\u0e41\u0e01\u0e48 \u0e01\u0e31\u0e19\u0e19\u0e49\u0e33 \u0e1b\u0e49\u0e2d\u0e07\u0e01\u0e31\u0e19\u0e23\u0e31\u0e07\u0e2a\u0e35\u0e22\u0e39\u0e27\u0e35 \u0e1b\u0e49\u0e2d\u0e07\u0e01\u0e31\u0e19\u0e1d\u0e38\u0e48\u0e19 \u0e17\u0e19\u0e15\u0e48\u0e2d\u0e41\u0e23\u0e07\u0e25\u0e21 \u0e41\u0e25\u0e30\u0e17\u0e19\u0e15\u0e48\u0e2d\u0e23\u0e2d\u0e22\u0e02\u0e35\u0e14\u0e02\u0e48\u0e27\u0e19 \u0e0b\u0e36\u0e48\u0e07\u0e2a\u0e32\u0e21\u0e32\u0e23\u0e16\u0e1b\u0e01\u0e1b\u0e49\u0e2d\u0e07\u0e2d\u0e38\u0e1b\u0e01\u0e23\u0e13\u0e4c\u0e02\u0e2d\u0e07\u0e04\u0e38\u0e13\u0e08\u0e32\u0e01\u0e2d\u0e34\u0e17\u0e18\u0e34\u0e1e\u0e25\u0e02\u0e2d\u0e07\u0e2a\u0e34\u0e48\u0e07\u0e41\u0e27\u0e14\u0e25\u0e49\u0e2d\u0e21\u0e20\u0e32\u0e22\u0e19\u0e2d\u0e01\u0e44\u0e14\u0e49\u0e2d\u0e22\u0e48\u0e32\u0e07\u0e21\u0e35\u0e1b\u0e23\u0e30\u0e2a\u0e34\u0e17\u0e18\u0e34\u0e20\u0e32\u0e1e<br \/>\n\u0e42\u0e23\u0e07\u0e07\u0e32\u0e19\u0e02\u0e2d\u0e07\u0e40\u0e23\u0e32\u0e21\u0e35\u0e2a\u0e32\u0e22\u0e01\u0e32\u0e23\u0e1c\u0e25\u0e34\u0e15\u0e17\u0e35\u0e48\u0e21\u0e35\u0e1b\u0e23\u0e30\u0e2a\u0e34\u0e17\u0e18\u0e34\u0e20\u0e32\u0e1e\u0e2a\u0e39\u0e07\u0e2a\u0e32\u0e21\u0e2a\u0e32\u0e22 \u0e41\u0e15\u0e48\u0e25\u0e30\u0e2a\u0e32\u0e22\u0e15\u0e34\u0e14\u0e15\u0e31\u0e49\u0e07\u0e2d\u0e38\u0e1b\u0e01\u0e23\u0e13\u0e4c\u0e2d\u0e31\u0e15\u0e42\u0e19\u0e21\u0e31\u0e15\u0e34\u0e02\u0e31\u0e49\u0e19\u0e2a\u0e39\u0e07 \u0e17\u0e33\u0e43\u0e2b\u0e49\u0e40\u0e23\u0e32\u0e2a\u0e32\u0e21\u0e32\u0e23\u0e16\u0e1c\u0e25\u0e34\u0e15\u0e1c\u0e49\u0e32\u0e04\u0e25\u0e38\u0e21\u0e01\u0e31\u0e19\u0e19\u0e49\u0e33\u0e2b\u0e25\u0e32\u0e01\u0e2b\u0e25\u0e32\u0e22\u0e1b\u0e23\u0e30\u0e40\u0e20\u0e17\u0e44\u0e14\u0e49\u0e2d\u0e22\u0e48\u0e32\u0e07\u0e21\u0e35\u0e1b\u0e23\u0e30\u0e2a\u0e34\u0e17\u0e18\u0e34\u0e20\u0e32\u0e1e\u0e41\u0e25\u0e30\u0e40\u0e2a\u0e16\u0e35\u0e22\u0e23\u0e20\u0e32\u0e1e \u0e1b\u0e31\u0e08\u0e08\u0e38\u0e1a\u0e31\u0e19\u0e42\u0e23\u0e07\u0e07\u0e32\u0e19\u0e21\u0e35\u0e1e\u0e19\u0e31\u0e01\u0e07\u0e32\u0e19\u0e1b\u0e23\u0e30\u0e21\u0e32\u0e13 150 \u0e04\u0e19 \u0e23\u0e27\u0e21\u0e16\u0e36\u0e07\u0e0a\u0e48\u0e32\u0e07\u0e40\u0e17\u0e04\u0e19\u0e34\u0e04, \u0e1c\u0e39\u0e49\u0e1b\u0e0f\u0e34\u0e1a\u0e31\u0e15\u0e34\u0e07\u0e32\u0e19, \u0e1c\u0e39\u0e49\u0e15\u0e23\u0e27\u0e08\u0e2a\u0e2d\u0e1a\u0e04\u0e38\u0e13\u0e20\u0e32\u0e1e \u0e41\u0e25\u0e30\u0e17\u0e35\u0e21\u0e2a\u0e19\u0e31\u0e1a\u0e2a\u0e19\u0e38\u0e19\u0e14\u0e49\u0e32\u0e19\u0e42\u0e25\u0e08\u0e34\u0e2a\u0e15\u0e34\u0e01\u0e2a\u0e4c \u0e40\u0e23\u0e32\u0e2a\u0e32\u0e21\u0e32\u0e23\u0e16\u0e43\u0e2b\u0e49\u0e1a\u0e23\u0e34\u0e01\u0e32\u0e23\u0e17\u0e35\u0e48\u0e1b\u0e23\u0e31\u0e1a\u0e41\u0e15\u0e48\u0e07\u0e44\u0e14\u0e49\u0e15\u0e32\u0e21\u0e04\u0e27\u0e32\u0e21\u0e15\u0e49\u0e2d\u0e07\u0e01\u0e32\u0e23\u0e02\u0e2d\u0e07\u0e25\u0e39\u0e01\u0e04\u0e49\u0e32\u0e43\u0e19\u0e41\u0e07\u0e48\u0e02\u0e2d\u0e07\u0e02\u0e19\u0e32\u0e14 \u0e2a\u0e35 \u0e41\u0e25\u0e30\u0e40\u0e19\u0e37\u0e49\u0e2d\u0e1c\u0e49\u0e32 \u0e19\u0e2d\u0e01\u0e08\u0e32\u0e01\u0e19\u0e35\u0e49 \u0e40\u0e23\u0e32\u0e22\u0e31\u0e07\u0e21\u0e35\u0e01\u0e32\u0e23\u0e1e\u0e34\u0e21\u0e1e\u0e4c\u0e42\u0e25\u0e42\u0e01\u0e49\u0e41\u0e25\u0e30\u0e1a\u0e23\u0e23\u0e08\u0e38\u0e20\u0e31\u0e13\u0e11\u0e4c\u0e17\u0e35\u0e48\u0e1b\u0e23\u0e31\u0e1a\u0e41\u0e15\u0e48\u0e07\u0e44\u0e14\u0e49\u0e40\u0e1e\u0e37\u0e48\u0e2d\u0e15\u0e2d\u0e1a\u0e2a\u0e19\u0e2d\u0e07\u0e04\u0e27\u0e32\u0e21\u0e15\u0e49\u0e2d\u0e07\u0e01\u0e32\u0e23\u0e02\u0e2d\u0e07\u0e2d\u0e38\u0e15\u0e2a\u0e32\u0e2b\u0e01\u0e23\u0e23\u0e21\u0e41\u0e25\u0e30\u0e15\u0e25\u0e32\u0e14\u0e17\u0e35\u0e48\u0e41\u0e15\u0e01\u0e15\u0e48\u0e32\u0e07\u0e01\u0e31\u0e19\u0e2a\u0e34\u0e19\u0e04\u0e49\u0e32\u0e17\u0e38\u0e01\u0e0a\u0e34\u0e49\u0e19\u0e1c\u0e48\u0e32\u0e19\u0e01\u0e32\u0e23\u0e15\u0e23\u0e27\u0e08\u0e2a\u0e2d\u0e1a\u0e04\u0e38\u0e13\u0e20\u0e32\u0e1e\u0e2d\u0e22\u0e48\u0e32\u0e07\u0e40\u0e02\u0e49\u0e21\u0e07\u0e27\u0e14\u0e40\u0e1e\u0e37\u0e48\u0e2d\u0e43\u0e2b\u0e49\u0e41\u0e19\u0e48\u0e43\u0e08\u0e27\u0e48\u0e32\u0e2a\u0e34\u0e19\u0e04\u0e49\u0e32\u0e15\u0e23\u0e07\u0e15\u0e32\u0e21\u0e21\u0e32\u0e15\u0e23\u0e10\u0e32\u0e19\u0e2a\u0e39\u0e07\u0e41\u0e25\u0e30\u0e2a\u0e32\u0e21\u0e32\u0e23\u0e16\u0e15\u0e2d\u0e1a\u0e2a\u0e19\u0e2d\u0e07\u0e04\u0e27\u0e32\u0e21\u0e15\u0e49\u0e2d\u0e07\u0e01\u0e32\u0e23\u0e17\u0e35\u0e48\u0e2b\u0e25\u0e32\u0e01\u0e2b\u0e25\u0e32\u0e22\u0e02\u0e2d\u0e07\u0e25\u0e39\u0e01\u0e04\u0e49\u0e32\u0e44\u0e14\u0e49<br \/>\n\u0e40\u0e23\u0e32\u0e44\u0e14\u0e49\u0e22\u0e36\u0e14\u0e21\u0e31\u0e48\u0e19\u0e43\u0e19\u0e2b\u0e25\u0e31\u0e01\u0e01\u0e32\u0e23 \"\u0e04\u0e38\u0e13\u0e20\u0e32\u0e1e\u0e40\u0e1b\u0e47\u0e19\u0e2d\u0e31\u0e19\u0e14\u0e31\u0e1a\u0e41\u0e23\u0e01\u0e41\u0e25\u0e30\u0e1a\u0e23\u0e34\u0e01\u0e32\u0e23\u0e40\u0e1b\u0e47\u0e19\u0e2a\u0e33\u0e04\u0e31\u0e0d\" \u0e21\u0e32\u0e42\u0e14\u0e22\u0e15\u0e25\u0e2d\u0e14 \u0e41\u0e25\u0e30\u0e21\u0e38\u0e48\u0e07\u0e21\u0e31\u0e48\u0e19\u0e17\u0e35\u0e48\u0e08\u0e30\u0e40\u0e1b\u0e47\u0e19\u0e1c\u0e39\u0e49\u0e08\u0e31\u0e14\u0e08\u0e33\u0e2b\u0e19\u0e48\u0e32\u0e22\u0e1c\u0e49\u0e32\u0e04\u0e25\u0e38\u0e21\u0e01\u0e31\u0e19\u0e19\u0e49\u0e33\u0e17\u0e35\u0e48\u0e44\u0e14\u0e49\u0e23\u0e31\u0e1a\u0e04\u0e27\u0e32\u0e21\u0e44\u0e27\u0e49\u0e27\u0e32\u0e07\u0e43\u0e08\u0e08\u0e32\u0e01\u0e25\u0e39\u0e01\u0e04\u0e49\u0e32\u0e17\u0e31\u0e48\u0e27\u0e42\u0e25\u0e01<br \/>\n\u0e2b\u0e32\u0e01\u0e04\u0e38\u0e13\u0e21\u0e35\u0e04\u0e33\u0e16\u0e32\u0e21\u0e43\u0e14 \u0e46 \u0e40\u0e01\u0e35\u0e48\u0e22\u0e27\u0e01\u0e31\u0e1a\u0e1c\u0e49\u0e32\u0e04\u0e25\u0e38\u0e21\u0e01\u0e31\u0e19\u0e19\u0e49\u0e33 <a href=\"https:\/\/toprisesafety.com\/th\/contact-us\/\">\u0e15\u0e34\u0e14\u0e15\u0e48\u0e2d\u0e40\u0e23\u0e32\u0e44\u0e14\u0e49\u0e2d\u0e22\u0e48\u0e32\u0e07\u0e2d\u0e34\u0e2a\u0e23\u0e30<\/a><\/p>","protected":false},"excerpt":{"rendered":"<p>Art No.:\u00a0KGC02<\/p>\n<p>Material:\u00a0210D\u00a0Oxford fabric with silver plating\u00a0or customized, 80g\/sqm or customized<\/p>\n<p>Water pressure: 1500 &#8211; 2000<\/p>\n<p>Size: 62\u00d7105 CM, 66\u00d770 CM, 70\u00d790 CM, 71\u00d765 CM, 77\u00d758 CM \u00a0or customized<\/p>\n<p>\u0e2a\u0e35: \u0e14\u0e33 \u0e2b\u0e23\u0e37\u0e2d\u0e1b\u0e23\u0e31\u0e1a\u0e41\u0e15\u0e48\u0e07\u0e15\u0e32\u0e21\u0e15\u0e49\u0e2d\u0e07\u0e01\u0e32\u0e23<\/p>\n<p>\u0e01\u0e32\u0e23\u0e1e\u0e34\u0e21\u0e1e\u0e4c\u0e42\u0e25\u0e42\u0e01\u0e49: \u0e21\u0e35\u0e43\u0e2b\u0e49\u0e40\u0e25\u0e37\u0e2d\u0e01<\/p>\n<p>\u0e08\u0e33\u0e19\u0e27\u0e19\u0e2a\u0e31\u0e48\u0e07\u0e02\u0e31\u0e49\u0e19\u0e15\u0e48\u0e33: 300 \u0e0a\u0e34\u0e49\u0e19<\/p>","protected":false},"featured_media":12841,"template":"","meta":{"_acf_changed":false},"product_brand":[],"product_cat":[371,401],"product_tag":[],"class_list":{"0":"post-12839","1":"product","2":"type-product","3":"status-publish","4":"has-post-thumbnail","6":"product_cat-outdoor-goods","7":"product_cat-waterproof-cover","9":"first","10":"instock","11":"shipping-taxable","12":"product-type-simple"},"acf":[],"_links":{"self":[{"href":"https:\/\/toprisesafety.com\/th\/wp-json\/wp\/v2\/product\/12839"}],"collection":[{"href":"https:\/\/toprisesafety.com\/th\/wp-json\/wp\/v2\/product"}],"about":[{"href":"https:\/\/toprisesafety.com\/th\/wp-json\/wp\/v2\/types\/product"}],"wp:featuredmedia":[{"embeddable":true,"href":"https:\/\/toprisesafety.com\/th\/wp-json\/wp\/v2\/media\/12841"}],"wp:attachment":[{"href":"https:\/\/toprisesafety.com\/th\/wp-json\/wp\/v2\/media?parent=12839"}],"wp:term":[{"taxonomy":"product_brand","embeddable":true,"href":"https:\/\/toprisesafety.com\/th\/wp-json\/wp\/v2\/product_brand?post=12839"},{"taxonomy":"product_cat","embeddable":true,"href":"https:\/\/toprisesafety.com\/th\/wp-json\/wp\/v2\/product_cat?post=12839"},{"taxonomy":"product_tag","embeddable":true,"href":"https:\/\/toprisesafety.com\/th\/wp-json\/wp\/v2\/product_tag?post=12839"}],"curies":[{"name":"wp","href":"https:\/\/api.w.org\/{rel}","templated":true}]}}