{"id":9206,"date":"2024-11-12T06:44:21","date_gmt":"2024-11-12T06:44:21","guid":{"rendered":"https:\/\/toprisesafety.com\/?post_type=product&#038;p=9206"},"modified":"2025-03-24T04:41:50","modified_gmt":"2025-03-24T04:41:50","slug":"best-welding-mask-auto-darkening","status":"publish","type":"product","link":"https:\/\/toprisesafety.com\/ru\/product\/best-welding-mask-auto-darkening\/","title":{"rendered":"\u041b\u0443\u0447\u0448\u0430\u044f \u0441\u0432\u0430\u0440\u043e\u0447\u043d\u0430\u044f \u043c\u0430\u0441\u043a\u0430 \u0441 \u0430\u0432\u0442\u043e\u043c\u0430\u0442\u0438\u0447\u0435\u0441\u043a\u0438\u043c \u0437\u0430\u0442\u0435\u043c\u043d\u0435\u043d\u0438\u0435\u043c"},"content":{"rendered":"<h2><strong><b>\u041b\u0443\u0447\u0448\u0430\u044f \u0441\u0432\u0430\u0440\u043e\u0447\u043d\u0430\u044f \u043c\u0430\u0441\u043a\u0430 \u0441 \u0430\u0432\u0442\u043e\u043c\u0430\u0442\u0438\u0447\u0435\u0441\u043a\u0438\u043c \u0437\u0430\u0442\u0435\u043c\u043d\u0435\u043d\u0438\u0435\u043c<\/b><\/strong><\/h2>\n<table>\n<tbody>\n<tr>\n<td width=\"284\">ART NO.<\/td>\n<td width=\"284\">WMA08<\/td>\n<\/tr>\n<tr>\n<td width=\"284\">\u0420\u0430\u0437\u043c\u0435\u0440 \u0444\u0438\u043b\u044c\u0442\u0440\u0430<\/td>\n<td width=\"284\">110\u00d790\u00d710 \u043c\u043c<\/td>\n<\/tr>\n<tr>\n<td width=\"284\">\u0410\u043a\u0442\u0438\u0432\u043d\u0430\u044f \u0437\u043e\u043d\u0430 \u043f\u0440\u043e\u0441\u043c\u043e\u0442\u0440\u0430<\/td>\n<td width=\"284\">93\u00d743 \u041c\u041c<\/td>\n<\/tr>\n<tr>\n<td width=\"284\">\u0421\u0432\u0435\u0442\u043b\u044b\u0439 \u0430\u0431\u0430\u0436\u0443\u0440<\/td>\n<td width=\"284\">DIN3<\/td>\n<\/tr>\n<tr>\n<td width=\"284\">\u0422\u0435\u043c\u043d\u044b\u0439 \u043e\u0442\u0442\u0435\u043d\u043e\u043a<\/td>\n<td width=\"284\">DIN9-13<\/td>\n<\/tr>\n<tr>\n<td width=\"284\">\u0420\u0435\u0433\u0443\u043b\u0438\u0440\u043e\u0432\u043a\u0430 \u0442\u0435\u043c\u043d\u043e\u0433\u043e \u0441\u043e\u0441\u0442\u043e\u044f\u043d\u0438\u044f<\/td>\n<td width=\"284\">\u0414\u0430<\/td>\n<\/tr>\n<tr>\n<td width=\"284\">\u0420\u0435\u0433\u0443\u043b\u0438\u0440\u043e\u0432\u043a\u0430 \u0447\u0443\u0432\u0441\u0442\u0432\u0438\u0442\u0435\u043b\u044c\u043d\u043e\u0441\u0442\u0438<\/td>\n<td width=\"284\">\u0414\u0430<\/td>\n<\/tr>\n<tr>\n<td width=\"284\">\u0412\u0440\u0435\u043c\u044f \u043f\u0435\u0440\u0435\u043a\u043b\u044e\u0447\u0435\u043d\u0438\u044f<\/td>\n<td width=\"284\">1\/25000S<\/td>\n<\/tr>\n<tr>\n<td width=\"284\">\u0412\u0440\u0435\u043c\u044f \u0437\u0430\u0434\u0435\u0440\u0436\u043a\u0438<\/td>\n<td width=\"284\">0,01 \u043c\u0441<\/td>\n<\/tr>\n<tr>\n<td width=\"284\">\u0418\u0441\u0442\u043e\u0447\u043d\u0438\u043a \u043f\u0438\u0442\u0430\u043d\u0438\u044f<\/td>\n<td width=\"284\">\u041b\u0438\u0442\u0438\u0435\u0432\u0430\u044f \u0431\u0430\u0442\u0430\u0440\u0435\u044f \u0438 \u0441\u043e\u043b\u043d\u0435\u0447\u043d\u0430\u044f \u0431\u0430\u0442\u0430\u0440\u0435\u044f<\/td>\n<\/tr>\n<tr>\n<td width=\"284\">\u0421\u043e\u043e\u0442\u0432\u0435\u0442\u0441\u0442\u0432\u0443\u044e\u0449\u0430\u044f \u0435\u043c\u043a\u043e\u0441\u0442\u044c \u043b\u0438\u0442\u0438\u0435\u0432\u043e\u0439 \u0431\u0430\u0442\u0430\u0440\u0435\u0438<\/td>\n<td width=\"284\">60 \u043c\u0410\u0447<\/td>\n<\/tr>\n<tr>\n<td width=\"284\">\u0420\u0430\u0431\u043e\u0447\u0438\u0439 \u043a\u043b\u0430\u0441\u0441 \u043f\u0440\u043e\u0442\u0438\u0432 \u0443\u043b\u044c\u0442\u0440\u0430\u0444\u0438\u043e\u043b\u0435\u0442\u043e\u0432\u043e\u0433\u043e \u0438\u0437\u043b\u0443\u0447\u0435\u043d\u0438\u044f<\/td>\n<td width=\"284\">DIN16<\/td>\n<\/tr>\n<tr>\n<td width=\"284\">\u0412\u0435\u0441<\/td>\n<td width=\"284\">400G\/PC<\/td>\n<\/tr>\n<tr>\n<td width=\"284\">\u0423\u043f\u0430\u043a\u043e\u0432\u043a\u0430<\/td>\n<td width=\"284\">\u041a\u0430\u0436\u0434\u044b\u0439 \u0448\u0442 \u043d\u0430 \u0443\u043f\u0430\u043a\u043e\u0432\u043a\u0435 \u043a\u043e\u0440\u043e\u0431\u043a\u0438 \u0446\u0432\u0435\u0442\u0430, 20PCS\/CTN<\/td>\n<\/tr>\n<tr>\n<td width=\"284\">\u0420\u0430\u0437\u043c\u0435\u0440 \u043a\u043e\u0440\u043e\u0431\u043a\u0438<\/td>\n<td width=\"284\">53\u00d750\u00d750CM<\/td>\n<\/tr>\n<tr>\n<td width=\"284\">N\/G.W<\/td>\n<td width=\"284\">8\/10KGS<\/td>\n<\/tr>\n<tr>\n<td width=\"284\">\u041e\u0431\u0441\u043b\u0443\u0436\u0438\u0432\u0430\u043d\u0438\u0435 OEM<\/td>\n<td width=\"284\">\u0414\u0430<\/td>\n<\/tr>\n<\/tbody>\n<\/table>\n<p>TOPRISE \u043f\u043e\u0434\u0434\u0435\u0440\u0436\u0438\u0432\u0430\u0435\u0442 \u0440\u0430\u0437\u043b\u0438\u0447\u043d\u044b\u0435 \u0441\u0442\u0438\u043b\u0438 \u0441\u0432\u0430\u0440\u043e\u0447\u043d\u044b\u0445 \u043c\u0430\u0441\u043e\u043a \u0438 \u0441\u0432\u0430\u0440\u043e\u0447\u043d\u044b\u0445 \u0448\u043b\u0435\u043c\u043e\u0432 \u043d\u0430 \u0437\u0430\u043a\u0430\u0437; \u043d\u0430\u0436\u043c\u0438\u0442\u0435, \u0447\u0442\u043e\u0431\u044b<a href=\"https:\/\/toprisesafety.com\/ru\/product-category\/personal-protective-equipment\/face-protection\/welding-helmet\/\"> \u041f\u043e\u0441\u043c\u043e\u0442\u0440\u0435\u0442\u044c \u0434\u0440\u0443\u0433\u0438\u0435 \u043c\u043e\u0434\u0435\u043b\u0438 \u0441\u0432\u0430\u0440\u043e\u0447\u043d\u044b\u0445 \u043c\u0430\u0441\u043e\u043a \u0438 \u0441\u0432\u0430\u0440\u043e\u0447\u043d\u044b\u0445 \u0448\u043b\u0435\u043c\u043e\u0432.<\/a><\/p>\n<p>\u0415\u0441\u043b\u0438 \u0432\u044b \u043d\u0435 \u043d\u0430\u0448\u043b\u0438 \u043d\u0435\u043e\u0431\u0445\u043e\u0434\u0438\u043c\u044b\u0435 \u0441\u0432\u0430\u0440\u043e\u0447\u043d\u044b\u0435 \u043c\u0430\u0441\u043a\u0438 \u0438 \u0441\u0432\u0430\u0440\u043e\u0447\u043d\u044b\u0435 \u0448\u043b\u0435\u043c\u044b, <a href=\"https:\/\/toprisesafety.com\/ru\/contact-us\/\">\u0441\u0432\u044f\u0437\u0430\u0442\u044c\u0441\u044f \u0441 \u043d\u0430\u043c\u0438<\/a>; \u043c\u044b \u043f\u043e\u0434\u0434\u0435\u0440\u0436\u0438\u0432\u0430\u0435\u043c \u0441\u043f\u0435\u0446\u0438\u0430\u043b\u044c\u043d\u0443\u044e \u043d\u0430\u0441\u0442\u0440\u043e\u0439\u043a\u0443.<\/p>","protected":false},"excerpt":{"rendered":"<p>Best Welding Mask Auto Darkening ART NO. WMA08 Filter Size 110\u00d790\u00d710mm Active Viewing Area 93\u00d743MM Light Shade DIN3 Dark Shade DIN9-13 Dark State Adjustment Yes SenSitivity Adjustment Yes Switching Time 1\/25000S Delay Time 0.01ms Power Supply Lithium battery &amp; Solar Supply Related Capcity of Lithium Battery 60mAh Operating Gradeaginst UVB DIN16 Weight 400G\/PC Packing Each [&hellip;]<\/p>","protected":false},"featured_media":9207,"template":"","meta":{"_acf_changed":false},"product_brand":[],"product_cat":[361,363,362],"product_tag":[],"class_list":{"0":"post-9206","1":"product","2":"type-product","3":"status-publish","4":"has-post-thumbnail","6":"product_cat-face-protection","7":"product_cat-auto-welding-helmet","8":"product_cat-welding-helmet","10":"first","11":"instock","12":"shipping-taxable","13":"product-type-simple"},"acf":[],"_links":{"self":[{"href":"https:\/\/toprisesafety.com\/ru\/wp-json\/wp\/v2\/product\/9206"}],"collection":[{"href":"https:\/\/toprisesafety.com\/ru\/wp-json\/wp\/v2\/product"}],"about":[{"href":"https:\/\/toprisesafety.com\/ru\/wp-json\/wp\/v2\/types\/product"}],"wp:featuredmedia":[{"embeddable":true,"href":"https:\/\/toprisesafety.com\/ru\/wp-json\/wp\/v2\/media\/9207"}],"wp:attachment":[{"href":"https:\/\/toprisesafety.com\/ru\/wp-json\/wp\/v2\/media?parent=9206"}],"wp:term":[{"taxonomy":"product_brand","embeddable":true,"href":"https:\/\/toprisesafety.com\/ru\/wp-json\/wp\/v2\/product_brand?post=9206"},{"taxonomy":"product_cat","embeddable":true,"href":"https:\/\/toprisesafety.com\/ru\/wp-json\/wp\/v2\/product_cat?post=9206"},{"taxonomy":"product_tag","embeddable":true,"href":"https:\/\/toprisesafety.com\/ru\/wp-json\/wp\/v2\/product_tag?post=9206"}],"curies":[{"name":"wp","href":"https:\/\/api.w.org\/{rel}","templated":true}]}}