{"id":9853,"date":"2024-12-02T08:22:17","date_gmt":"2024-12-02T08:22:17","guid":{"rendered":"https:\/\/toprisesafety.com\/?post_type=product&#038;p=9853"},"modified":"2025-03-17T04:01:37","modified_gmt":"2025-03-17T04:01:37","slug":"tactical-glasses","status":"publish","type":"product","link":"https:\/\/toprisesafety.com\/pt\/produto\/tactical-glasses\/","title":{"rendered":"\u00d3culos t\u00e1ticos"},"content":{"rendered":"<h2><strong><b>T<\/b><\/strong><strong><b>ac\u00e9tico <\/b><\/strong><strong><b>G<\/b><\/strong><strong><b>\u00f3culos<\/b><\/strong><\/h2>\n<table>\n<tbody>\n<tr>\n<td width=\"284\">ART NO.<\/td>\n<td width=\"329\">SG21<\/td>\n<\/tr>\n<tr>\n<td width=\"284\">Material<\/td>\n<td width=\"329\">Arma\u00e7\u00e3o de TPU + lente de malha de arame de ferro<\/td>\n<\/tr>\n<tr>\n<td width=\"284\">Tamanho<\/td>\n<td width=\"329\">Tamanho adulto padr\u00e3o<\/td>\n<\/tr>\n<tr>\n<td width=\"284\">Cor<\/td>\n<td width=\"329\">Arma\u00e7\u00e3o verde\/preta\/caqui + lente de malha preta<\/td>\n<\/tr>\n<tr>\n<td width=\"284\">Embalagem<\/td>\n<td width=\"329\">Saco pl\u00e1stico, cart\u00e3o de cabe\u00e7a, caixa blister, caixa colorida etc.<\/td>\n<\/tr>\n<tr>\n<td width=\"284\">Aplicativo<\/td>\n<td width=\"329\">F\u00e3s do ex\u00e9rcito, CS ao vivo, combate em campo, jogos t\u00e1ticos etc.<\/td>\n<\/tr>\n<\/tbody>\n<\/table>\n<p>A TOPRISE oferece suporte a v\u00e1rios estilos de personaliza\u00e7\u00e3o de \u00f3culos de seguran\u00e7a; clique para <a href=\"https:\/\/toprisesafety.com\/pt\/categoria-produto\/personal-protective-equipment\/eye-protection\/safety-goggles\/\">veja mais estilos de \u00f3culos de prote\u00e7\u00e3o<\/a>.<\/p>\n<p>Se voc\u00ea n\u00e3o encontrar os \u00f3culos de prote\u00e7\u00e3o necess\u00e1rios, <a href=\"https:\/\/toprisesafety.com\/pt\/contact-us\/\">Entre em contato conosco<\/a>Oferecemos suporte \u00e0 personaliza\u00e7\u00e3o especial.<\/p>","protected":false},"excerpt":{"rendered":"<p>N\u00ba do art.: SG22<\/p>\n<p>Material: Estrutura de TPU + lente de malha de arame de ferro<\/p>\n<p>Cor: arma\u00e7\u00e3o verde\/preta\/caqui + lente de malha preta<\/p>\n<p>Caracter\u00edstica: anti-impacto, prote\u00e7\u00e3o contra areia.<\/p>\n<p>Suporte a pacotes personalizados<\/p>\n<p>MOQ: 1000PCS, cor especial 3000PCS<\/p>","protected":false},"featured_media":9854,"template":"","meta":{"_acf_changed":false},"product_brand":[],"product_cat":[357,358],"product_tag":[],"class_list":{"0":"post-9853","1":"product","2":"type-product","3":"status-publish","4":"has-post-thumbnail","6":"product_cat-eye-protection","7":"product_cat-safety-goggles","9":"first","10":"instock","11":"shipping-taxable","12":"product-type-simple"},"acf":[],"_links":{"self":[{"href":"https:\/\/toprisesafety.com\/pt\/wp-json\/wp\/v2\/product\/9853"}],"collection":[{"href":"https:\/\/toprisesafety.com\/pt\/wp-json\/wp\/v2\/product"}],"about":[{"href":"https:\/\/toprisesafety.com\/pt\/wp-json\/wp\/v2\/types\/product"}],"wp:featuredmedia":[{"embeddable":true,"href":"https:\/\/toprisesafety.com\/pt\/wp-json\/wp\/v2\/media\/9854"}],"wp:attachment":[{"href":"https:\/\/toprisesafety.com\/pt\/wp-json\/wp\/v2\/media?parent=9853"}],"wp:term":[{"taxonomy":"product_brand","embeddable":true,"href":"https:\/\/toprisesafety.com\/pt\/wp-json\/wp\/v2\/product_brand?post=9853"},{"taxonomy":"product_cat","embeddable":true,"href":"https:\/\/toprisesafety.com\/pt\/wp-json\/wp\/v2\/product_cat?post=9853"},{"taxonomy":"product_tag","embeddable":true,"href":"https:\/\/toprisesafety.com\/pt\/wp-json\/wp\/v2\/product_tag?post=9853"}],"curies":[{"name":"wp","href":"https:\/\/api.w.org\/{rel}","templated":true}]}}