{"id":9646,"date":"2024-11-28T05:37:55","date_gmt":"2024-11-28T05:37:55","guid":{"rendered":"https:\/\/toprisesafety.com\/?post_type=product&#038;p=9646"},"modified":"2025-03-14T07:05:57","modified_gmt":"2025-03-14T07:05:57","slug":"safety-glasses-for-men","status":"publish","type":"product","link":"https:\/\/toprisesafety.com\/pt\/produto\/safety-glasses-for-men\/","title":{"rendered":"\u00d3culos de seguran\u00e7a para homens"},"content":{"rendered":"<h2><strong><b>\u00d3culos de seguran\u00e7a para homens<\/b><\/strong><\/h2>\n<table>\n<tbody>\n<tr>\n<td width=\"284\">ART NO.<\/td>\n<td width=\"284\">SG12<\/td>\n<\/tr>\n<tr>\n<td width=\"284\">Material<\/td>\n<td width=\"284\">Lentes e pernas de PC<\/td>\n<\/tr>\n<tr>\n<td width=\"284\">Fun\u00e7\u00e3o<\/td>\n<td width=\"284\">Anti-UV, anti-risco, anti-emba\u00e7ante para escolha<\/td>\n<\/tr>\n<tr>\n<td width=\"284\">Tamanho<\/td>\n<td width=\"284\">Tamanho adulto padr\u00e3o<\/td>\n<\/tr>\n<tr>\n<td width=\"284\">Cor<\/td>\n<td width=\"284\">Claro, cinza escuro, amarelo, azul, fulvo<\/td>\n<\/tr>\n<tr>\n<td width=\"284\">Embalagem<\/td>\n<td width=\"284\">Saco pl\u00e1stico, cart\u00e3o de cabe\u00e7a, caixa blister, caixa colorida etc.<\/td>\n<\/tr>\n<tr>\n<td width=\"284\">Aplicativo<\/td>\n<td width=\"284\">Constru\u00e7\u00e3o, industrial, minera\u00e7\u00e3o, agricultura, equita\u00e7\u00e3o, laborat\u00f3rio, militar, petr\u00f3leo etc.<\/td>\n<\/tr>\n<\/tbody>\n<\/table>\n<p>A TOPRISE oferece suporte a v\u00e1rios estilos de personaliza\u00e7\u00e3o de \u00f3culos de seguran\u00e7a e \u00f3culos de solda; clique para <a href=\"https:\/\/toprisesafety.com\/pt\/categoria-produto\/personal-protective-equipment\/eye-protection\/safety-glasses\/\">veja mais estilos de \u00f3culos de seguran\u00e7a e \u00f3culos de solda<\/a>.<\/p>\n<p>Se voc\u00ea n\u00e3o encontrar os \u00f3culos de seguran\u00e7a e de soldagem necess\u00e1rios, <a href=\"https:\/\/toprisesafety.com\/pt\/contact-us\/\">Entre em contato conosco<\/a>Oferecemos suporte \u00e0 personaliza\u00e7\u00e3o especial.<\/p>\n<p>&nbsp;<\/p>","protected":false},"excerpt":{"rendered":"<p>N\u00ba do art.: SG12<\/p>\n<p>Material: Lente e pernas de PC<\/p>\n<p>Cor: transparente, cinza escuro, amarelo, azul etc.<\/p>\n<p>Caracter\u00edsticas: Anti-UV, anti-riscos, anti-emba\u00e7ante para escolha<\/p>\n<p>Suporte a pacotes personalizados<\/p>\n<p>MOQ: 1200PCS, cor especial 3600PCS<\/p>","protected":false},"featured_media":9647,"template":"","meta":{"_acf_changed":false},"product_brand":[],"product_cat":[360,357],"product_tag":[],"class_list":{"0":"post-9646","1":"product","2":"type-product","3":"status-publish","4":"has-post-thumbnail","6":"product_cat-safety-glasses","7":"product_cat-eye-protection","9":"first","10":"instock","11":"shipping-taxable","12":"product-type-simple"},"acf":[],"_links":{"self":[{"href":"https:\/\/toprisesafety.com\/pt\/wp-json\/wp\/v2\/product\/9646"}],"collection":[{"href":"https:\/\/toprisesafety.com\/pt\/wp-json\/wp\/v2\/product"}],"about":[{"href":"https:\/\/toprisesafety.com\/pt\/wp-json\/wp\/v2\/types\/product"}],"wp:featuredmedia":[{"embeddable":true,"href":"https:\/\/toprisesafety.com\/pt\/wp-json\/wp\/v2\/media\/9647"}],"wp:attachment":[{"href":"https:\/\/toprisesafety.com\/pt\/wp-json\/wp\/v2\/media?parent=9646"}],"wp:term":[{"taxonomy":"product_brand","embeddable":true,"href":"https:\/\/toprisesafety.com\/pt\/wp-json\/wp\/v2\/product_brand?post=9646"},{"taxonomy":"product_cat","embeddable":true,"href":"https:\/\/toprisesafety.com\/pt\/wp-json\/wp\/v2\/product_cat?post=9646"},{"taxonomy":"product_tag","embeddable":true,"href":"https:\/\/toprisesafety.com\/pt\/wp-json\/wp\/v2\/product_tag?post=9646"}],"curies":[{"name":"wp","href":"https:\/\/api.w.org\/{rel}","templated":true}]}}