{"id":9214,"date":"2024-11-12T07:24:04","date_gmt":"2024-11-12T07:24:04","guid":{"rendered":"https:\/\/toprisesafety.com\/?post_type=product&#038;p=9214"},"modified":"2025-03-24T04:41:12","modified_gmt":"2025-03-24T04:41:12","slug":"solar-eclipse-welding-mask","status":"publish","type":"product","link":"https:\/\/toprisesafety.com\/pt\/produto\/solar-eclipse-welding-mask\/","title":{"rendered":"M\u00e1scara de soldagem Solar Eclipse"},"content":{"rendered":"<h2><strong><b>M\u00e1scara de soldagem Solar Eclipse<\/b><\/strong><\/h2>\n<table>\n<tbody>\n<tr>\n<td width=\"284\">ART NO.<\/td>\n<td width=\"284\">WMA08<\/td>\n<\/tr>\n<tr>\n<td width=\"284\">\u00c1rea de visualiza\u00e7\u00e3o ativa<\/td>\n<td width=\"284\">108\u00d750MM<\/td>\n<\/tr>\n<tr>\n<td width=\"284\">Sombra clara<\/td>\n<td width=\"284\">DIN3<\/td>\n<\/tr>\n<tr>\n<td width=\"284\">Sombra escura<\/td>\n<td width=\"284\">DIN9-13<\/td>\n<\/tr>\n<tr>\n<td width=\"284\">Ajuste do estado escuro<\/td>\n<td width=\"284\">N\u00c3O<\/td>\n<\/tr>\n<tr>\n<td width=\"284\">Ajuste de sensibilidade<\/td>\n<td width=\"284\">N\u00c3O<\/td>\n<\/tr>\n<tr>\n<td width=\"284\">Tempo de comuta\u00e7\u00e3o<\/td>\n<td width=\"284\">1\/25000S<\/td>\n<\/tr>\n<tr>\n<td width=\"284\">Tempo de atraso<\/td>\n<td width=\"284\">0,01ms<\/td>\n<\/tr>\n<tr>\n<td width=\"284\">Fonte de alimenta\u00e7\u00e3o<\/td>\n<td width=\"284\">Fornecimento de energia solar<\/td>\n<\/tr>\n<tr>\n<td width=\"284\">Peso<\/td>\n<td width=\"284\">300G\/PC<\/td>\n<\/tr>\n<tr>\n<td width=\"284\">Embalagem<\/td>\n<td width=\"284\">Cada unidade por embalagem de saco opp, 20 unidades\/CTN<\/td>\n<\/tr>\n<tr>\n<td width=\"284\">Tamanho da caixa<\/td>\n<td width=\"284\">50\u00d733\u00d765CM<\/td>\n<\/tr>\n<tr>\n<td width=\"284\">N\/G.W<\/td>\n<td width=\"284\">6\/7KGS<\/td>\n<\/tr>\n<tr>\n<td width=\"284\">Servi\u00e7o OEM<\/td>\n<td width=\"284\">Sim<\/td>\n<\/tr>\n<\/tbody>\n<\/table>\n<p>A TOPRISE oferece suporte a v\u00e1rios estilos de personaliza\u00e7\u00e3o de m\u00e1scaras de soldagem e capacetes de soldagem; clique para<a href=\"https:\/\/toprisesafety.com\/pt\/categoria-produto\/personal-protective-equipment\/face-protection\/welding-helmet\/\"> Veja mais estilos de m\u00e1scaras e capacetes de soldagem.<\/a><\/p>\n<p>Se voc\u00ea n\u00e3o encontrar as m\u00e1scaras e capacetes de soldagem necess\u00e1rios, <a href=\"https:\/\/toprisesafety.com\/pt\/contact-us\/\">Entre em contato conosco<\/a>Oferecemos suporte \u00e0 personaliza\u00e7\u00e3o especial.<\/p>","protected":false},"excerpt":{"rendered":"<p>N\u00ba do art.: WMA09<\/p>\n<p>Material: PP<\/p>\n<p>Cor: preto<\/p>\n<p>\u00c1rea de visualiza\u00e7\u00e3o ativa: 108\u00d750MM<\/p>\n<p>Sombra escura: Din 9-13<\/p>\n<p>Tamb\u00e9m temos uma m\u00e1scara normal de soldagem de desigh para escolha.<\/p>\n<p>MOQ: 60PCS<\/p>","protected":false},"featured_media":9216,"template":"","meta":{"_acf_changed":false},"product_brand":[],"product_cat":[361,363,362],"product_tag":[],"class_list":{"0":"post-9214","1":"product","2":"type-product","3":"status-publish","4":"has-post-thumbnail","6":"product_cat-face-protection","7":"product_cat-auto-welding-helmet","8":"product_cat-welding-helmet","10":"first","11":"instock","12":"shipping-taxable","13":"product-type-simple"},"acf":[],"_links":{"self":[{"href":"https:\/\/toprisesafety.com\/pt\/wp-json\/wp\/v2\/product\/9214"}],"collection":[{"href":"https:\/\/toprisesafety.com\/pt\/wp-json\/wp\/v2\/product"}],"about":[{"href":"https:\/\/toprisesafety.com\/pt\/wp-json\/wp\/v2\/types\/product"}],"wp:featuredmedia":[{"embeddable":true,"href":"https:\/\/toprisesafety.com\/pt\/wp-json\/wp\/v2\/media\/9216"}],"wp:attachment":[{"href":"https:\/\/toprisesafety.com\/pt\/wp-json\/wp\/v2\/media?parent=9214"}],"wp:term":[{"taxonomy":"product_brand","embeddable":true,"href":"https:\/\/toprisesafety.com\/pt\/wp-json\/wp\/v2\/product_brand?post=9214"},{"taxonomy":"product_cat","embeddable":true,"href":"https:\/\/toprisesafety.com\/pt\/wp-json\/wp\/v2\/product_cat?post=9214"},{"taxonomy":"product_tag","embeddable":true,"href":"https:\/\/toprisesafety.com\/pt\/wp-json\/wp\/v2\/product_tag?post=9214"}],"curies":[{"name":"wp","href":"https:\/\/api.w.org\/{rel}","templated":true}]}}