{"id":9206,"date":"2024-11-12T06:44:21","date_gmt":"2024-11-12T06:44:21","guid":{"rendered":"https:\/\/toprisesafety.com\/?post_type=product&#038;p=9206"},"modified":"2025-03-24T04:41:50","modified_gmt":"2025-03-24T04:41:50","slug":"best-welding-mask-auto-darkening","status":"publish","type":"product","link":"https:\/\/toprisesafety.com\/pt\/produto\/best-welding-mask-auto-darkening\/","title":{"rendered":"Melhor m\u00e1scara de soldagem com escurecimento autom\u00e1tico"},"content":{"rendered":"<h2><strong><b>Melhor m\u00e1scara de soldagem com escurecimento autom\u00e1tico<\/b><\/strong><\/h2>\n<table>\n<tbody>\n<tr>\n<td width=\"284\">ART NO.<\/td>\n<td width=\"284\">WMA08<\/td>\n<\/tr>\n<tr>\n<td width=\"284\">Tamanho do filtro<\/td>\n<td width=\"284\">110\u00d790\u00d710mm<\/td>\n<\/tr>\n<tr>\n<td width=\"284\">\u00c1rea de visualiza\u00e7\u00e3o ativa<\/td>\n<td width=\"284\">93\u00d743MM<\/td>\n<\/tr>\n<tr>\n<td width=\"284\">Sombra clara<\/td>\n<td width=\"284\">DIN3<\/td>\n<\/tr>\n<tr>\n<td width=\"284\">Sombra escura<\/td>\n<td width=\"284\">DIN9-13<\/td>\n<\/tr>\n<tr>\n<td width=\"284\">Ajuste do estado escuro<\/td>\n<td width=\"284\">Sim<\/td>\n<\/tr>\n<tr>\n<td width=\"284\">Ajuste de sensibilidade<\/td>\n<td width=\"284\">Sim<\/td>\n<\/tr>\n<tr>\n<td width=\"284\">Tempo de comuta\u00e7\u00e3o<\/td>\n<td width=\"284\">1\/25000S<\/td>\n<\/tr>\n<tr>\n<td width=\"284\">Tempo de atraso<\/td>\n<td width=\"284\">0,01ms<\/td>\n<\/tr>\n<tr>\n<td width=\"284\">Fonte de alimenta\u00e7\u00e3o<\/td>\n<td width=\"284\">Bateria de l\u00edtio e fonte solar<\/td>\n<\/tr>\n<tr>\n<td width=\"284\">Capacidade relacionada da bateria de l\u00edtio<\/td>\n<td width=\"284\">60mAh<\/td>\n<\/tr>\n<tr>\n<td width=\"284\">Grau de opera\u00e7\u00e3o contra UVB<\/td>\n<td width=\"284\">DIN16<\/td>\n<\/tr>\n<tr>\n<td width=\"284\">Peso<\/td>\n<td width=\"284\">400G\/PC<\/td>\n<\/tr>\n<tr>\n<td width=\"284\">Embalagem<\/td>\n<td width=\"284\">Cada unidade por embalagem de caixa colorida, 20 unidades\/CTN<\/td>\n<\/tr>\n<tr>\n<td width=\"284\">Tamanho da caixa<\/td>\n<td width=\"284\">53\u00d750\u00d750CM<\/td>\n<\/tr>\n<tr>\n<td width=\"284\">N\/G.W<\/td>\n<td width=\"284\">8\/10KGS<\/td>\n<\/tr>\n<tr>\n<td width=\"284\">Servi\u00e7o OEM<\/td>\n<td width=\"284\">Sim<\/td>\n<\/tr>\n<\/tbody>\n<\/table>\n<p>A TOPRISE oferece suporte a v\u00e1rios estilos de personaliza\u00e7\u00e3o de m\u00e1scaras de soldagem e capacetes de soldagem; clique para<a href=\"https:\/\/toprisesafety.com\/pt\/categoria-produto\/personal-protective-equipment\/face-protection\/welding-helmet\/\"> Veja mais estilos de m\u00e1scaras e capacetes de soldagem.<\/a><\/p>\n<p>Se voc\u00ea n\u00e3o encontrar as m\u00e1scaras e capacetes de soldagem necess\u00e1rios, <a href=\"https:\/\/toprisesafety.com\/pt\/contact-us\/\">Entre em contato conosco<\/a>Oferecemos suporte \u00e0 personaliza\u00e7\u00e3o especial.<\/p>","protected":false},"excerpt":{"rendered":"<p>Melhor m\u00e1scara de soldagem com escurecimento autom\u00e1tico ART NO. WMA08 Tamanho do filtro 110\u00d790\u00d710mm \u00c1rea de visualiza\u00e7\u00e3o ativa 93\u00d743MM Sombra clara DIN3 Sombra escura DIN9-13 Ajuste do estado de escurid\u00e3o Sim Ajuste da sensibilidade Sim Tempo de comuta\u00e7\u00e3o 1\/25000S Tempo de atraso 0,01ms Fonte de alimenta\u00e7\u00e3o Bateria de l\u00edtio e fonte solar Capacidade da bateria de l\u00edtio 60mAh Grau de opera\u00e7\u00e3o contra UVB DIN16 Peso 400G\/PC Embalagem [...]<\/p>","protected":false},"featured_media":9207,"template":"","meta":{"_acf_changed":false},"product_brand":[],"product_cat":[361,363,362],"product_tag":[],"class_list":{"0":"post-9206","1":"product","2":"type-product","3":"status-publish","4":"has-post-thumbnail","6":"product_cat-face-protection","7":"product_cat-auto-welding-helmet","8":"product_cat-welding-helmet","10":"first","11":"instock","12":"shipping-taxable","13":"product-type-simple"},"acf":[],"_links":{"self":[{"href":"https:\/\/toprisesafety.com\/pt\/wp-json\/wp\/v2\/product\/9206"}],"collection":[{"href":"https:\/\/toprisesafety.com\/pt\/wp-json\/wp\/v2\/product"}],"about":[{"href":"https:\/\/toprisesafety.com\/pt\/wp-json\/wp\/v2\/types\/product"}],"wp:featuredmedia":[{"embeddable":true,"href":"https:\/\/toprisesafety.com\/pt\/wp-json\/wp\/v2\/media\/9207"}],"wp:attachment":[{"href":"https:\/\/toprisesafety.com\/pt\/wp-json\/wp\/v2\/media?parent=9206"}],"wp:term":[{"taxonomy":"product_brand","embeddable":true,"href":"https:\/\/toprisesafety.com\/pt\/wp-json\/wp\/v2\/product_brand?post=9206"},{"taxonomy":"product_cat","embeddable":true,"href":"https:\/\/toprisesafety.com\/pt\/wp-json\/wp\/v2\/product_cat?post=9206"},{"taxonomy":"product_tag","embeddable":true,"href":"https:\/\/toprisesafety.com\/pt\/wp-json\/wp\/v2\/product_tag?post=9206"}],"curies":[{"name":"wp","href":"https:\/\/api.w.org\/{rel}","templated":true}]}}