{"id":9188,"date":"2024-11-12T06:27:59","date_gmt":"2024-11-12T06:27:59","guid":{"rendered":"https:\/\/toprisesafety.com\/?post_type=product&#038;p=9188"},"modified":"2025-03-24T04:43:49","modified_gmt":"2025-03-24T04:43:49","slug":"auto-dark-welding-mask","status":"publish","type":"product","link":"https:\/\/toprisesafety.com\/pt\/produto\/auto-dark-welding-mask\/","title":{"rendered":"M\u00e1scara de solda escura autom\u00e1tica"},"content":{"rendered":"<h2><strong><b>M\u00e1scara de solda escura autom\u00e1tica<\/b><\/strong><\/h2>\n<p><iframe title=\"M\u00e1scara de solda escura para autom\u00f3veis fabricada na China Toprise\" width=\"800\" height=\"450\" src=\"https:\/\/www.youtube.com\/embed\/wgprTePUpKE?feature=oembed\" frameborder=\"0\" allow=\"accelerometer; autoplay; clipboard-write; encrypted-media; gyroscope; picture-in-picture; web-share\" referrerpolicy=\"strict-origin-when-cross-origin\" allowfullscreen><\/iframe><\/p>\n<table>\n<tbody>\n<tr>\n<td width=\"284\">ART NO.<\/td>\n<td width=\"284\">WMA05<\/td>\n<\/tr>\n<tr>\n<td width=\"284\">Tamanho do filtro<\/td>\n<td width=\"284\">110\u00d790\u00d710MM<\/td>\n<\/tr>\n<tr>\n<td width=\"284\">\u00c1rea de visualiza\u00e7\u00e3o ativa<\/td>\n<td width=\"284\">92\u00d742MM<\/td>\n<\/tr>\n<tr>\n<td width=\"284\">Sombra clara<\/td>\n<td width=\"284\">DIN4<\/td>\n<\/tr>\n<tr>\n<td width=\"284\">Sombra escura<\/td>\n<td width=\"284\">DIN9-13<\/td>\n<\/tr>\n<tr>\n<td width=\"284\">Ajuste do estado escuro<\/td>\n<td width=\"284\">Ajuste externo<\/td>\n<\/tr>\n<tr>\n<td width=\"284\">Ajuste de sensibilidade<\/td>\n<td width=\"284\">Ajuste interno<\/td>\n<\/tr>\n<tr>\n<td width=\"284\">Tempo de comuta\u00e7\u00e3o<\/td>\n<td width=\"284\">1\/15000S<\/td>\n<\/tr>\n<tr>\n<td width=\"284\">Tempo de atraso<\/td>\n<td width=\"284\">0.1-12s<\/td>\n<\/tr>\n<tr>\n<td width=\"284\">Fonte de alimenta\u00e7\u00e3o<\/td>\n<td width=\"284\">Bateria de l\u00edtio e fonte solar<\/td>\n<\/tr>\n<tr>\n<td width=\"284\">Capacidade relacionada da bateria de l\u00edtio<\/td>\n<td width=\"284\">60mAh<\/td>\n<\/tr>\n<tr>\n<td width=\"284\">Grau de opera\u00e7\u00e3o contra UVB<\/td>\n<td width=\"284\">DIN16<\/td>\n<\/tr>\n<tr>\n<td width=\"284\">Peso<\/td>\n<td width=\"284\">445G\/PC<\/td>\n<\/tr>\n<tr>\n<td width=\"284\">Embalagem a granel<\/td>\n<td width=\"284\">Embalagem a granel, 20 unidades por caixa, 50\u00d733\u00d765CM<\/td>\n<\/tr>\n<tr>\n<td width=\"284\">Embalagem em caixa colorida<\/td>\n<td width=\"284\">Caixa colorida, 6 unidades por caixa, 80\u00d747\u00d741CM<\/td>\n<\/tr>\n<\/tbody>\n<\/table>\n<p>A TOPRISE oferece suporte a v\u00e1rios estilos de personaliza\u00e7\u00e3o de m\u00e1scaras de soldagem e capacetes de soldagem; clique para<a href=\"https:\/\/toprisesafety.com\/pt\/categoria-produto\/personal-protective-equipment\/face-protection\/welding-helmet\/\"> Veja mais estilos de m\u00e1scaras e capacetes de soldagem.<\/a><\/p>\n<p>Se voc\u00ea n\u00e3o encontrar as m\u00e1scaras e capacetes de soldagem necess\u00e1rios, <a href=\"https:\/\/toprisesafety.com\/pt\/contact-us\/\">Entre em contato conosco<\/a>Oferecemos suporte \u00e0 personaliza\u00e7\u00e3o especial.<\/p>","protected":false},"excerpt":{"rendered":"<p>N\u00ba do art.: WMA05<\/p>\n<p>Material: PP<\/p>\n<p>Cor: preto<\/p>\n<p>\u00c1rea de visualiza\u00e7\u00e3o ativa: 92*42MM<\/p>\n<p>Sombra escura: Din 9-13<\/p>\n<p>MOQ: 40PCS<\/p>","protected":false},"featured_media":9191,"template":"","meta":{"_acf_changed":false},"product_brand":[],"product_cat":[361,363,362],"product_tag":[],"class_list":{"0":"post-9188","1":"product","2":"type-product","3":"status-publish","4":"has-post-thumbnail","6":"product_cat-face-protection","7":"product_cat-auto-welding-helmet","8":"product_cat-welding-helmet","10":"first","11":"instock","12":"shipping-taxable","13":"product-type-simple"},"acf":[],"_links":{"self":[{"href":"https:\/\/toprisesafety.com\/pt\/wp-json\/wp\/v2\/product\/9188","targetHints":{"allow":["GET"]}}],"collection":[{"href":"https:\/\/toprisesafety.com\/pt\/wp-json\/wp\/v2\/product"}],"about":[{"href":"https:\/\/toprisesafety.com\/pt\/wp-json\/wp\/v2\/types\/product"}],"wp:featuredmedia":[{"embeddable":true,"href":"https:\/\/toprisesafety.com\/pt\/wp-json\/wp\/v2\/media\/9191"}],"wp:attachment":[{"href":"https:\/\/toprisesafety.com\/pt\/wp-json\/wp\/v2\/media?parent=9188"}],"wp:term":[{"taxonomy":"product_brand","embeddable":true,"href":"https:\/\/toprisesafety.com\/pt\/wp-json\/wp\/v2\/product_brand?post=9188"},{"taxonomy":"product_cat","embeddable":true,"href":"https:\/\/toprisesafety.com\/pt\/wp-json\/wp\/v2\/product_cat?post=9188"},{"taxonomy":"product_tag","embeddable":true,"href":"https:\/\/toprisesafety.com\/pt\/wp-json\/wp\/v2\/product_tag?post=9188"}],"curies":[{"name":"wp","href":"https:\/\/api.w.org\/{rel}","templated":true}]}}