{"id":9163,"date":"2024-11-12T02:15:22","date_gmt":"2024-11-12T02:15:22","guid":{"rendered":"https:\/\/toprisesafety.com\/?post_type=product&#038;p=9163"},"modified":"2025-03-24T04:44:39","modified_gmt":"2025-03-24T04:44:39","slug":"auto-darkening-welding-mask-2","status":"publish","type":"product","link":"https:\/\/toprisesafety.com\/pt\/produto\/auto-darkening-welding-mask-2\/","title":{"rendered":"M\u00e1scara de solda com escurecimento autom\u00e1tico"},"content":{"rendered":"<h2>M\u00e1scara de solda com escurecimento autom\u00e1tico<\/h2>\n<table>\n<tbody>\n<tr>\n<td width=\"284\">ART NO.<\/td>\n<td width=\"284\">WM10<\/td>\n<\/tr>\n<tr>\n<td width=\"284\">Material<\/td>\n<td width=\"284\">Parte superior em PP + protetor facial em PC<\/td>\n<\/tr>\n<tr>\n<td width=\"284\">N\u00famero da sombra<\/td>\n<td width=\"284\">auto #9-#13<\/td>\n<\/tr>\n<tr>\n<td width=\"284\">Tamanho do produto<\/td>\n<td width=\"284\">23\u00d732CM<\/td>\n<\/tr>\n<tr>\n<td width=\"284\">Quantidade de caixas<\/td>\n<td width=\"284\">1PC por embalagem de caixa colorida, 20PCS por caixa<\/td>\n<\/tr>\n<tr>\n<td width=\"284\">Tamanho da caixa<\/td>\n<td width=\"284\">57\u00d750\u00d752CM<\/td>\n<\/tr>\n<tr>\n<td width=\"284\">N\/G.W<\/td>\n<td width=\"284\">12\/13KGS<\/td>\n<\/tr>\n<tr>\n<td width=\"284\">Aplicativo<\/td>\n<td width=\"284\">Prote\u00e7\u00e3o, soldagem, corte, engenharia<\/td>\n<\/tr>\n<\/tbody>\n<\/table>\n<p>A TOPRISE oferece suporte a v\u00e1rios estilos de personaliza\u00e7\u00e3o de m\u00e1scaras de soldagem e capacetes de soldagem; clique para<a href=\"https:\/\/toprisesafety.com\/pt\/categoria-produto\/personal-protective-equipment\/face-protection\/welding-helmet\/\"> Veja mais estilos de m\u00e1scaras e capacetes de soldagem.<\/a><\/p>\n<p>Se voc\u00ea n\u00e3o encontrar as m\u00e1scaras e capacetes de soldagem necess\u00e1rios, <a href=\"https:\/\/toprisesafety.com\/pt\/contact-us\/\">Entre em contato conosco<\/a>Oferecemos suporte \u00e0 personaliza\u00e7\u00e3o especial.<\/p>","protected":false},"excerpt":{"rendered":"<p>N\u00ba do art.: WM10<\/p>\n<p>Material: TOPO EM PP + PROTE\u00c7\u00c3O FACIAL EM PC<\/p>\n<p>Cor: PRETO+VERDE<\/p>\n<p>N\u00ba da sombra: auto #9-#13<\/p>\n<p>MOQ: 500PCS<\/p>","protected":false},"featured_media":9164,"template":"","meta":{"_acf_changed":false},"product_brand":[],"product_cat":[361,364,362],"product_tag":[],"class_list":{"0":"post-9163","1":"product","2":"type-product","3":"status-publish","4":"has-post-thumbnail","6":"product_cat-face-protection","7":"product_cat-normal-welding-helmet","8":"product_cat-welding-helmet","10":"first","11":"instock","12":"shipping-taxable","13":"product-type-simple"},"acf":[],"_links":{"self":[{"href":"https:\/\/toprisesafety.com\/pt\/wp-json\/wp\/v2\/product\/9163"}],"collection":[{"href":"https:\/\/toprisesafety.com\/pt\/wp-json\/wp\/v2\/product"}],"about":[{"href":"https:\/\/toprisesafety.com\/pt\/wp-json\/wp\/v2\/types\/product"}],"wp:featuredmedia":[{"embeddable":true,"href":"https:\/\/toprisesafety.com\/pt\/wp-json\/wp\/v2\/media\/9164"}],"wp:attachment":[{"href":"https:\/\/toprisesafety.com\/pt\/wp-json\/wp\/v2\/media?parent=9163"}],"wp:term":[{"taxonomy":"product_brand","embeddable":true,"href":"https:\/\/toprisesafety.com\/pt\/wp-json\/wp\/v2\/product_brand?post=9163"},{"taxonomy":"product_cat","embeddable":true,"href":"https:\/\/toprisesafety.com\/pt\/wp-json\/wp\/v2\/product_cat?post=9163"},{"taxonomy":"product_tag","embeddable":true,"href":"https:\/\/toprisesafety.com\/pt\/wp-json\/wp\/v2\/product_tag?post=9163"}],"curies":[{"name":"wp","href":"https:\/\/api.w.org\/{rel}","templated":true}]}}