{"id":9159,"date":"2024-11-12T02:10:44","date_gmt":"2024-11-12T02:10:44","guid":{"rendered":"https:\/\/toprisesafety.com\/?post_type=product&#038;p=9159"},"modified":"2025-03-24T04:45:08","modified_gmt":"2025-03-24T04:45:08","slug":"personalised-welding-mask","status":"publish","type":"product","link":"https:\/\/toprisesafety.com\/pt\/produto\/personalised-welding-mask\/","title":{"rendered":"M\u00e1scara de solda personalizada"},"content":{"rendered":"<h2>M\u00e1scara de solda personalizada<\/h2>\n<table>\n<tbody>\n<tr>\n<td width=\"284\">ART NO.<\/td>\n<td width=\"284\">WM10<\/td>\n<\/tr>\n<tr>\n<td width=\"284\">Material<\/td>\n<td width=\"284\">PC<\/td>\n<\/tr>\n<tr>\n<td width=\"284\">N\u00famero da sombra<\/td>\n<td width=\"284\">#7 preto (#7-#14 \u00e0 escolha)<\/td>\n<\/tr>\n<tr>\n<td width=\"284\">Tamanho do produto<\/td>\n<td width=\"284\">18,8\u00d717,8 CM<\/td>\n<\/tr>\n<tr>\n<td width=\"284\">Quantidade de caixas<\/td>\n<td width=\"284\">1 unidade por embalagem de cor neutra, 25 unidades por caixa<\/td>\n<\/tr>\n<tr>\n<td width=\"284\">Tamanho da caixa<\/td>\n<td width=\"284\">50\u00d740\u00d740CM<\/td>\n<\/tr>\n<tr>\n<td width=\"284\">N\/G.W<\/td>\n<td width=\"284\">6,04\/6,5KGS<\/td>\n<\/tr>\n<tr>\n<td width=\"284\">Aplicativo<\/td>\n<td width=\"284\">Prote\u00e7\u00e3o, soldagem, corte, engenharia<\/td>\n<\/tr>\n<\/tbody>\n<\/table>\n<p>A TOPRISE oferece suporte a v\u00e1rios estilos de personaliza\u00e7\u00e3o de m\u00e1scaras de soldagem e capacetes de soldagem; clique para<a href=\"https:\/\/toprisesafety.com\/pt\/categoria-produto\/personal-protective-equipment\/face-protection\/welding-helmet\/\"> Veja mais estilos de m\u00e1scaras e capacetes de soldagem.<\/a><\/p>\n<p>Se voc\u00ea n\u00e3o encontrar as m\u00e1scaras e capacetes de soldagem necess\u00e1rios, <a href=\"https:\/\/toprisesafety.com\/pt\/contact-us\/\">Entre em contato conosco<\/a>Oferecemos suporte \u00e0 personaliza\u00e7\u00e3o especial.<\/p>","protected":false},"excerpt":{"rendered":"<p>N\u00ba do art.: WM10<\/p>\n<p>Material: PC<\/p>\n<p>Cor: preto<\/p>\n<p>N\u00famero da sombra: #7<\/p>\n<p>MOQ: 500PCS (se for necess\u00e1rio personalizar o n\u00famero da tonalidade, ser\u00e1 necess\u00e1rio MOQ 1000 pcs)<\/p>","protected":false},"featured_media":9160,"template":"","meta":{"_acf_changed":false},"product_brand":[],"product_cat":[361,364,362],"product_tag":[],"class_list":{"0":"post-9159","1":"product","2":"type-product","3":"status-publish","4":"has-post-thumbnail","6":"product_cat-face-protection","7":"product_cat-normal-welding-helmet","8":"product_cat-welding-helmet","10":"first","11":"instock","12":"shipping-taxable","13":"product-type-simple"},"acf":[],"_links":{"self":[{"href":"https:\/\/toprisesafety.com\/pt\/wp-json\/wp\/v2\/product\/9159"}],"collection":[{"href":"https:\/\/toprisesafety.com\/pt\/wp-json\/wp\/v2\/product"}],"about":[{"href":"https:\/\/toprisesafety.com\/pt\/wp-json\/wp\/v2\/types\/product"}],"wp:featuredmedia":[{"embeddable":true,"href":"https:\/\/toprisesafety.com\/pt\/wp-json\/wp\/v2\/media\/9160"}],"wp:attachment":[{"href":"https:\/\/toprisesafety.com\/pt\/wp-json\/wp\/v2\/media?parent=9159"}],"wp:term":[{"taxonomy":"product_brand","embeddable":true,"href":"https:\/\/toprisesafety.com\/pt\/wp-json\/wp\/v2\/product_brand?post=9159"},{"taxonomy":"product_cat","embeddable":true,"href":"https:\/\/toprisesafety.com\/pt\/wp-json\/wp\/v2\/product_cat?post=9159"},{"taxonomy":"product_tag","embeddable":true,"href":"https:\/\/toprisesafety.com\/pt\/wp-json\/wp\/v2\/product_tag?post=9159"}],"curies":[{"name":"wp","href":"https:\/\/api.w.org\/{rel}","templated":true}]}}