{"id":9140,"date":"2024-11-12T01:51:12","date_gmt":"2024-11-12T01:51:12","guid":{"rendered":"https:\/\/toprisesafety.com\/?post_type=product&#038;p=9140"},"modified":"2025-03-24T04:47:14","modified_gmt":"2025-03-24T04:47:14","slug":"weld-mask","status":"publish","type":"product","link":"https:\/\/toprisesafety.com\/pt\/produto\/weld-mask\/","title":{"rendered":"M\u00e1scara de solda"},"content":{"rendered":"<h2>M\u00e1scara de solda<\/h2>\n<table>\n<tbody>\n<tr>\n<td width=\"284\">ART NO.<\/td>\n<td width=\"284\">WM07<\/td>\n<\/tr>\n<tr>\n<td width=\"284\">Material<\/td>\n<td width=\"284\">Red vulcanized fibre paper<\/td>\n<\/tr>\n<tr>\n<td width=\"284\">N\u00famero da sombra<\/td>\n<td width=\"284\">#8 preto<\/td>\n<\/tr>\n<tr>\n<td width=\"284\">Tamanho do produto<\/td>\n<td width=\"284\">40\u00d724.5CM or 40\u00d723CM<\/td>\n<\/tr>\n<tr>\n<td width=\"284\">Peso do produto<\/td>\n<td width=\"284\">300\/310G\/PC<\/td>\n<\/tr>\n<tr>\n<td width=\"284\">Quantidade de caixas<\/td>\n<td width=\"284\">1PC por saco pl\u00e1stico, 50PCS por caixa<\/td>\n<\/tr>\n<tr>\n<td width=\"284\">Tamanho da caixa<\/td>\n<td width=\"284\">60\u00d750\u00d731CM<\/td>\n<\/tr>\n<tr>\n<td width=\"284\">N\/G.W<\/td>\n<td width=\"284\">13.92\/14.5KG<\/td>\n<\/tr>\n<tr>\n<td width=\"284\">Aplicativo<\/td>\n<td width=\"284\">Protection, welding,\u00a0 cutting, engineering<\/td>\n<\/tr>\n<\/tbody>\n<\/table>\n<p>A TOPRISE oferece suporte a v\u00e1rios estilos de personaliza\u00e7\u00e3o de m\u00e1scaras de soldagem e capacetes de soldagem; clique para<a href=\"https:\/\/toprisesafety.com\/pt\/categoria-produto\/personal-protective-equipment\/face-protection\/welding-helmet\/\"> Veja mais estilos de m\u00e1scaras e capacetes de soldagem.<\/a><\/p>\n<p>Se voc\u00ea n\u00e3o encontrar as m\u00e1scaras e capacetes de soldagem necess\u00e1rios, <a href=\"https:\/\/toprisesafety.com\/pt\/contact-us\/\">Entre em contato conosco<\/a>Oferecemos suporte \u00e0 personaliza\u00e7\u00e3o especial.<\/p>","protected":false},"excerpt":{"rendered":"<p>Art No.: WM07<\/p>\n<p>Material: Red vulcanized fibre paper<\/p>\n<p>Cor: vermelho<\/p>\n<p>N\u00ba da sombra: #8<\/p>\n<p>MOQ: 500PCS<\/p>","protected":false},"featured_media":9141,"template":"","meta":{"_acf_changed":false},"product_brand":[],"product_cat":[361,364,362],"product_tag":[],"class_list":{"0":"post-9140","1":"product","2":"type-product","3":"status-publish","4":"has-post-thumbnail","6":"product_cat-face-protection","7":"product_cat-normal-welding-helmet","8":"product_cat-welding-helmet","10":"first","11":"instock","12":"shipping-taxable","13":"product-type-simple"},"acf":[],"_links":{"self":[{"href":"https:\/\/toprisesafety.com\/pt\/wp-json\/wp\/v2\/product\/9140"}],"collection":[{"href":"https:\/\/toprisesafety.com\/pt\/wp-json\/wp\/v2\/product"}],"about":[{"href":"https:\/\/toprisesafety.com\/pt\/wp-json\/wp\/v2\/types\/product"}],"wp:featuredmedia":[{"embeddable":true,"href":"https:\/\/toprisesafety.com\/pt\/wp-json\/wp\/v2\/media\/9141"}],"wp:attachment":[{"href":"https:\/\/toprisesafety.com\/pt\/wp-json\/wp\/v2\/media?parent=9140"}],"wp:term":[{"taxonomy":"product_brand","embeddable":true,"href":"https:\/\/toprisesafety.com\/pt\/wp-json\/wp\/v2\/product_brand?post=9140"},{"taxonomy":"product_cat","embeddable":true,"href":"https:\/\/toprisesafety.com\/pt\/wp-json\/wp\/v2\/product_cat?post=9140"},{"taxonomy":"product_tag","embeddable":true,"href":"https:\/\/toprisesafety.com\/pt\/wp-json\/wp\/v2\/product_tag?post=9140"}],"curies":[{"name":"wp","href":"https:\/\/api.w.org\/{rel}","templated":true}]}}