{"id":9081,"date":"2024-11-08T06:42:28","date_gmt":"2024-11-08T06:42:28","guid":{"rendered":"https:\/\/toprisesafety.com\/?post_type=product&#038;p=9081"},"modified":"2025-03-24T04:29:53","modified_gmt":"2025-03-24T04:29:53","slug":"garden-face-shield","status":"publish","type":"product","link":"https:\/\/toprisesafety.com\/pt\/produto\/garden-face-shield\/","title":{"rendered":"Protetor facial para jardim"},"content":{"rendered":"<h2><strong><b>Protetor facial para jardim <\/b><\/strong><\/h2>\n<table>\n<tbody>\n<tr>\n<td width=\"284\"><strong><b>ART NO.<\/b><\/strong><\/td>\n<td width=\"284\">FS11<\/td>\n<\/tr>\n<tr>\n<td width=\"284\"><strong><b>Topo<\/b><\/strong><strong><b>\u00a0Material <\/b><\/strong><\/td>\n<td width=\"284\">PP<\/td>\n<\/tr>\n<tr>\n<td width=\"284\"><strong><b>Material da viseira <\/b><\/strong><\/td>\n<td width=\"284\">PVC transparente + malha de arame de a\u00e7o preto<\/td>\n<\/tr>\n<tr>\n<td width=\"284\"><strong><b>Tamanho da viseira<\/b><\/strong><\/td>\n<td width=\"284\">33,5 \u00d7 20,0 CM<\/td>\n<\/tr>\n<tr>\n<td width=\"284\"><strong><b>Cor da viseira<\/b><\/strong><\/td>\n<td width=\"284\">Preto<\/td>\n<\/tr>\n<tr>\n<td width=\"284\"><strong><b>Equipamento para a cabe\u00e7a<\/b><\/strong><\/td>\n<td width=\"284\">Turbilh\u00e3o de catraca<\/td>\n<\/tr>\n<tr>\n<td width=\"284\"><strong><b>Aplicativo<\/b><\/strong><\/td>\n<td width=\"284\">Prote\u00e7\u00e3o contra poeira e areia<\/td>\n<\/tr>\n<tr>\n<td width=\"284\"><strong><b>\u00c1rea usada<\/b><\/strong><\/td>\n<td width=\"284\">Jardim, madeira, constru\u00e7\u00e3o, etc.<\/td>\n<\/tr>\n<tr>\n<td width=\"284\"><strong><b>Embalagem<\/b><\/strong><\/td>\n<td width=\"284\">1 PC por saco opp, 50 PCS por caixa<\/td>\n<\/tr>\n<tr>\n<td width=\"284\"><strong><b>Tamanho da caixa<\/b><\/strong><\/td>\n<td width=\"284\">58\u00d756\u00d747CM<\/td>\n<\/tr>\n<tr>\n<td width=\"284\"><strong><b>N\/G.W<\/b><\/strong><\/td>\n<td width=\"284\">12.1\/12.6KGS<\/td>\n<\/tr>\n<\/tbody>\n<\/table>\n<p>A TOPRISE oferece suporte a v\u00e1rios estilos de personaliza\u00e7\u00e3o de protetores faciais; clique para <a href=\"https:\/\/toprisesafety.com\/pt\/categoria-produto\/personal-protective-equipment\/face-protection\/face-shield\/\">veja mais estilos de protetores faciais<\/a>.<\/p>\n<p>Se voc\u00ea n\u00e3o encontrar os protetores faciais necess\u00e1rios, <a href=\"https:\/\/toprisesafety.com\/pt\/contact-us\/\">Entre em contato conosco<\/a>Oferecemos suporte \u00e0 personaliza\u00e7\u00e3o especial.<\/p>","protected":false},"excerpt":{"rendered":"<p><strong><b>N\u00ba do art.<\/b><\/strong>\u00a0:FS11<\/p>\n<p><strong><b>Topo<\/b><\/strong><strong><b>\u00a0material<\/b><\/strong>: PP<\/p>\n<p><strong><b>Material da viseira<\/b><\/strong>\u00a0: PVC transparente + malha de arame de a\u00e7o preto<\/p>\n<p><strong><b>Tamanho da viseira<\/b><\/strong>: 33,5*20,0CM<\/p>\n<p><strong><b>Capacete<\/b><\/strong>: girar a catraca para tr\u00e1s<\/p>\n<p><strong><b>MOQ<\/b><\/strong>: 500 PCS<\/p>","protected":false},"featured_media":9082,"template":"","meta":{"_acf_changed":false},"product_brand":[],"product_cat":[365,361],"product_tag":[],"class_list":{"0":"post-9081","1":"product","2":"type-product","3":"status-publish","4":"has-post-thumbnail","6":"product_cat-face-shield","7":"product_cat-face-protection","9":"first","10":"instock","11":"shipping-taxable","12":"product-type-simple"},"acf":[],"_links":{"self":[{"href":"https:\/\/toprisesafety.com\/pt\/wp-json\/wp\/v2\/product\/9081","targetHints":{"allow":["GET"]}}],"collection":[{"href":"https:\/\/toprisesafety.com\/pt\/wp-json\/wp\/v2\/product"}],"about":[{"href":"https:\/\/toprisesafety.com\/pt\/wp-json\/wp\/v2\/types\/product"}],"wp:featuredmedia":[{"embeddable":true,"href":"https:\/\/toprisesafety.com\/pt\/wp-json\/wp\/v2\/media\/9082"}],"wp:attachment":[{"href":"https:\/\/toprisesafety.com\/pt\/wp-json\/wp\/v2\/media?parent=9081"}],"wp:term":[{"taxonomy":"product_brand","embeddable":true,"href":"https:\/\/toprisesafety.com\/pt\/wp-json\/wp\/v2\/product_brand?post=9081"},{"taxonomy":"product_cat","embeddable":true,"href":"https:\/\/toprisesafety.com\/pt\/wp-json\/wp\/v2\/product_cat?post=9081"},{"taxonomy":"product_tag","embeddable":true,"href":"https:\/\/toprisesafety.com\/pt\/wp-json\/wp\/v2\/product_tag?post=9081"}],"curies":[{"name":"wp","href":"https:\/\/api.w.org\/{rel}","templated":true}]}}