{"id":9077,"date":"2024-11-08T06:39:04","date_gmt":"2024-11-08T06:39:04","guid":{"rendered":"https:\/\/toprisesafety.com\/?post_type=product&#038;p=9077"},"modified":"2025-03-24T04:28:00","modified_gmt":"2025-03-24T04:28:00","slug":"protective-shield-face","status":"publish","type":"product","link":"https:\/\/toprisesafety.com\/pt\/produto\/protective-shield-face\/","title":{"rendered":"Escudo de prote\u00e7\u00e3o facial"},"content":{"rendered":"<h2><strong><b>Escudo de prote\u00e7\u00e3o facial<\/b><\/strong><\/h2>\n<table>\n<tbody>\n<tr>\n<td width=\"284\"><strong><b>ART NO.<\/b><\/strong><\/td>\n<td width=\"284\">FS10<\/td>\n<\/tr>\n<tr>\n<td width=\"284\"><strong><b>Material <\/b><\/strong><\/td>\n<td width=\"284\">PP<\/td>\n<\/tr>\n<tr>\n<td width=\"284\"><strong><b>Cor da viseira<\/b><\/strong><\/td>\n<td width=\"284\">Transparente\/azul\/tawny<\/td>\n<\/tr>\n<tr>\n<td width=\"284\"><strong><b>Cabe\u00e7a<\/b><\/strong><strong><b>g<\/b><\/strong><strong><b>orelha<\/b><\/strong><\/td>\n<td width=\"284\">Fivela com pino<\/td>\n<\/tr>\n<tr>\n<td width=\"284\"><strong><b>Aplicativo<\/b><\/strong><\/td>\n<td width=\"284\">Prote\u00e7\u00e3o contra luz intensa, respingos de produtos qu\u00edmicos e poeira<\/td>\n<\/tr>\n<tr>\n<td width=\"284\"><strong><b>\u00c1rea usada<\/b><\/strong><\/td>\n<td width=\"284\">Prote\u00e7\u00e3o contra poeira e areia.<\/td>\n<\/tr>\n<tr>\n<td width=\"284\"><strong><b>Embalagem<\/b><\/strong><\/td>\n<td width=\"284\">1 PC por saco opp, 60 PC por caixa<\/td>\n<\/tr>\n<tr>\n<td width=\"284\"><strong><b>Tamanho da caixa<\/b><\/strong><\/td>\n<td width=\"284\">53\u00d741\u00d761CM<\/td>\n<\/tr>\n<tr>\n<td width=\"284\"><strong><b>N\/G.W<\/b><\/strong><\/td>\n<td width=\"284\">23\/24KGS<\/td>\n<\/tr>\n<\/tbody>\n<\/table>\n<p>A TOPRISE oferece suporte a v\u00e1rios estilos de personaliza\u00e7\u00e3o de protetores faciais; clique para <a href=\"https:\/\/toprisesafety.com\/pt\/categoria-produto\/personal-protective-equipment\/face-protection\/face-shield\/\">veja mais estilos de protetores faciais<\/a>.<\/p>\n<p>Se voc\u00ea n\u00e3o encontrar os protetores faciais necess\u00e1rios, <a href=\"https:\/\/toprisesafety.com\/pt\/contact-us\/\">Entre em contato conosco<\/a>Oferecemos suporte \u00e0 personaliza\u00e7\u00e3o especial.<\/p>","protected":false},"excerpt":{"rendered":"<p><strong><b>N\u00ba do art.<\/b><\/strong>\u00a0:FS10<\/p>\n<p><strong><b>M<\/b><\/strong><strong><b>material<\/b><\/strong>:  PC<\/p>\n<p><strong><b>Viseira <\/b><\/strong><strong><b>cor:<\/b><\/strong>\u00a0claro\/azul\/tawny<\/p>\n<p><strong><b>Tamanho da viseira<\/b><\/strong>: 31*22,5CM<\/p>\n<p><strong><b>Capacete<\/b><\/strong>: fivela de pino<\/p>\n<p><strong><b>MOQ<\/b><\/strong>: 500 PCS<\/p>","protected":false},"featured_media":9078,"template":"","meta":{"_acf_changed":false},"product_brand":[],"product_cat":[365,361],"product_tag":[],"class_list":{"0":"post-9077","1":"product","2":"type-product","3":"status-publish","4":"has-post-thumbnail","6":"product_cat-face-shield","7":"product_cat-face-protection","9":"first","10":"instock","11":"shipping-taxable","12":"product-type-simple"},"acf":[],"_links":{"self":[{"href":"https:\/\/toprisesafety.com\/pt\/wp-json\/wp\/v2\/product\/9077"}],"collection":[{"href":"https:\/\/toprisesafety.com\/pt\/wp-json\/wp\/v2\/product"}],"about":[{"href":"https:\/\/toprisesafety.com\/pt\/wp-json\/wp\/v2\/types\/product"}],"wp:featuredmedia":[{"embeddable":true,"href":"https:\/\/toprisesafety.com\/pt\/wp-json\/wp\/v2\/media\/9078"}],"wp:attachment":[{"href":"https:\/\/toprisesafety.com\/pt\/wp-json\/wp\/v2\/media?parent=9077"}],"wp:term":[{"taxonomy":"product_brand","embeddable":true,"href":"https:\/\/toprisesafety.com\/pt\/wp-json\/wp\/v2\/product_brand?post=9077"},{"taxonomy":"product_cat","embeddable":true,"href":"https:\/\/toprisesafety.com\/pt\/wp-json\/wp\/v2\/product_cat?post=9077"},{"taxonomy":"product_tag","embeddable":true,"href":"https:\/\/toprisesafety.com\/pt\/wp-json\/wp\/v2\/product_tag?post=9077"}],"curies":[{"name":"wp","href":"https:\/\/api.w.org\/{rel}","templated":true}]}}