{"id":9067,"date":"2024-11-08T06:32:51","date_gmt":"2024-11-08T06:32:51","guid":{"rendered":"https:\/\/toprisesafety.com\/?post_type=product&#038;p=9067"},"modified":"2025-03-24T04:31:01","modified_gmt":"2025-03-24T04:31:01","slug":"half-face-mask","status":"publish","type":"product","link":"https:\/\/toprisesafety.com\/pt\/produto\/half-face-mask\/","title":{"rendered":"Meia m\u00e1scara facial"},"content":{"rendered":"<h2><strong><b>Meia m\u00e1scara facial<\/b><\/strong><\/h2>\n<table style=\"height: 626px;\" width=\"702\">\n<tbody>\n<tr>\n<td width=\"284\"><strong><b>ART NO.<\/b><\/strong><\/td>\n<td width=\"284\">FS08<\/td>\n<\/tr>\n<tr>\n<td width=\"284\"><strong><b>Moldura<\/b><\/strong><strong><b>\u00a0Material <\/b><\/strong><\/td>\n<td width=\"284\">PP<\/td>\n<\/tr>\n<tr>\n<td width=\"284\"><strong><b>Material da viseira <\/b><\/strong><\/td>\n<td width=\"284\">Vidro org\u00e2nico PET<\/td>\n<\/tr>\n<tr>\n<td width=\"284\"><strong><b>Tamanho da viseira<\/b><\/strong><\/td>\n<td width=\"284\">22,5\u00d722,0 CM<\/td>\n<\/tr>\n<tr>\n<td width=\"284\"><strong><b>Cor da viseira<\/b><\/strong><\/td>\n<td width=\"284\">Claro\/marrom escuro<\/td>\n<\/tr>\n<tr>\n<td width=\"284\"><strong><b>Equipamento para a cabe\u00e7a<\/b><\/strong><\/td>\n<td width=\"284\">Fivela com pino<\/td>\n<\/tr>\n<tr>\n<td width=\"284\"><strong><b>Aplicativo<\/b><\/strong><\/td>\n<td width=\"284\">Prote\u00e7\u00e3o contra luz intensa, respingos de produtos qu\u00edmicos e poeira<\/td>\n<\/tr>\n<tr>\n<td width=\"284\"><strong><b>\u00c1rea usada<\/b><\/strong><\/td>\n<td width=\"284\">Soldagem, constru\u00e7\u00e3o, laborat\u00f3rio, minera\u00e7\u00e3o, industrial, jardim etc.<\/td>\n<\/tr>\n<tr>\n<td width=\"284\"><strong><b>Embalagem<\/b><\/strong><\/td>\n<td width=\"284\">1 PC por saco opp, 60 PC por caixa<\/td>\n<\/tr>\n<tr>\n<td width=\"284\"><strong><b>Tamanho da caixa<\/b><\/strong><\/td>\n<td width=\"284\">46\u00d742\u00d742CM<\/td>\n<\/tr>\n<tr>\n<td width=\"284\"><strong><b>N\/G.W<\/b><\/strong><\/td>\n<td width=\"284\">11\/11.5KGS<\/td>\n<\/tr>\n<\/tbody>\n<\/table>\n<p>A TOPRISE oferece suporte a v\u00e1rios estilos de personaliza\u00e7\u00e3o de protetores faciais; clique para <a href=\"https:\/\/toprisesafety.com\/pt\/categoria-produto\/personal-protective-equipment\/face-protection\/face-shield\/\">veja mais estilos de protetores faciais<\/a>.<\/p>\n<p>Se voc\u00ea n\u00e3o encontrar os protetores faciais necess\u00e1rios, <a href=\"https:\/\/toprisesafety.com\/pt\/contact-us\/\">Entre em contato conosco<\/a>Oferecemos suporte \u00e0 personaliza\u00e7\u00e3o especial.<\/p>","protected":false},"excerpt":{"rendered":"<p><strong><b>N\u00ba do art.<\/b><\/strong>\u00a0:FS08<\/p>\n<p><strong><b>Moldura<\/b><\/strong><strong><b>\u00a0material<\/b><\/strong>: PP<\/p>\n<p><strong><b>Material da viseira<\/b><\/strong>\u00a0Vidro org\u00e2nico :PET<\/p>\n<p><strong><b>Tamanho da viseira<\/b><\/strong>: 22*20,5CM<\/p>\n<p><strong><b>Capacete<\/b><\/strong>: fivela de pino<\/p>\n<p><strong><b>MOQ<\/b><\/strong>: 500 PCS<\/p>","protected":false},"featured_media":9068,"template":"","meta":{"_acf_changed":false},"product_brand":[],"product_cat":[361,365],"product_tag":[],"class_list":{"0":"post-9067","1":"product","2":"type-product","3":"status-publish","4":"has-post-thumbnail","6":"product_cat-face-protection","7":"product_cat-face-shield","9":"first","10":"instock","11":"shipping-taxable","12":"product-type-simple"},"acf":[],"_links":{"self":[{"href":"https:\/\/toprisesafety.com\/pt\/wp-json\/wp\/v2\/product\/9067"}],"collection":[{"href":"https:\/\/toprisesafety.com\/pt\/wp-json\/wp\/v2\/product"}],"about":[{"href":"https:\/\/toprisesafety.com\/pt\/wp-json\/wp\/v2\/types\/product"}],"wp:featuredmedia":[{"embeddable":true,"href":"https:\/\/toprisesafety.com\/pt\/wp-json\/wp\/v2\/media\/9068"}],"wp:attachment":[{"href":"https:\/\/toprisesafety.com\/pt\/wp-json\/wp\/v2\/media?parent=9067"}],"wp:term":[{"taxonomy":"product_brand","embeddable":true,"href":"https:\/\/toprisesafety.com\/pt\/wp-json\/wp\/v2\/product_brand?post=9067"},{"taxonomy":"product_cat","embeddable":true,"href":"https:\/\/toprisesafety.com\/pt\/wp-json\/wp\/v2\/product_cat?post=9067"},{"taxonomy":"product_tag","embeddable":true,"href":"https:\/\/toprisesafety.com\/pt\/wp-json\/wp\/v2\/product_tag?post=9067"}],"curies":[{"name":"wp","href":"https:\/\/api.w.org\/{rel}","templated":true}]}}