{"id":9051,"date":"2024-11-08T06:21:38","date_gmt":"2024-11-08T06:21:38","guid":{"rendered":"https:\/\/toprisesafety.com\/?post_type=product&#038;p=9051"},"modified":"2025-03-24T04:31:59","modified_gmt":"2025-03-24T04:31:59","slug":"welding-face-shield","status":"publish","type":"product","link":"https:\/\/toprisesafety.com\/pt\/produto\/welding-face-shield\/","title":{"rendered":"Protetor facial para soldagem"},"content":{"rendered":"<h2><strong><b>Protetor facial Wedling <\/b><\/strong><\/h2>\n<table>\n<tbody>\n<tr>\n<td width=\"284\"><strong><b>ART NO.<\/b><\/strong><\/td>\n<td width=\"284\">FSP02<\/td>\n<\/tr>\n<tr>\n<td width=\"284\"><strong><b>Material superior <\/b><\/strong><\/td>\n<td width=\"284\">PP<\/td>\n<\/tr>\n<tr>\n<td width=\"284\"><strong><b>Material da viseira <\/b><\/strong><\/td>\n<td width=\"284\">PC<\/td>\n<\/tr>\n<tr>\n<td width=\"284\"><strong><b>Tamanho da viseira<\/b><\/strong><\/td>\n<td width=\"284\">31\u00d722,5 CM<\/td>\n<\/tr>\n<tr>\n<td width=\"284\"><strong><b>Cor da viseira<\/b><\/strong><\/td>\n<td width=\"284\">Verde, transparente<\/td>\n<\/tr>\n<tr>\n<td width=\"284\"><strong><b>Equipamento para a cabe\u00e7a<\/b><\/strong><\/td>\n<td width=\"284\">Turbilh\u00e3o de catraca<\/td>\n<\/tr>\n<tr>\n<td width=\"284\"><strong><b>Aplicativo<\/b><\/strong><\/td>\n<td width=\"284\">Prote\u00e7\u00e3o contra luz intensa, respingos de produtos qu\u00edmicos e poeira<\/td>\n<\/tr>\n<tr>\n<td width=\"284\"><strong><b>\u00c1rea usada<\/b><\/strong><\/td>\n<td width=\"284\">Soldagem, constru\u00e7\u00e3o, laborat\u00f3rio, minera\u00e7\u00e3o, industrial, jardim etc.<\/td>\n<\/tr>\n<tr>\n<td width=\"284\"><strong><b>Embalagem<\/b><\/strong><\/td>\n<td width=\"284\">1 PC por saco opp, 40 PC por caixa<\/td>\n<\/tr>\n<tr>\n<td width=\"284\"><strong><b>Tamanho da caixa<\/b><\/strong><\/td>\n<td width=\"284\">55\u00d744\u00d758CM<\/td>\n<\/tr>\n<tr>\n<td width=\"284\"><strong><b>N\/G.W<\/b><\/strong><\/td>\n<td width=\"284\">13,6\/14KGS<\/td>\n<\/tr>\n<\/tbody>\n<\/table>\n<p>A TOPRISE oferece suporte a v\u00e1rios estilos de personaliza\u00e7\u00e3o de protetores faciais; clique para <a href=\"https:\/\/toprisesafety.com\/pt\/categoria-produto\/personal-protective-equipment\/face-protection\/face-shield\/\">veja mais estilos de protetores faciais<\/a>.<\/p>\n<p>Se voc\u00ea n\u00e3o encontrar os protetores faciais necess\u00e1rios, <a href=\"https:\/\/toprisesafety.com\/pt\/contact-us\/\">Entre em contato conosco<\/a>Oferecemos suporte \u00e0 personaliza\u00e7\u00e3o especial.<\/p>","protected":false},"excerpt":{"rendered":"<p><strong><b>N\u00ba do art.<\/b><\/strong>\u00a0:FSP06<\/p>\n<p><strong><b>Material superior<\/b><\/strong>:  PP<\/p>\n<p><strong><b>Material da viseira<\/b><\/strong>\u00a0: PC verde ou PC transparente<\/p>\n<p><strong><b>Tamanho da viseira<\/b><\/strong>: 31*22,5CM<\/p>\n<p><strong><b>Capacete<\/b><\/strong>: girar a catraca para tr\u00e1s<\/p>\n<p><strong><b>MOQ<\/b><\/strong>: 500 PCS<\/p>","protected":false},"featured_media":9052,"template":"","meta":{"_acf_changed":false},"product_brand":[],"product_cat":[361,365],"product_tag":[],"class_list":{"0":"post-9051","1":"product","2":"type-product","3":"status-publish","4":"has-post-thumbnail","6":"product_cat-face-protection","7":"product_cat-face-shield","9":"first","10":"instock","11":"shipping-taxable","12":"product-type-simple"},"acf":[],"_links":{"self":[{"href":"https:\/\/toprisesafety.com\/pt\/wp-json\/wp\/v2\/product\/9051"}],"collection":[{"href":"https:\/\/toprisesafety.com\/pt\/wp-json\/wp\/v2\/product"}],"about":[{"href":"https:\/\/toprisesafety.com\/pt\/wp-json\/wp\/v2\/types\/product"}],"wp:featuredmedia":[{"embeddable":true,"href":"https:\/\/toprisesafety.com\/pt\/wp-json\/wp\/v2\/media\/9052"}],"wp:attachment":[{"href":"https:\/\/toprisesafety.com\/pt\/wp-json\/wp\/v2\/media?parent=9051"}],"wp:term":[{"taxonomy":"product_brand","embeddable":true,"href":"https:\/\/toprisesafety.com\/pt\/wp-json\/wp\/v2\/product_brand?post=9051"},{"taxonomy":"product_cat","embeddable":true,"href":"https:\/\/toprisesafety.com\/pt\/wp-json\/wp\/v2\/product_cat?post=9051"},{"taxonomy":"product_tag","embeddable":true,"href":"https:\/\/toprisesafety.com\/pt\/wp-json\/wp\/v2\/product_tag?post=9051"}],"curies":[{"name":"wp","href":"https:\/\/api.w.org\/{rel}","templated":true}]}}