{"id":8978,"date":"2024-11-07T07:16:09","date_gmt":"2024-11-07T07:16:09","guid":{"rendered":"https:\/\/toprisesafety.com\/?post_type=product&#038;p=8978"},"modified":"2025-03-14T05:37:03","modified_gmt":"2025-03-14T05:37:03","slug":"helmet-with-face-shield","status":"publish","type":"product","link":"https:\/\/toprisesafety.com\/pt\/produto\/helmet-with-face-shield\/","title":{"rendered":"Capacete com protetor facial"},"content":{"rendered":"<h2><strong><b>Capacete com protetor facial<\/b><\/strong><\/h2>\n<table>\n<tbody>\n<tr>\n<td width=\"98\"><strong><b>\u00a0<\/b><\/strong><\/p>\n<p><strong><b>N\u00ba do art.<\/b><\/strong><\/td>\n<td width=\"558\">HFS01<\/td>\n<\/tr>\n<tr>\n<td width=\"98\"><strong><b>Marca<\/b><\/strong><\/td>\n<td width=\"558\">Apoiar a marca pr\u00f3pria do cliente<\/td>\n<\/tr>\n<tr>\n<td width=\"98\"><strong><b>Capacete <\/b><\/strong><strong><b>Material<\/b><\/strong><\/td>\n<td width=\"558\">PEAD<\/td>\n<\/tr>\n<tr>\n<td width=\"98\"><strong><b>Peso<\/b><\/strong><\/td>\n<td width=\"558\">345G\/PC<\/td>\n<\/tr>\n<tr>\n<td width=\"98\"><strong><b>Forro<\/b><\/strong><\/td>\n<td width=\"558\">Forro de pl\u00e1stico com suspens\u00e3o de quatro pontos, catraca ajust\u00e1vel ou bot\u00e3o nas costas para um uso confort\u00e1vel<\/td>\n<\/tr>\n<tr>\n<td width=\"98\"><strong><b>Faixa de queixo<\/b><\/strong><\/td>\n<td width=\"558\">Incluindo<\/td>\n<\/tr>\n<tr>\n<td width=\"98\"><strong><b>Capacete <\/b><\/strong><strong><b>Cor<\/b><\/strong><\/td>\n<td width=\"558\">Branco, amarelo, azul, verde, laranja, vermelho etc.<\/td>\n<\/tr>\n<tr>\n<td width=\"98\"><strong><b>MOQ<\/b><\/strong><\/td>\n<td width=\"558\">200 UNIDADES\/ COR<\/td>\n<\/tr>\n<tr>\n<td width=\"98\"><strong><b>Embalagem<\/b><\/strong><\/td>\n<td width=\"558\">24 CONJUNTOS \/CTN<\/td>\n<\/tr>\n<tr>\n<td width=\"98\"><strong><b>Tamanho da caixa<\/b><\/strong><\/td>\n<td width=\"558\">60\u00d768\u00d771CM<\/td>\n<\/tr>\n<tr>\n<td width=\"98\"><strong><b>Aplicativo<\/b><\/strong><\/td>\n<td width=\"558\">Jardim, floresta, constru\u00e7\u00e3o, minera\u00e7\u00e3o, agricultura, industrial, petr\u00f3leo etc.<\/td>\n<\/tr>\n<\/tbody>\n<\/table>\n<p>A TOPRISE oferece suporte a v\u00e1rios estilos de personaliza\u00e7\u00e3o de capacetes de seguran\u00e7a; clique para <a href=\"https:\/\/toprisesafety.com\/pt\/categoria-produto\/personal-protective-equipment\/head-protection\/safety-helmet\/\">veja mais estilos de capacetes de seguran\u00e7a.<\/a><\/p>\n<p>Se voc\u00ea n\u00e3o encontrar os capacetes de seguran\u00e7a necess\u00e1rios, <a href=\"https:\/\/toprisesafety.com\/pt\/contact-us\/\">Entre em contato conosco<\/a>Oferecemos suporte \u00e0 personaliza\u00e7\u00e3o especial.<\/p>\n<p>&nbsp;<\/p>\n<p><iframe title=\"Capacete com protetor facial\" width=\"800\" height=\"450\" src=\"https:\/\/www.youtube.com\/embed\/5k4z33_DDP8?feature=oembed\" frameborder=\"0\" allow=\"accelerometer; autoplay; clipboard-write; encrypted-media; gyroscope; picture-in-picture; web-share\" referrerpolicy=\"strict-origin-when-cross-origin\" allowfullscreen><\/iframe><\/p>","protected":false},"excerpt":{"rendered":"<p><strong><b>N\u00ba do art.<\/b><\/strong>: HFS01<\/p>\n<p><strong><b>Material<\/b><\/strong>: Capacete de PE, protetor facial de malha<\/p>\n<p><strong><b>Capacete <\/b><\/strong><strong><b>Cor<\/b><\/strong>: Vermelho\/branco\/azul\/verde\/laranja etc.<\/p>\n<p><strong><b>Peso<\/b><\/strong>: 345G\/PC<\/p>\n<p><strong><b>Embalagem<\/b><\/strong>: 1 conjunto por caixa de cor, 24 conjuntos por caixa<\/p>\n<p><strong><b>Logotipo<\/b><\/strong>: impress\u00e3o ou adesivo etc.<\/p>\n<p><strong><b>MOQ<\/b><\/strong>: 200 unidades por cor.<\/p>","protected":false},"featured_media":8980,"template":"","meta":{"_acf_changed":false},"product_brand":[],"product_cat":[15,366,367],"product_tag":[],"class_list":{"0":"post-8978","1":"product","2":"type-product","3":"status-publish","4":"has-post-thumbnail","6":"product_cat-toprise-new-products","7":"product_cat-head-protection","8":"product_cat-safety-helmet","10":"first","11":"instock","12":"shipping-taxable","13":"product-type-simple"},"acf":[],"_links":{"self":[{"href":"https:\/\/toprisesafety.com\/pt\/wp-json\/wp\/v2\/product\/8978","targetHints":{"allow":["GET"]}}],"collection":[{"href":"https:\/\/toprisesafety.com\/pt\/wp-json\/wp\/v2\/product"}],"about":[{"href":"https:\/\/toprisesafety.com\/pt\/wp-json\/wp\/v2\/types\/product"}],"wp:featuredmedia":[{"embeddable":true,"href":"https:\/\/toprisesafety.com\/pt\/wp-json\/wp\/v2\/media\/8980"}],"wp:attachment":[{"href":"https:\/\/toprisesafety.com\/pt\/wp-json\/wp\/v2\/media?parent=8978"}],"wp:term":[{"taxonomy":"product_brand","embeddable":true,"href":"https:\/\/toprisesafety.com\/pt\/wp-json\/wp\/v2\/product_brand?post=8978"},{"taxonomy":"product_cat","embeddable":true,"href":"https:\/\/toprisesafety.com\/pt\/wp-json\/wp\/v2\/product_cat?post=8978"},{"taxonomy":"product_tag","embeddable":true,"href":"https:\/\/toprisesafety.com\/pt\/wp-json\/wp\/v2\/product_tag?post=8978"}],"curies":[{"name":"wp","href":"https:\/\/api.w.org\/{rel}","templated":true}]}}