{"id":8971,"date":"2024-11-07T07:02:59","date_gmt":"2024-11-07T07:02:59","guid":{"rendered":"https:\/\/toprisesafety.com\/?post_type=product&#038;p=8971"},"modified":"2025-03-14T05:37:55","modified_gmt":"2025-03-14T05:37:55","slug":"helmet-with-glasses","status":"publish","type":"product","link":"https:\/\/toprisesafety.com\/pt\/produto\/helmet-with-glasses\/","title":{"rendered":"Capacete com \u00f3culos"},"content":{"rendered":"<p><iframe title=\"Capacete com \u00f3culos\" width=\"800\" height=\"450\" src=\"https:\/\/www.youtube.com\/embed\/R6eh8Srz6yo?feature=oembed\" frameborder=\"0\" allow=\"accelerometer; autoplay; clipboard-write; encrypted-media; gyroscope; picture-in-picture; web-share\" referrerpolicy=\"strict-origin-when-cross-origin\" allowfullscreen><\/iframe><\/p>\n<p><strong><b>Capacete com \u00f3culos<\/b><\/strong><\/p>\n<table>\n<tbody>\n<tr>\n<td width=\"98\"><strong><b>N\u00ba do art.<\/b><\/strong><\/td>\n<td width=\"558\">SH18<\/td>\n<\/tr>\n<tr>\n<td width=\"98\"><strong><b>Marca<\/b><\/strong><\/td>\n<td width=\"558\">Suporte \u00e0 marca pr\u00f3pria do cliente<\/td>\n<\/tr>\n<tr>\n<td width=\"98\"><strong><b>Material<\/b><\/strong><\/td>\n<td width=\"558\">Capacete de ABS, \u00f3culos de PC<\/td>\n<\/tr>\n<tr>\n<td width=\"98\"><strong><b>Peso<\/b><\/strong><\/td>\n<td width=\"558\">Capacete 470 G\/PC, adicione \u00f3culos com peso total de 550 G\/PC<\/td>\n<\/tr>\n<tr>\n<td width=\"98\"><strong><b>Forro<\/b><\/strong><\/td>\n<td width=\"558\">Forro de pl\u00e1stico com seis pontos de suspens\u00e3o, catraca ajust\u00e1vel para um uso confort\u00e1vel<\/td>\n<\/tr>\n<tr>\n<td width=\"98\"><strong><b>Faixa de queixo<\/b><\/strong><\/td>\n<td width=\"558\">Incluindo<\/td>\n<\/tr>\n<tr>\n<td width=\"98\"><strong><b>Cor<\/b><\/strong><\/td>\n<td width=\"558\">Branco, amarelo, azul, verde, laranja, vermelho etc.<\/td>\n<\/tr>\n<tr>\n<td width=\"98\"><strong><b>MOQ<\/b><\/strong><\/td>\n<td width=\"558\">100 UNIDADES\/ COR<\/td>\n<\/tr>\n<tr>\n<td width=\"98\"><strong><b>Embalagem<\/b><\/strong><\/td>\n<td width=\"558\">20 PCS\/CTN<\/td>\n<\/tr>\n<tr>\n<td width=\"98\"><strong><b>Tamanho da caixa<\/b><\/strong><\/td>\n<td width=\"558\">56\u00d745\u00d751CM<\/td>\n<\/tr>\n<tr>\n<td width=\"98\"><strong><b>Aplicativo<\/b><\/strong><\/td>\n<td width=\"558\">Prote\u00e7\u00e3o industrial, constru\u00e7\u00e3o, transporte, qu\u00edmica, petr\u00f3leo, trabalho em altitude elevada etc.<\/td>\n<\/tr>\n<\/tbody>\n<\/table>\n<p>A TOPRISE oferece suporte a v\u00e1rios estilos de personaliza\u00e7\u00e3o de capacetes de seguran\u00e7a; clique para <a href=\"https:\/\/toprisesafety.com\/pt\/categoria-produto\/personal-protective-equipment\/head-protection\/safety-helmet\/\">veja mais estilos de capacetes de seguran\u00e7a.<\/a><\/p>\n<p>Se voc\u00ea n\u00e3o encontrar os capacetes de seguran\u00e7a necess\u00e1rios, <a href=\"https:\/\/toprisesafety.com\/pt\/contact-us\/\">Entre em contato conosco<\/a>Oferecemos suporte \u00e0 personaliza\u00e7\u00e3o especial.<\/p>","protected":false},"excerpt":{"rendered":"<p><strong><b>N\u00ba do art.<\/b><\/strong>: SH18<\/p>\n<p><strong><b>Material<\/b><\/strong>: Capacete de ABS, \u00f3culos de PC<\/p>\n<p><strong><b>Cor<\/b><\/strong>: Branco, amarelo, azul, laranja, verde fluorecente, preto, vermelho etc.<\/p>\n<p><strong><b>Peso<\/b><\/strong><strong><b>\u00a0: <\/b><\/strong>550G\/PC<\/p>\n<p><strong><b>Embalagem<\/b><\/strong>: 1 unidade\/saco de polietileno, 20 unidades\/CTN<\/p>\n<p><strong><b>Logotipo<\/b><\/strong>: impress\u00e3o ou adesivo etc.<\/p>\n<p><strong><b>MOQ<\/b><\/strong>: 200 unidades por cor.<\/p>","protected":false},"featured_media":8972,"template":"","meta":{"_acf_changed":false},"product_brand":[],"product_cat":[367,366],"product_tag":[],"class_list":{"0":"post-8971","1":"product","2":"type-product","3":"status-publish","4":"has-post-thumbnail","6":"product_cat-safety-helmet","7":"product_cat-head-protection","9":"first","10":"instock","11":"shipping-taxable","12":"product-type-simple"},"acf":[],"_links":{"self":[{"href":"https:\/\/toprisesafety.com\/pt\/wp-json\/wp\/v2\/product\/8971","targetHints":{"allow":["GET"]}}],"collection":[{"href":"https:\/\/toprisesafety.com\/pt\/wp-json\/wp\/v2\/product"}],"about":[{"href":"https:\/\/toprisesafety.com\/pt\/wp-json\/wp\/v2\/types\/product"}],"wp:featuredmedia":[{"embeddable":true,"href":"https:\/\/toprisesafety.com\/pt\/wp-json\/wp\/v2\/media\/8972"}],"wp:attachment":[{"href":"https:\/\/toprisesafety.com\/pt\/wp-json\/wp\/v2\/media?parent=8971"}],"wp:term":[{"taxonomy":"product_brand","embeddable":true,"href":"https:\/\/toprisesafety.com\/pt\/wp-json\/wp\/v2\/product_brand?post=8971"},{"taxonomy":"product_cat","embeddable":true,"href":"https:\/\/toprisesafety.com\/pt\/wp-json\/wp\/v2\/product_cat?post=8971"},{"taxonomy":"product_tag","embeddable":true,"href":"https:\/\/toprisesafety.com\/pt\/wp-json\/wp\/v2\/product_tag?post=8971"}],"curies":[{"name":"wp","href":"https:\/\/api.w.org\/{rel}","templated":true}]}}