{"id":8964,"date":"2024-11-07T06:59:28","date_gmt":"2024-11-07T06:59:28","guid":{"rendered":"https:\/\/toprisesafety.com\/?post_type=product&#038;p=8964"},"modified":"2025-03-14T05:38:49","modified_gmt":"2025-03-14T05:38:49","slug":"fiberglass-hard-hats","status":"publish","type":"product","link":"https:\/\/toprisesafety.com\/pt\/produto\/fiberglass-hard-hats\/","title":{"rendered":"Capacetes de fibra de vidro"},"content":{"rendered":"<h2><strong><b>Capacetes de fibra de vidro<\/b><\/strong><\/h2>\n<table>\n<tbody>\n<tr>\n<td width=\"98\"><strong><b>N\u00ba do art.<\/b><\/strong><\/td>\n<td width=\"558\">SH17<\/td>\n<\/tr>\n<tr>\n<td width=\"98\"><strong><b>Marca<\/b><\/strong><\/td>\n<td width=\"558\">Suporte \u00e0 marca pr\u00f3pria do cliente<\/td>\n<\/tr>\n<tr>\n<td width=\"98\"><strong><b>Material<\/b><\/strong><\/td>\n<td width=\"558\">FIBERGLASS<\/td>\n<\/tr>\n<tr>\n<td width=\"98\"><strong><b>Peso<\/b><\/strong><\/td>\n<td width=\"558\">ABS:415G\/PC<\/td>\n<\/tr>\n<tr>\n<td width=\"98\"><strong><b>Forro<\/b><\/strong><\/td>\n<td width=\"558\">Forro de pl\u00e1stico com suspens\u00e3o de quatro pontos, catraca ajust\u00e1vel ou bot\u00e3o nas costas para um uso confort\u00e1vel<\/td>\n<\/tr>\n<tr>\n<td width=\"98\"><strong><b>Faixa de queixo<\/b><\/strong><\/td>\n<td width=\"558\">Incluindo<\/td>\n<\/tr>\n<tr>\n<td width=\"98\"><strong><b>Cor<\/b><\/strong><\/td>\n<td width=\"558\">Vermelho, branco, amarelo, azul, vermelho vinho etc.<\/td>\n<\/tr>\n<tr>\n<td width=\"98\"><strong><b>MOQ<\/b><\/strong><\/td>\n<td width=\"558\">100 UNIDADES\/ COR<\/td>\n<\/tr>\n<tr>\n<td width=\"98\"><strong><b>Embalagem<\/b><\/strong><\/td>\n<td width=\"558\">30 PCS\/CTN<\/td>\n<\/tr>\n<tr>\n<td width=\"98\"><strong><b>Tamanho da caixa<\/b><\/strong><\/td>\n<td width=\"558\">66\u00d756\u00d757CM<\/td>\n<\/tr>\n<tr>\n<td width=\"98\"><strong><b>Aplicativo<\/b><\/strong><\/td>\n<td width=\"558\">Minera\u00e7\u00e3o, petroqu\u00edmica, fundi\u00e7\u00e3o, alta temperatura e outras caracter\u00edsticas de resist\u00eancia do a\u00e7o de vidro \u00e0 alta temperatura, \u00e1gua, \u00e1cido, \u00e1lcali, \u00f3leo e corros\u00e3o qu\u00edmica<\/td>\n<\/tr>\n<\/tbody>\n<\/table>\n<p>A TOPRISE oferece suporte a v\u00e1rios estilos de personaliza\u00e7\u00e3o de capacetes de seguran\u00e7a; clique para <a href=\"https:\/\/toprisesafety.com\/pt\/categoria-produto\/personal-protective-equipment\/head-protection\/safety-helmet\/\">veja mais estilos de capacetes de seguran\u00e7a.<\/a><\/p>\n<p>Se voc\u00ea n\u00e3o encontrar os capacetes de seguran\u00e7a necess\u00e1rios, <a href=\"https:\/\/toprisesafety.com\/pt\/contact-us\/\">Entre em contato conosco<\/a>Oferecemos suporte \u00e0 personaliza\u00e7\u00e3o especial.<\/p>","protected":false},"excerpt":{"rendered":"<p><strong><b>N\u00ba do art.<\/b><\/strong>: SH17<\/p>\n<p><strong><b>Material<\/b><\/strong>: fibra de vidro<\/p>\n<p><strong><b>Cor<\/b><\/strong>: Vermelho\/branco\/amarelo\/azul\/vermelho vinho etc.<\/p>\n<p><strong><b>Peso<\/b><\/strong>: 450G\/PC<\/p>\n<p><strong><b>Embalagem<\/b><\/strong>: 1 unidade\/saco de polietileno, 50 unidades\/CTN<\/p>\n<p><strong><b>Logotipo<\/b><\/strong>: impress\u00e3o ou adesivo etc.<\/p>\n<p><strong><b>MOQ<\/b><\/strong>: 200 unidades por cor.<\/p>","protected":false},"featured_media":8965,"template":"","meta":{"_acf_changed":false},"product_brand":[],"product_cat":[367,366],"product_tag":[],"class_list":{"0":"post-8964","1":"product","2":"type-product","3":"status-publish","4":"has-post-thumbnail","6":"product_cat-safety-helmet","7":"product_cat-head-protection","9":"first","10":"instock","11":"shipping-taxable","12":"product-type-simple"},"acf":[],"_links":{"self":[{"href":"https:\/\/toprisesafety.com\/pt\/wp-json\/wp\/v2\/product\/8964"}],"collection":[{"href":"https:\/\/toprisesafety.com\/pt\/wp-json\/wp\/v2\/product"}],"about":[{"href":"https:\/\/toprisesafety.com\/pt\/wp-json\/wp\/v2\/types\/product"}],"wp:featuredmedia":[{"embeddable":true,"href":"https:\/\/toprisesafety.com\/pt\/wp-json\/wp\/v2\/media\/8965"}],"wp:attachment":[{"href":"https:\/\/toprisesafety.com\/pt\/wp-json\/wp\/v2\/media?parent=8964"}],"wp:term":[{"taxonomy":"product_brand","embeddable":true,"href":"https:\/\/toprisesafety.com\/pt\/wp-json\/wp\/v2\/product_brand?post=8964"},{"taxonomy":"product_cat","embeddable":true,"href":"https:\/\/toprisesafety.com\/pt\/wp-json\/wp\/v2\/product_cat?post=8964"},{"taxonomy":"product_tag","embeddable":true,"href":"https:\/\/toprisesafety.com\/pt\/wp-json\/wp\/v2\/product_tag?post=8964"}],"curies":[{"name":"wp","href":"https:\/\/api.w.org\/{rel}","templated":true}]}}