{"id":8953,"date":"2024-11-07T06:48:54","date_gmt":"2024-11-07T06:48:54","guid":{"rendered":"https:\/\/toprisesafety.com\/?post_type=product&#038;p=8953"},"modified":"2025-03-14T05:42:12","modified_gmt":"2025-03-14T05:42:12","slug":"work-helmet","status":"publish","type":"product","link":"https:\/\/toprisesafety.com\/pt\/produto\/work-helmet\/","title":{"rendered":"Capacete de trabalho"},"content":{"rendered":"<h2><strong><b>Capacete de trabalho<\/b><\/strong><\/h2>\n<table>\n<tbody>\n<tr>\n<td width=\"98\"><strong><b>N\u00ba do art.<\/b><\/strong><\/td>\n<td width=\"558\">SH15<\/td>\n<\/tr>\n<tr>\n<td width=\"98\"><strong><b>Marca<\/b><\/strong><\/td>\n<td width=\"558\">Suporte \u00e0 marca pr\u00f3pria do cliente<\/td>\n<\/tr>\n<tr>\n<td width=\"98\"><strong><b>Material<\/b><\/strong><\/td>\n<td width=\"558\">ABS<\/td>\n<\/tr>\n<tr>\n<td width=\"98\"><strong><b>Peso<\/b><\/strong><\/td>\n<td width=\"558\">415G\/PC<\/td>\n<\/tr>\n<tr>\n<td width=\"98\"><strong><b>Forro<\/b><\/strong><\/td>\n<td width=\"558\">Forro de pl\u00e1stico com suspens\u00e3o de quatro pontos, catraca ajust\u00e1vel ou bot\u00e3o nas costas para um uso confort\u00e1vel<\/td>\n<\/tr>\n<tr>\n<td width=\"98\"><strong><b>Faixa de queixo<\/b><\/strong><\/td>\n<td width=\"558\">Incluindo<\/td>\n<\/tr>\n<tr>\n<td width=\"98\"><strong><b>Cor<\/b><\/strong><\/td>\n<td width=\"558\">Branco, amarelo, azul, verde, laranja, vermelho etc.<\/td>\n<\/tr>\n<tr>\n<td width=\"98\"><strong><b>MOQ<\/b><\/strong><\/td>\n<td width=\"558\">200 UNIDADES\/ COR<\/td>\n<\/tr>\n<tr>\n<td width=\"98\"><strong><b>Embalagem<\/b><\/strong><\/td>\n<td width=\"558\">50 PCS\/CTN<\/td>\n<\/tr>\n<tr>\n<td width=\"98\"><strong><b>Tamanho da caixa<\/b><\/strong><\/td>\n<td width=\"558\">72\u00d728\u00d788CM<\/td>\n<\/tr>\n<tr>\n<td width=\"98\"><strong><b>Aplicativo<\/b><\/strong><\/td>\n<td width=\"558\">Constru\u00e7\u00e3o, minera\u00e7\u00e3o, agricultura, industrial, petr\u00f3leo etc.<\/td>\n<\/tr>\n<\/tbody>\n<\/table>\n<p>&nbsp;<\/p>\n<p>A TOPRISE oferece suporte a v\u00e1rios estilos de personaliza\u00e7\u00e3o de capacetes de seguran\u00e7a; clique para <a href=\"https:\/\/toprisesafety.com\/pt\/categoria-produto\/personal-protective-equipment\/head-protection\/safety-helmet\/\">veja mais estilos de capacetes de seguran\u00e7a.<\/a><\/p>\n<p>Se voc\u00ea n\u00e3o encontrar os capacetes de seguran\u00e7a necess\u00e1rios, <a href=\"https:\/\/toprisesafety.com\/pt\/contact-us\/\">Entre em contato conosco<\/a>Oferecemos suporte \u00e0 personaliza\u00e7\u00e3o especial.<\/p>","protected":false},"excerpt":{"rendered":"<p><strong><b>N\u00ba do art.<\/b><\/strong>: SH15<\/p>\n<p><strong><b>Material<\/b><\/strong>: ABS<\/p>\n<p><strong><b>Cor<\/b><\/strong>: Vermelho\/branco\/azul\/verde\/laranja etc.<\/p>\n<p><strong><b>Peso<\/b><\/strong>:\u00a0415G\/PC<\/p>\n<p><strong><b>Embalagem<\/b><\/strong>: 1 unidade\/saco de polietileno, 50 unidades\/CTN<\/p>\n<p><strong><b>Logotipo<\/b><\/strong>: impress\u00e3o ou adesivo etc.<\/p>\n<p><strong><b>MOQ<\/b><\/strong>: 200 unidades por cor.<\/p>","protected":false},"featured_media":9005,"template":"","meta":{"_acf_changed":false},"product_brand":[],"product_cat":[367,366],"product_tag":[],"class_list":{"0":"post-8953","1":"product","2":"type-product","3":"status-publish","4":"has-post-thumbnail","6":"product_cat-safety-helmet","7":"product_cat-head-protection","9":"first","10":"instock","11":"shipping-taxable","12":"product-type-simple"},"acf":[],"_links":{"self":[{"href":"https:\/\/toprisesafety.com\/pt\/wp-json\/wp\/v2\/product\/8953"}],"collection":[{"href":"https:\/\/toprisesafety.com\/pt\/wp-json\/wp\/v2\/product"}],"about":[{"href":"https:\/\/toprisesafety.com\/pt\/wp-json\/wp\/v2\/types\/product"}],"wp:featuredmedia":[{"embeddable":true,"href":"https:\/\/toprisesafety.com\/pt\/wp-json\/wp\/v2\/media\/9005"}],"wp:attachment":[{"href":"https:\/\/toprisesafety.com\/pt\/wp-json\/wp\/v2\/media?parent=8953"}],"wp:term":[{"taxonomy":"product_brand","embeddable":true,"href":"https:\/\/toprisesafety.com\/pt\/wp-json\/wp\/v2\/product_brand?post=8953"},{"taxonomy":"product_cat","embeddable":true,"href":"https:\/\/toprisesafety.com\/pt\/wp-json\/wp\/v2\/product_cat?post=8953"},{"taxonomy":"product_tag","embeddable":true,"href":"https:\/\/toprisesafety.com\/pt\/wp-json\/wp\/v2\/product_tag?post=8953"}],"curies":[{"name":"wp","href":"https:\/\/api.w.org\/{rel}","templated":true}]}}