{"id":8939,"date":"2024-11-07T06:39:27","date_gmt":"2024-11-07T06:39:27","guid":{"rendered":"https:\/\/toprisesafety.com\/?post_type=product&#038;p=8939"},"modified":"2025-03-14T05:44:57","modified_gmt":"2025-03-14T05:44:57","slug":"construction-hat","status":"publish","type":"product","link":"https:\/\/toprisesafety.com\/pt\/produto\/construction-hat\/","title":{"rendered":"Chap\u00e9u de constru\u00e7\u00e3o"},"content":{"rendered":"<h2><strong><b>Chap\u00e9u de constru\u00e7\u00e3o<\/b><\/strong><\/h2>\n<table>\n<tbody>\n<tr>\n<td width=\"98\"><strong><b>N\u00ba do art.<\/b><\/strong><\/td>\n<td width=\"558\">SH12<\/td>\n<\/tr>\n<tr>\n<td width=\"98\"><strong><b>Marca<\/b><\/strong><\/td>\n<td width=\"558\">Suporte \u00e0 marca pr\u00f3pria do cliente<\/td>\n<\/tr>\n<tr>\n<td width=\"98\"><strong><b>Material<\/b><\/strong><\/td>\n<td width=\"558\">ABS<\/td>\n<\/tr>\n<tr>\n<td width=\"98\"><strong><b>Peso<\/b><\/strong><\/td>\n<td width=\"558\">440G\/PC<\/td>\n<\/tr>\n<tr>\n<td width=\"98\"><strong><b>Forro<\/b><\/strong><\/td>\n<td width=\"558\">Forro de pl\u00e1stico com seis pontos de suspens\u00e3o, catraca ajust\u00e1vel ou bot\u00e3o na parte de tr\u00e1s para um uso confort\u00e1vel<\/td>\n<\/tr>\n<tr>\n<td width=\"98\"><strong><b>Faixa de queixo<\/b><\/strong><\/td>\n<td width=\"558\">Incluindo<\/td>\n<\/tr>\n<tr>\n<td width=\"98\"><strong><b>Cor<\/b><\/strong><\/td>\n<td width=\"558\">Branco, amarelo, azul, verde, laranja, vermelho etc.<\/td>\n<\/tr>\n<tr>\n<td width=\"98\"><strong><b>MOQ<\/b><\/strong><\/td>\n<td width=\"558\">200 UNIDADES\/ COR<\/td>\n<\/tr>\n<tr>\n<td width=\"98\"><strong><b>Embalagem<\/b><\/strong><\/td>\n<td width=\"558\">40 PCS\/CTN<\/td>\n<\/tr>\n<tr>\n<td width=\"98\"><strong><b>Tamanho da caixa<\/b><\/strong><\/td>\n<td width=\"558\">79\u00d731\u00d788CM<\/td>\n<\/tr>\n<tr>\n<td width=\"98\"><strong><b>Aplicativo<\/b><\/strong><\/td>\n<td width=\"558\">Constru\u00e7\u00e3o, minera\u00e7\u00e3o, agricultura, industrial, petr\u00f3leo etc.<\/td>\n<\/tr>\n<tr>\n<td width=\"98\"><strong><b>Certificado<\/b><\/strong><\/td>\n<td width=\"558\">CE EN397: 2012+A1:2012 \/ANSI-ISEA Z89.1-2014<\/td>\n<\/tr>\n<\/tbody>\n<\/table>\n<p>&nbsp;<\/p>\n<p>A TOPRISE oferece suporte a v\u00e1rios estilos de personaliza\u00e7\u00e3o de capacetes de seguran\u00e7a; clique para <a href=\"https:\/\/toprisesafety.com\/pt\/categoria-produto\/personal-protective-equipment\/head-protection\/safety-helmet\/\">veja mais estilos de capacetes de seguran\u00e7a.<\/a><\/p>\n<p>Se voc\u00ea n\u00e3o encontrar os capacetes de seguran\u00e7a necess\u00e1rios, <a href=\"https:\/\/toprisesafety.com\/pt\/contact-us\/\">Entre em contato conosco<\/a>Oferecemos suporte \u00e0 personaliza\u00e7\u00e3o especial.<\/p>","protected":false},"excerpt":{"rendered":"<p><strong><b>N\u00ba do art.<\/b><\/strong>: SH12<\/p>\n<p><strong><b>Material<\/b><\/strong>: ABS<\/p>\n<p><strong><b>Cor<\/b><\/strong>: Vermelho\/branco\/azul\/amarelo\/laranja etc.<\/p>\n<p><strong><b>Peso<\/b><\/strong>:\u00a0440G\/PC<\/p>\n<p><strong><b>Embalagem<\/b><\/strong>: 1 unidade\/saco de polietileno, 40 unidades\/CTN<\/p>\n<p><strong><b>Logotipo<\/b><\/strong>: impress\u00e3o ou adesivo etc.<\/p>\n<p><strong><b>MOQ<\/b><\/strong>: 300 PCS per color.<\/p>","protected":false},"featured_media":8940,"template":"","meta":{"_acf_changed":false},"product_brand":[],"product_cat":[367,366],"product_tag":[376],"class_list":{"0":"post-8939","1":"product","2":"type-product","3":"status-publish","4":"has-post-thumbnail","6":"product_cat-safety-helmet","7":"product_cat-head-protection","8":"product_tag-safety-helmet-hard-hat","10":"first","11":"instock","12":"shipping-taxable","13":"product-type-simple"},"acf":[],"_links":{"self":[{"href":"https:\/\/toprisesafety.com\/pt\/wp-json\/wp\/v2\/product\/8939"}],"collection":[{"href":"https:\/\/toprisesafety.com\/pt\/wp-json\/wp\/v2\/product"}],"about":[{"href":"https:\/\/toprisesafety.com\/pt\/wp-json\/wp\/v2\/types\/product"}],"wp:featuredmedia":[{"embeddable":true,"href":"https:\/\/toprisesafety.com\/pt\/wp-json\/wp\/v2\/media\/8940"}],"wp:attachment":[{"href":"https:\/\/toprisesafety.com\/pt\/wp-json\/wp\/v2\/media?parent=8939"}],"wp:term":[{"taxonomy":"product_brand","embeddable":true,"href":"https:\/\/toprisesafety.com\/pt\/wp-json\/wp\/v2\/product_brand?post=8939"},{"taxonomy":"product_cat","embeddable":true,"href":"https:\/\/toprisesafety.com\/pt\/wp-json\/wp\/v2\/product_cat?post=8939"},{"taxonomy":"product_tag","embeddable":true,"href":"https:\/\/toprisesafety.com\/pt\/wp-json\/wp\/v2\/product_tag?post=8939"}],"curies":[{"name":"wp","href":"https:\/\/api.w.org\/{rel}","templated":true}]}}