{"id":6105,"date":"2018-02-23T04:17:25","date_gmt":"2018-02-23T04:17:25","guid":{"rendered":"https:\/\/toprisesafety.com\/product\/v-type-safety-helmet-ce-ansi-standard\/"},"modified":"2025-03-14T06:15:46","modified_gmt":"2025-03-14T06:15:46","slug":"safety-helmet-classification-type","status":"publish","type":"product","link":"https:\/\/toprisesafety.com\/pt\/produto\/safety-helmet-classification-type\/","title":{"rendered":"Tipo de classifica\u00e7\u00e3o do capacete de seguran\u00e7a"},"content":{"rendered":"<h2><a href=\"https:\/\/toprisesafety.com\/pt\/categoria-produto\/personal-protective-equipment\/head-protection\/safety-helmet\/\">Tipo de classifica\u00e7\u00e3o do capacete de seguran\u00e7a<\/a><\/h2>\n<table>\n<tbody>\n<tr>\n<td width=\"257\">N\u00ba do art.<\/td>\n<td width=\"257\">SH06-P( PE) ;SH06-A (ABS)<\/td>\n<\/tr>\n<tr>\n<td width=\"257\">Marca<\/td>\n<td width=\"257\">Apoiar a marca pr\u00f3pria do cliente<\/td>\n<\/tr>\n<tr>\n<td width=\"257\">Material<\/td>\n<td width=\"257\">PE \/ABS<\/td>\n<\/tr>\n<tr>\n<td width=\"257\">Peso<\/td>\n<td width=\"257\">PE:327G\/PC; ABS: 400G\/PC<\/td>\n<\/tr>\n<tr>\n<td width=\"257\">Forro<\/td>\n<td width=\"257\">Four points suspension fabric lining with ratchet\u00a0back or pin-point back for comfortable wear<\/td>\n<\/tr>\n<tr>\n<td width=\"257\">Faixa de queixo<\/td>\n<td width=\"257\">Incluindo<\/td>\n<\/tr>\n<tr>\n<td width=\"257\">Cor<\/td>\n<td width=\"257\">Branco, amarelo, azul, verde, laranja, vermelho etc.<\/td>\n<\/tr>\n<tr>\n<td width=\"257\">Padr\u00e3o de qualidade<\/td>\n<td width=\"257\">CE EN397\/ ANSI Z89.1<\/td>\n<\/tr>\n<tr>\n<td width=\"257\">MOQ<\/td>\n<td width=\"257\">500PCS \/Color, 1000PCS\/Order<\/td>\n<\/tr>\n<tr>\n<td width=\"257\">Embalagem<\/td>\n<td width=\"257\">1 unidade\/saco de polietileno, 50 unidades\/CTN<\/td>\n<\/tr>\n<tr>\n<td width=\"257\">Tamanho da caixa<\/td>\n<td width=\"257\">52*46*60CM<\/td>\n<\/tr>\n<tr>\n<td width=\"257\">Aplicativo<\/td>\n<td width=\"257\">Constru\u00e7\u00e3o, minera\u00e7\u00e3o, agricultura, ind\u00fastria, petr\u00f3leo etc.<\/td>\n<\/tr>\n<\/tbody>\n<\/table>\n<p>&nbsp;<\/p>\n<p>A TOPRISE oferece suporte a v\u00e1rios estilos de personaliza\u00e7\u00e3o de capacetes de seguran\u00e7a; clique para <a href=\"https:\/\/toprisesafety.com\/pt\/categoria-produto\/personal-protective-equipment\/head-protection\/safety-helmet\/\">veja mais estilos de capacetes de seguran\u00e7a.<\/a><\/p>\n<p>Se voc\u00ea n\u00e3o encontrar os capacetes de seguran\u00e7a necess\u00e1rios, <a href=\"https:\/\/toprisesafety.com\/pt\/contact-us\/\">Entre em contato conosco<\/a>Oferecemos suporte \u00e0 personaliza\u00e7\u00e3o especial.<\/p>\n<p>&nbsp;<\/p>","protected":false},"excerpt":{"rendered":"<p>N\u00ba do art.: SH06-P (PE) ;SH06-A (ABS)<\/p>\n<p>Material: PE ou ABS<\/p>\n<p>Color: Red\/White\/Blue\/Green\/Orange etc.<\/p>\n<p>Peso: PE327G\/PC ; ABS: 400G\/PC<\/p>\n<p>Packing: 1PC\/Poly-bag, 50PCS\/CTN<\/p>\n<p>Logotipo: impress\u00e3o ou adesivo etc.<\/p>","protected":false},"featured_media":6108,"template":"","meta":{"_acf_changed":false},"product_brand":[],"product_cat":[366,367],"product_tag":[],"class_list":{"0":"post-6105","1":"product","2":"type-product","3":"status-publish","4":"has-post-thumbnail","6":"product_cat-head-protection","7":"product_cat-safety-helmet","9":"first","10":"instock","11":"product-type-simple"},"acf":[],"_links":{"self":[{"href":"https:\/\/toprisesafety.com\/pt\/wp-json\/wp\/v2\/product\/6105"}],"collection":[{"href":"https:\/\/toprisesafety.com\/pt\/wp-json\/wp\/v2\/product"}],"about":[{"href":"https:\/\/toprisesafety.com\/pt\/wp-json\/wp\/v2\/types\/product"}],"wp:featuredmedia":[{"embeddable":true,"href":"https:\/\/toprisesafety.com\/pt\/wp-json\/wp\/v2\/media\/6108"}],"wp:attachment":[{"href":"https:\/\/toprisesafety.com\/pt\/wp-json\/wp\/v2\/media?parent=6105"}],"wp:term":[{"taxonomy":"product_brand","embeddable":true,"href":"https:\/\/toprisesafety.com\/pt\/wp-json\/wp\/v2\/product_brand?post=6105"},{"taxonomy":"product_cat","embeddable":true,"href":"https:\/\/toprisesafety.com\/pt\/wp-json\/wp\/v2\/product_cat?post=6105"},{"taxonomy":"product_tag","embeddable":true,"href":"https:\/\/toprisesafety.com\/pt\/wp-json\/wp\/v2\/product_tag?post=6105"}],"curies":[{"name":"wp","href":"https:\/\/api.w.org\/{rel}","templated":true}]}}