{"id":6102,"date":"2018-02-23T04:51:12","date_gmt":"2018-02-23T04:51:12","guid":{"rendered":"https:\/\/toprisesafety.com\/product\/permeable-v-type-safety-helmet-abs-pe\/"},"modified":"2025-03-14T06:15:20","modified_gmt":"2025-03-14T06:15:20","slug":"permeable-v-type-safety-helmet-chin-strap","status":"publish","type":"product","link":"https:\/\/toprisesafety.com\/pt\/produto\/permeable-v-type-safety-helmet-chin-strap\/","title":{"rendered":"Tira de queixo perme\u00e1vel do capacete de seguran\u00e7a tipo V"},"content":{"rendered":"<h2><a href=\"https:\/\/toprisesafety.com\/pt\/categoria-produto\/personal-protective-equipment\/head-protection\/safety-helmet\/\">Tira de queixo perme\u00e1vel do capacete de seguran\u00e7a tipo V<\/a><\/h2>\n<table>\n<tbody>\n<tr>\n<td width=\"257\">N\u00ba do art.<\/td>\n<td width=\"257\">SH05-P; SH05-A<\/td>\n<\/tr>\n<tr>\n<td width=\"257\">Marca<\/td>\n<td width=\"257\">Apoiar a marca pr\u00f3pria do cliente<\/td>\n<\/tr>\n<tr>\n<td width=\"257\">Material<\/td>\n<td width=\"257\">PE \/ABS<\/td>\n<\/tr>\n<tr>\n<td width=\"257\">Peso<\/td>\n<td width=\"257\">PE:335G\/PC, ABS: 390G\/PC<\/td>\n<\/tr>\n<tr>\n<td width=\"257\">Forro<\/td>\n<td width=\"257\">Forro de tecido com suspens\u00e3o de quatro pontos e parte traseira com catraca \/Pin-point \/Bot\u00e3o de press\u00e3o para uso confort\u00e1vel<\/td>\n<\/tr>\n<tr>\n<td width=\"257\">Faixa de queixo<\/td>\n<td width=\"257\">Incluindo<\/td>\n<\/tr>\n<tr>\n<td width=\"257\">Cor<\/td>\n<td width=\"257\">Branco, amarelo, azul, verde, laranja, vermelho etc.<\/td>\n<\/tr>\n<tr>\n<td width=\"257\">Padr\u00e3o de qualidade<\/td>\n<td width=\"257\">CE EN397<\/td>\n<\/tr>\n<tr>\n<td width=\"257\">MOQ<\/td>\n<td width=\"257\">500 unidades por cor, 100 unidades por pedido<\/td>\n<\/tr>\n<tr>\n<td width=\"257\">Embalagem<\/td>\n<td width=\"257\">1 unidade\/saco de polietileno, 50 unidades\/CTN<\/td>\n<\/tr>\n<tr>\n<td width=\"257\">Tamanho da caixa<\/td>\n<td width=\"257\">53*47*61CM<\/td>\n<\/tr>\n<tr>\n<td width=\"257\">Aplicativo<\/td>\n<td width=\"257\">Constru\u00e7\u00e3o, minera\u00e7\u00e3o, agricultura, ind\u00fastria, petr\u00f3leo etc.<\/td>\n<\/tr>\n<\/tbody>\n<\/table>\n<p>A TOPRISE oferece suporte a v\u00e1rios estilos de personaliza\u00e7\u00e3o de capacetes de seguran\u00e7a; clique para <a href=\"https:\/\/toprisesafety.com\/pt\/categoria-produto\/personal-protective-equipment\/head-protection\/safety-helmet\/\">veja mais estilos de capacetes de seguran\u00e7a.<\/a><\/p>\n<p>Se voc\u00ea n\u00e3o encontrar os capacetes de seguran\u00e7a necess\u00e1rios, <a href=\"https:\/\/toprisesafety.com\/pt\/contact-us\/\">Entre em contato conosco<\/a>Oferecemos suporte \u00e0 personaliza\u00e7\u00e3o especial.<\/p>\n<p>&nbsp;<\/p>","protected":false},"excerpt":{"rendered":"<p><strong>N\u00ba do art.<\/strong>: SH05-P (PE); SH05-A (ABS)<\/p>\n<p><strong>Material<\/strong>: PE ou ABS<\/p>\n<p><strong>Cor<\/strong>: Vermelho\/branco\/azul\/verde\/laranja etc.<\/p>\n<p><strong>Peso<\/strong>:PE 335G\/PC ; ABS: 390G\/PC<\/p>\n<p><strong>Embalagem<\/strong>: 1 unidade\/saco de polietileno, 50 unidades\/CTN<\/p>\n<p><strong>Logotipo<\/strong>: impress\u00e3o ou adesivo etc.<\/p>","protected":false},"featured_media":6104,"template":"","meta":{"_acf_changed":false},"product_brand":[],"product_cat":[366,367],"product_tag":[313],"class_list":{"0":"post-6102","1":"product","2":"type-product","3":"status-publish","4":"has-post-thumbnail","6":"product_cat-head-protection","7":"product_cat-safety-helmet","8":"product_tag-permeable-v-design-helmet","10":"first","11":"instock","12":"product-type-simple"},"acf":[],"_links":{"self":[{"href":"https:\/\/toprisesafety.com\/pt\/wp-json\/wp\/v2\/product\/6102","targetHints":{"allow":["GET"]}}],"collection":[{"href":"https:\/\/toprisesafety.com\/pt\/wp-json\/wp\/v2\/product"}],"about":[{"href":"https:\/\/toprisesafety.com\/pt\/wp-json\/wp\/v2\/types\/product"}],"wp:featuredmedia":[{"embeddable":true,"href":"https:\/\/toprisesafety.com\/pt\/wp-json\/wp\/v2\/media\/6104"}],"wp:attachment":[{"href":"https:\/\/toprisesafety.com\/pt\/wp-json\/wp\/v2\/media?parent=6102"}],"wp:term":[{"taxonomy":"product_brand","embeddable":true,"href":"https:\/\/toprisesafety.com\/pt\/wp-json\/wp\/v2\/product_brand?post=6102"},{"taxonomy":"product_cat","embeddable":true,"href":"https:\/\/toprisesafety.com\/pt\/wp-json\/wp\/v2\/product_cat?post=6102"},{"taxonomy":"product_tag","embeddable":true,"href":"https:\/\/toprisesafety.com\/pt\/wp-json\/wp\/v2\/product_tag?post=6102"}],"curies":[{"name":"wp","href":"https:\/\/api.w.org\/{rel}","templated":true}]}}