{"id":6100,"date":"2018-02-23T05:12:38","date_gmt":"2018-02-23T05:12:38","guid":{"rendered":"https:\/\/toprisesafety.com\/product\/new-breathable-safety-helmet-pe-abs\/"},"modified":"2025-03-14T06:14:47","modified_gmt":"2025-03-14T06:14:47","slug":"new-breathable-hard-helmet","status":"publish","type":"product","link":"https:\/\/toprisesafety.com\/pt\/produto\/new-breathable-hard-helmet\/","title":{"rendered":"Novo capacete r\u00edgido respir\u00e1vel"},"content":{"rendered":"<h2><a href=\"https:\/\/toprisesafety.com\/pt\/categoria-produto\/personal-protective-equipment\/head-protection\/safety-helmet\/\">Novo capacete r\u00edgido respir\u00e1vel<\/a><\/h2>\n<ul>\n<li style=\"list-style-type: none;\"><\/li>\n<\/ul>\n<table>\n<tbody>\n<tr>\n<td width=\"257\">N\u00ba do art.<\/td>\n<td width=\"257\">SH04-P(PE); SH04-A(ABS)<\/td>\n<\/tr>\n<tr>\n<td width=\"257\">Marca<\/td>\n<td width=\"257\">Apoiar a marca pr\u00f3pria do cliente<\/td>\n<\/tr>\n<tr>\n<td width=\"257\">Material<\/td>\n<td width=\"257\">PE \/ABS<\/td>\n<\/tr>\n<tr>\n<td width=\"257\">Peso<\/td>\n<td width=\"257\">PE:385G\/PC, ABS: 430G\/PC<\/td>\n<\/tr>\n<tr>\n<td width=\"257\">Forro<\/td>\n<td width=\"257\">Four points suspension fabric lining with ratchet\u00a0back for comfortable wear<\/td>\n<\/tr>\n<tr>\n<td width=\"257\">Faixa de queixo<\/td>\n<td width=\"257\">Incluindo<\/td>\n<\/tr>\n<tr>\n<td width=\"257\">Cor<\/td>\n<td width=\"257\">Branco, amarelo, azul, verde, laranja, vermelho etc.<\/td>\n<\/tr>\n<tr>\n<td width=\"257\">Padr\u00e3o de qualidade<\/td>\n<td width=\"257\">CE EN397<\/td>\n<\/tr>\n<tr>\n<td width=\"257\">MOQ<\/td>\n<td width=\"257\">500PCS \/Color, 1000PCS\/Order<\/td>\n<\/tr>\n<tr>\n<td width=\"257\">Embalagem<\/td>\n<td width=\"257\">1 unidade\/saco de polietileno, 50 unidades\/CTN<\/td>\n<\/tr>\n<tr>\n<td width=\"257\">Tamanho da caixa<\/td>\n<td width=\"257\">52*46*60CM<\/td>\n<\/tr>\n<tr>\n<td width=\"257\">Aplicativo<\/td>\n<td width=\"257\">Constru\u00e7\u00e3o, minera\u00e7\u00e3o, agricultura, ind\u00fastria, petr\u00f3leo etc.<\/td>\n<\/tr>\n<\/tbody>\n<\/table>\n<p>A TOPRISE oferece suporte a v\u00e1rios estilos de personaliza\u00e7\u00e3o de capacetes de seguran\u00e7a; clique para <a href=\"https:\/\/toprisesafety.com\/pt\/categoria-produto\/personal-protective-equipment\/head-protection\/safety-helmet\/\">veja mais estilos de capacetes de seguran\u00e7a.<\/a><\/p>\n<p>Se voc\u00ea n\u00e3o encontrar os capacetes de seguran\u00e7a necess\u00e1rios, <a href=\"https:\/\/toprisesafety.com\/pt\/contact-us\/\">Entre em contato conosco<\/a>Oferecemos suporte \u00e0 personaliza\u00e7\u00e3o especial.<\/p>\n<p>&nbsp;<\/p>","protected":false},"excerpt":{"rendered":"<p><strong>Art No.:<\/strong>SH04-P(PE); SH04-A(ABS)<\/p>\n<p><strong>Material<\/strong>: PE ou ABS<\/p>\n<p><strong>Cor<\/strong>: Vermelho\/branco\/azul\/verde\/laranja etc.<\/p>\n<p><strong>Peso<\/strong>:PE 385G\/PC ; ABS: 430G\/PC<\/p>\n<p><strong>Embalagem<\/strong>: 1 unidade\/saco de polietileno, 50 unidades\/CTN<\/p>\n<p><strong>Logotipo<\/strong>: impress\u00e3o ou adesivo etc.<\/p>","protected":false},"featured_media":6101,"template":"","meta":{"_acf_changed":false},"product_brand":[],"product_cat":[366,367],"product_tag":[312],"class_list":{"0":"post-6100","1":"product","2":"type-product","3":"status-publish","4":"has-post-thumbnail","6":"product_cat-head-protection","7":"product_cat-safety-helmet","8":"product_tag-new-breathable-safety-helmet","10":"first","11":"instock","12":"product-type-simple"},"acf":[],"_links":{"self":[{"href":"https:\/\/toprisesafety.com\/pt\/wp-json\/wp\/v2\/product\/6100","targetHints":{"allow":["GET"]}}],"collection":[{"href":"https:\/\/toprisesafety.com\/pt\/wp-json\/wp\/v2\/product"}],"about":[{"href":"https:\/\/toprisesafety.com\/pt\/wp-json\/wp\/v2\/types\/product"}],"wp:featuredmedia":[{"embeddable":true,"href":"https:\/\/toprisesafety.com\/pt\/wp-json\/wp\/v2\/media\/6101"}],"wp:attachment":[{"href":"https:\/\/toprisesafety.com\/pt\/wp-json\/wp\/v2\/media?parent=6100"}],"wp:term":[{"taxonomy":"product_brand","embeddable":true,"href":"https:\/\/toprisesafety.com\/pt\/wp-json\/wp\/v2\/product_brand?post=6100"},{"taxonomy":"product_cat","embeddable":true,"href":"https:\/\/toprisesafety.com\/pt\/wp-json\/wp\/v2\/product_cat?post=6100"},{"taxonomy":"product_tag","embeddable":true,"href":"https:\/\/toprisesafety.com\/pt\/wp-json\/wp\/v2\/product_tag?post=6100"}],"curies":[{"name":"wp","href":"https:\/\/api.w.org\/{rel}","templated":true}]}}