{"id":6098,"date":"2018-02-23T05:51:09","date_gmt":"2018-02-23T05:51:09","guid":{"rendered":"https:\/\/toprisesafety.com\/product\/h-type-safety-helmet\/"},"modified":"2025-03-14T06:14:09","modified_gmt":"2025-03-14T06:14:09","slug":"h-type-safety-helmet","status":"publish","type":"product","link":"https:\/\/toprisesafety.com\/pt\/produto\/h-type-safety-helmet\/","title":{"rendered":"Chap\u00e9u de seguran\u00e7a tipo H"},"content":{"rendered":"<h2><a href=\"https:\/\/toprisesafety.com\/pt\/categoria-produto\/personal-protective-equipment\/head-protection\/safety-helmet\/\"><strong><span style=\"font-size: 130%;\">Chap\u00e9u de seguran\u00e7a tipo H<\/span><\/strong><\/a><\/h2>\n<ul>\n<li style=\"list-style-type: none;\"><\/li>\n<\/ul>\n<table>\n<tbody>\n<tr>\n<td width=\"257\">N\u00ba do art.<\/td>\n<td width=\"257\">SH03-P\/SH03-A<\/td>\n<\/tr>\n<tr>\n<td width=\"257\">Marca<\/td>\n<td width=\"257\">Apoiar a marca pr\u00f3pria do cliente<\/td>\n<\/tr>\n<tr>\n<td width=\"257\">Material<\/td>\n<td width=\"257\">PE \/ABS<\/td>\n<\/tr>\n<tr>\n<td width=\"257\">Peso<\/td>\n<td width=\"257\">PE:330G\/PC, ABS: 410G\/PC<\/td>\n<\/tr>\n<tr>\n<td width=\"257\">Forro<\/td>\n<td width=\"257\">Four points suspension plastic lining, adjustable ratchet back for comfortable wear.<\/td>\n<\/tr>\n<tr>\n<td width=\"257\">Faixa de queixo<\/td>\n<td width=\"257\">Incluindo<\/td>\n<\/tr>\n<tr>\n<td width=\"257\">Cor<\/td>\n<td width=\"257\">Branco, amarelo, azul, verde, laranja, vermelho etc.<\/td>\n<\/tr>\n<tr>\n<td width=\"257\">Padr\u00e3o de qualidade<\/td>\n<td width=\"257\">CE EN397<\/td>\n<\/tr>\n<tr>\n<td width=\"257\">MOQ<\/td>\n<td width=\"257\">600PCS \/Color, 1200PCS\/Order<\/td>\n<\/tr>\n<tr>\n<td width=\"257\">Embalagem<\/td>\n<td width=\"257\">1PC\/Poly-bag, 30PCS\/CTN<\/td>\n<\/tr>\n<tr>\n<td width=\"257\">Tamanho da caixa<\/td>\n<td width=\"257\">64*28.5*63CM<\/td>\n<\/tr>\n<tr>\n<td width=\"257\">Aplicativo<\/td>\n<td width=\"257\">Constru\u00e7\u00e3o, minera\u00e7\u00e3o, agricultura, ind\u00fastria, petr\u00f3leo etc.<\/td>\n<\/tr>\n<\/tbody>\n<\/table>\n<p>A TOPRISE oferece suporte a v\u00e1rios estilos de personaliza\u00e7\u00e3o de capacetes de seguran\u00e7a; clique para <a href=\"https:\/\/toprisesafety.com\/pt\/categoria-produto\/personal-protective-equipment\/head-protection\/safety-helmet\/\">veja mais estilos de capacetes de seguran\u00e7a.<\/a><\/p>\n<p>Se voc\u00ea n\u00e3o encontrar os capacetes de seguran\u00e7a necess\u00e1rios, <a href=\"https:\/\/toprisesafety.com\/pt\/contact-us\/\">Entre em contato conosco<\/a>Oferecemos suporte \u00e0 personaliza\u00e7\u00e3o especial.<\/p>\n<p>&nbsp;<\/p>","protected":false},"excerpt":{"rendered":"<p>Art No.: \u00a0SH03-P (PE)\/SH03-A (ABS)<\/p>\n<p>Material: PE ou ABS<\/p>\n<p>Color:\u00a0Red\/White\/Blue\/Green\/Orange etc.<\/p>\n<p>Weight:PE 330G\/PC ; ABS:410G\/PC<\/p>\n<p>&nbsp;<\/p>\n<p>Packing: 1PC\/Poly-bag, 30PCS\/CTN<\/p>\n<p>Logotipo: impress\u00e3o ou adesivo etc.<\/p>","protected":false},"featured_media":6099,"template":"","meta":{"_acf_changed":false},"product_brand":[],"product_cat":[366,367],"product_tag":[],"class_list":{"0":"post-6098","1":"product","2":"type-product","3":"status-publish","4":"has-post-thumbnail","6":"product_cat-head-protection","7":"product_cat-safety-helmet","9":"first","10":"instock","11":"product-type-simple"},"acf":[],"_links":{"self":[{"href":"https:\/\/toprisesafety.com\/pt\/wp-json\/wp\/v2\/product\/6098"}],"collection":[{"href":"https:\/\/toprisesafety.com\/pt\/wp-json\/wp\/v2\/product"}],"about":[{"href":"https:\/\/toprisesafety.com\/pt\/wp-json\/wp\/v2\/types\/product"}],"wp:featuredmedia":[{"embeddable":true,"href":"https:\/\/toprisesafety.com\/pt\/wp-json\/wp\/v2\/media\/6099"}],"wp:attachment":[{"href":"https:\/\/toprisesafety.com\/pt\/wp-json\/wp\/v2\/media?parent=6098"}],"wp:term":[{"taxonomy":"product_brand","embeddable":true,"href":"https:\/\/toprisesafety.com\/pt\/wp-json\/wp\/v2\/product_brand?post=6098"},{"taxonomy":"product_cat","embeddable":true,"href":"https:\/\/toprisesafety.com\/pt\/wp-json\/wp\/v2\/product_cat?post=6098"},{"taxonomy":"product_tag","embeddable":true,"href":"https:\/\/toprisesafety.com\/pt\/wp-json\/wp\/v2\/product_tag?post=6098"}],"curies":[{"name":"wp","href":"https:\/\/api.w.org\/{rel}","templated":true}]}}