{"id":6092,"date":"2018-02-23T06:23:01","date_gmt":"2018-02-23T06:23:01","guid":{"rendered":"https:\/\/toprisesafety.com\/product\/jsp-style-safety-helmet\/"},"modified":"2025-03-14T06:12:19","modified_gmt":"2025-03-14T06:12:19","slug":"jsp-style-safety-helmet","status":"publish","type":"product","link":"https:\/\/toprisesafety.com\/pt\/produto\/jsp-style-safety-helmet\/","title":{"rendered":"Capacete de seguran\u00e7a estilo JSP"},"content":{"rendered":"<h2><a href=\"https:\/\/toprisesafety.com\/pt\/categoria-produto\/personal-protective-equipment\/head-protection\/\"><strong><span style=\"font-size: 130%;\">Capacete de seguran\u00e7a estilo JSP<\/span><\/strong><\/a><\/h2>\n<ul>\n<li style=\"list-style-type: none;\">\n<ul>\n<li>Copy&#8221; JSP&#8221; Safety helmet, PE material, plastic lining white color\uff0c335g\/pc ,with chin buckle, CE EN397<\/li>\n<\/ul>\n<\/li>\n<\/ul>\n<ul>\n<li style=\"list-style-type: none;\">\n<ul>\n<li>100%new PE material, high impact resistant<\/li>\n<\/ul>\n<\/li>\n<\/ul>\n<ul>\n<li style=\"list-style-type: none;\">\n<ul>\n<li>Support for customer own logo printing in front or curved on helmet or put a sticker on helmet<\/li>\n<\/ul>\n<\/li>\n<\/ul>\n<ul>\n<li style=\"list-style-type: none;\">\n<ul>\n<li>Durable quality<\/li>\n<\/ul>\n<\/li>\n<\/ul>\n<ul>\n<li style=\"list-style-type: none;\">\n<ul>\n<li>Support for special packing such as printed poly-bag etc.<\/li>\n<\/ul>\n<\/li>\n<\/ul>\n<table>\n<tbody>\n<tr>\n<td width=\"257\">N\u00ba do art.<\/td>\n<td width=\"257\">SH01<\/td>\n<\/tr>\n<tr>\n<td width=\"257\">Marca<\/td>\n<td width=\"257\">Apoiar a marca pr\u00f3pria do cliente<\/td>\n<\/tr>\n<tr>\n<td width=\"257\">Material<\/td>\n<td width=\"257\">PE<\/td>\n<\/tr>\n<tr>\n<td width=\"257\">Peso<\/td>\n<td width=\"257\">PE:335G\/PC<\/td>\n<\/tr>\n<tr>\n<td width=\"257\">Forro<\/td>\n<td width=\"257\">Six points suspension plastic lining with pin-point back for comfortable wear<\/td>\n<\/tr>\n<tr>\n<td width=\"257\">Faixa de queixo<\/td>\n<td width=\"257\">Incluindo<\/td>\n<\/tr>\n<tr>\n<td width=\"257\">Cor<\/td>\n<td width=\"257\">Branco, amarelo, azul, verde, laranja, vermelho etc.<\/td>\n<\/tr>\n<tr>\n<td width=\"257\">Padr\u00e3o de qualidade<\/td>\n<td width=\"257\">CE EN397<\/td>\n<\/tr>\n<tr>\n<td width=\"257\">MOQ<\/td>\n<td width=\"257\">500PCS \/Color, 1000PCS\/Order<\/td>\n<\/tr>\n<tr>\n<td width=\"257\">Embalagem<\/td>\n<td width=\"257\">1 unidade\/saco de polietileno, 50 unidades\/CTN<\/td>\n<\/tr>\n<tr>\n<td width=\"257\">Tamanho da caixa<\/td>\n<td width=\"257\">52*46*60CM<\/td>\n<\/tr>\n<tr>\n<td width=\"257\">Aplicativo<\/td>\n<td width=\"257\">Constru\u00e7\u00e3o, minera\u00e7\u00e3o, agricultura, ind\u00fastria, petr\u00f3leo etc.<\/td>\n<\/tr>\n<\/tbody>\n<\/table>\n<p>&nbsp;<\/p>\n<figure id=\"attachment_684\" class=\"wp-caption alignnone\" style=\"width: 500px;\" aria-describedby=\"caption-attachment-684\">\n<div class=\"elementor-element elementor-element-260f1d0 elementor-widget elementor-widget-heading\" data-id=\"260f1d0\" data-element_type=\"widget\" data-widget_type=\"heading.default\">\n<div class=\"elementor-widget-container\">\n<p>A TOPRISE oferece suporte a v\u00e1rios estilos de personaliza\u00e7\u00e3o de capacetes de seguran\u00e7a; clique para <a href=\"https:\/\/toprisesafety.com\/pt\/categoria-produto\/personal-protective-equipment\/head-protection\/safety-helmet\/\">veja mais estilos de capacetes de seguran\u00e7a.<\/a><\/p>\n<p>Se voc\u00ea n\u00e3o encontrar os capacetes de seguran\u00e7a necess\u00e1rios, <a href=\"https:\/\/toprisesafety.com\/pt\/contact-us\/\">Entre em contato conosco<\/a>Oferecemos suporte \u00e0 personaliza\u00e7\u00e3o especial.<\/p>\n<\/div>\n<\/div>\n<div class=\"elementor-element elementor-element-adf484f elementor-widget elementor-widget-text-editor\" data-id=\"adf484f\" data-element_type=\"widget\" data-widget_type=\"text-editor.default\">\n<div class=\"elementor-widget-container\">\n<p>&nbsp;<\/p>\n<\/div>\n<\/div><figcaption id=\"caption-attachment-684\" class=\"wp-caption-text\"><\/figcaption><\/figure>\n<p>&nbsp;<\/p>","protected":false},"excerpt":{"rendered":"<p><strong>N\u00ba do art.<\/strong>: SH01<\/p>\n<p><strong>Material<\/strong>: PE<\/p>\n<p><strong>Cor<\/strong>: Vermelho\/branco\/azul\/verde\/laranja etc.<\/p>\n<p><strong>Peso<\/strong>:PE 335G\/PC ;<\/p>\n<p><strong>Embalagem<\/strong>: 1 unidade\/saco de polietileno, 50 unidades\/CTN<\/p>\n<p><strong>Logotipo<\/strong>: impress\u00e3o ou adesivo etc.<\/p>\n<p><strong>MOQ<\/strong>: 500 unidades por cor.<\/p>","protected":false},"featured_media":6093,"template":"","meta":{"_acf_changed":false},"product_brand":[],"product_cat":[366,367],"product_tag":[308],"class_list":{"0":"post-6092","1":"product","2":"type-product","3":"status-publish","4":"has-post-thumbnail","6":"product_cat-head-protection","7":"product_cat-safety-helmet","8":"product_tag-jsp-style-safety-helmet","10":"first","11":"instock","12":"product-type-simple"},"acf":[],"_links":{"self":[{"href":"https:\/\/toprisesafety.com\/pt\/wp-json\/wp\/v2\/product\/6092","targetHints":{"allow":["GET"]}}],"collection":[{"href":"https:\/\/toprisesafety.com\/pt\/wp-json\/wp\/v2\/product"}],"about":[{"href":"https:\/\/toprisesafety.com\/pt\/wp-json\/wp\/v2\/types\/product"}],"wp:featuredmedia":[{"embeddable":true,"href":"https:\/\/toprisesafety.com\/pt\/wp-json\/wp\/v2\/media\/6093"}],"wp:attachment":[{"href":"https:\/\/toprisesafety.com\/pt\/wp-json\/wp\/v2\/media?parent=6092"}],"wp:term":[{"taxonomy":"product_brand","embeddable":true,"href":"https:\/\/toprisesafety.com\/pt\/wp-json\/wp\/v2\/product_brand?post=6092"},{"taxonomy":"product_cat","embeddable":true,"href":"https:\/\/toprisesafety.com\/pt\/wp-json\/wp\/v2\/product_cat?post=6092"},{"taxonomy":"product_tag","embeddable":true,"href":"https:\/\/toprisesafety.com\/pt\/wp-json\/wp\/v2\/product_tag?post=6092"}],"curies":[{"name":"wp","href":"https:\/\/api.w.org\/{rel}","templated":true}]}}