{"id":6088,"date":"2018-02-23T10:08:24","date_gmt":"2018-02-23T10:08:24","guid":{"rendered":"https:\/\/toprisesafety.com\/product\/pc-face-shield\/"},"modified":"2025-03-24T04:33:21","modified_gmt":"2025-03-24T04:33:21","slug":"clear-face-shield","status":"publish","type":"product","link":"https:\/\/toprisesafety.com\/pt\/produto\/clear-face-shield\/","title":{"rendered":"Protetor facial transparente"},"content":{"rendered":"<h2><strong><span style=\"font-size: 130%;\">Protetor facial transparente<\/span><\/strong><\/h2>\n<table>\n<tbody>\n<tr>\n<td width=\"284\">N\u00ba do art.<\/td>\n<td width=\"284\">FSP03<\/td>\n<\/tr>\n<tr>\n<td width=\"284\">Material superior<\/td>\n<td width=\"284\">ABS<\/td>\n<\/tr>\n<tr>\n<td width=\"284\">Material da viseira<\/td>\n<td width=\"284\">Clear PC<\/td>\n<\/tr>\n<tr>\n<td width=\"284\">Tamanho da viseira<\/td>\n<td width=\"284\">33 cm de comprimento * 22 cm de largura<\/td>\n<\/tr>\n<tr>\n<td width=\"284\">Capacete<\/td>\n<td width=\"284\">Turbilh\u00e3o de catraca<\/td>\n<\/tr>\n<tr>\n<td width=\"284\">Aplicativo<\/td>\n<td width=\"284\">Prote\u00e7\u00e3o contra respingos de produtos qu\u00edmicos, poeira<\/td>\n<\/tr>\n<tr>\n<td width=\"284\">\u00c1rea usada<\/td>\n<td width=\"284\">Constru\u00e7\u00e3o, laborat\u00f3rio, minera\u00e7\u00e3o, industrial, jardim, etc.<\/td>\n<\/tr>\n<tr>\n<td width=\"284\">Embalagem<\/td>\n<td width=\"284\">1PC\/poly-bag, 10PCS\/CTN.<\/td>\n<\/tr>\n<tr>\n<td width=\"284\">Tamanho da caixa<\/td>\n<td width=\"284\">51*30*52CM<\/td>\n<\/tr>\n<tr>\n<td width=\"284\">N\/G.W<\/td>\n<td width=\"284\">4\/3KGS<\/td>\n<\/tr>\n<\/tbody>\n<\/table>\n<p>A TOPRISE oferece suporte a v\u00e1rios estilos de personaliza\u00e7\u00e3o de protetores faciais; clique para <a href=\"https:\/\/toprisesafety.com\/pt\/categoria-produto\/personal-protective-equipment\/face-protection\/face-shield\/\">veja mais estilos de protetores faciais<\/a>.<\/p>\n<p>Se voc\u00ea n\u00e3o encontrar os protetores faciais necess\u00e1rios, <a href=\"https:\/\/toprisesafety.com\/pt\/contact-us\/\">Entre em contato conosco<\/a>Oferecemos suporte \u00e0 personaliza\u00e7\u00e3o especial.<\/p>\n<figure id=\"attachment_700\" class=\"wp-caption alignnone\" style=\"width: 500px;\" aria-describedby=\"caption-attachment-700\"><figcaption id=\"caption-attachment-700\" class=\"wp-caption-text\"><\/figcaption><\/figure>","protected":false},"excerpt":{"rendered":"<p>Art No. FSP03<\/p>\n<p>Top material:\u00a0 ABS<\/p>\n<p>Visor material : Clear PC<\/p>\n<p>Visor size: 33*22CM<\/p>\n<p>Chapelaria: com catraca girat\u00f3ria para tr\u00e1s<\/p>\n<p>MOQ: 500 PCS<\/p>","protected":false},"featured_media":6089,"template":"","meta":{"_acf_changed":false},"product_brand":[],"product_cat":[361,365],"product_tag":[],"class_list":{"0":"post-6088","1":"product","2":"type-product","3":"status-publish","4":"has-post-thumbnail","6":"product_cat-face-protection","7":"product_cat-face-shield","9":"first","10":"instock","11":"product-type-simple"},"acf":[],"_links":{"self":[{"href":"https:\/\/toprisesafety.com\/pt\/wp-json\/wp\/v2\/product\/6088"}],"collection":[{"href":"https:\/\/toprisesafety.com\/pt\/wp-json\/wp\/v2\/product"}],"about":[{"href":"https:\/\/toprisesafety.com\/pt\/wp-json\/wp\/v2\/types\/product"}],"wp:featuredmedia":[{"embeddable":true,"href":"https:\/\/toprisesafety.com\/pt\/wp-json\/wp\/v2\/media\/6089"}],"wp:attachment":[{"href":"https:\/\/toprisesafety.com\/pt\/wp-json\/wp\/v2\/media?parent=6088"}],"wp:term":[{"taxonomy":"product_brand","embeddable":true,"href":"https:\/\/toprisesafety.com\/pt\/wp-json\/wp\/v2\/product_brand?post=6088"},{"taxonomy":"product_cat","embeddable":true,"href":"https:\/\/toprisesafety.com\/pt\/wp-json\/wp\/v2\/product_cat?post=6088"},{"taxonomy":"product_tag","embeddable":true,"href":"https:\/\/toprisesafety.com\/pt\/wp-json\/wp\/v2\/product_tag?post=6088"}],"curies":[{"name":"wp","href":"https:\/\/api.w.org\/{rel}","templated":true}]}}