{"id":6081,"date":"2018-02-23T10:35:58","date_gmt":"2018-02-23T10:35:58","guid":{"rendered":"https:\/\/toprisesafety.com\/product\/pvc-face-shield-visor\/"},"modified":"2025-03-24T04:32:20","modified_gmt":"2025-03-24T04:32:20","slug":"face-shield","status":"publish","type":"product","link":"https:\/\/toprisesafety.com\/pt\/produto\/face-shield\/","title":{"rendered":"Protetor facial"},"content":{"rendered":"<h2>Protetor facial<\/h2>\n<table>\n<tbody>\n<tr>\n<td width=\"284\">N\u00ba do art.<\/td>\n<td width=\"284\">FSP05<\/td>\n<\/tr>\n<tr>\n<td width=\"284\">Material do suporte preto<\/td>\n<td width=\"284\">PP ou ABS ou alum\u00ednio para escolha<\/td>\n<\/tr>\n<tr>\n<td width=\"284\">Material da viseira<\/td>\n<td width=\"284\">PVC transparente<\/td>\n<\/tr>\n<tr>\n<td width=\"284\">Tamanho da viseira<\/td>\n<td width=\"284\">39 cm de comprimento * 20 cm de largura<\/td>\n<\/tr>\n<tr>\n<td width=\"284\">Aplicativo<\/td>\n<td width=\"284\">Prote\u00e7\u00e3o contra respingos de produtos qu\u00edmicos, poeira<\/td>\n<\/tr>\n<tr>\n<td width=\"284\">\u00c1rea usada<\/td>\n<td width=\"284\">Constru\u00e7\u00e3o, minera\u00e7\u00e3o, industrial, jardim, etc.<\/td>\n<\/tr>\n<tr>\n<td width=\"284\">Embalagem<\/td>\n<td width=\"284\">1 unidade\/saco de polietileno, 100 unidades\/CTN.<\/td>\n<\/tr>\n<tr>\n<td width=\"284\">Tamanho da caixa<\/td>\n<td width=\"284\">51*42*64CM<\/td>\n<\/tr>\n<tr>\n<td width=\"284\">N\/G.W<\/td>\n<td width=\"284\">10\/9KGS<\/td>\n<\/tr>\n<\/tbody>\n<\/table>\n<p>A TOPRISE oferece suporte a v\u00e1rios estilos de personaliza\u00e7\u00e3o de protetores faciais; clique para <a href=\"https:\/\/toprisesafety.com\/pt\/categoria-produto\/personal-protective-equipment\/face-protection\/face-shield\/\">veja mais estilos de protetores faciais<\/a>.<\/p>\n<p>Se voc\u00ea n\u00e3o encontrar os protetores faciais necess\u00e1rios, <a href=\"https:\/\/toprisesafety.com\/pt\/contact-us\/\">Entre em contato conosco<\/a>Oferecemos suporte \u00e0 personaliza\u00e7\u00e3o especial.<\/p>\n<figure id=\"attachment_700\" class=\"wp-caption alignnone\" style=\"width: 500px;\" aria-describedby=\"caption-attachment-700\"><\/figure>","protected":false},"excerpt":{"rendered":"<p>N\u00ba art. FSP05<\/p>\n<p>Material da viseira: PVC transparente<\/p>\n<p>Tamanho da viseira: 39*20CM<\/p>\n<p>MOQ: 600 PCS<\/p>","protected":false},"featured_media":6082,"template":"","meta":{"_acf_changed":false},"product_brand":[],"product_cat":[361,365],"product_tag":[],"class_list":{"0":"post-6081","1":"product","2":"type-product","3":"status-publish","4":"has-post-thumbnail","6":"product_cat-face-protection","7":"product_cat-face-shield","9":"first","10":"instock","11":"product-type-simple"},"acf":[],"_links":{"self":[{"href":"https:\/\/toprisesafety.com\/pt\/wp-json\/wp\/v2\/product\/6081"}],"collection":[{"href":"https:\/\/toprisesafety.com\/pt\/wp-json\/wp\/v2\/product"}],"about":[{"href":"https:\/\/toprisesafety.com\/pt\/wp-json\/wp\/v2\/types\/product"}],"wp:featuredmedia":[{"embeddable":true,"href":"https:\/\/toprisesafety.com\/pt\/wp-json\/wp\/v2\/media\/6082"}],"wp:attachment":[{"href":"https:\/\/toprisesafety.com\/pt\/wp-json\/wp\/v2\/media?parent=6081"}],"wp:term":[{"taxonomy":"product_brand","embeddable":true,"href":"https:\/\/toprisesafety.com\/pt\/wp-json\/wp\/v2\/product_brand?post=6081"},{"taxonomy":"product_cat","embeddable":true,"href":"https:\/\/toprisesafety.com\/pt\/wp-json\/wp\/v2\/product_cat?post=6081"},{"taxonomy":"product_tag","embeddable":true,"href":"https:\/\/toprisesafety.com\/pt\/wp-json\/wp\/v2\/product_tag?post=6081"}],"curies":[{"name":"wp","href":"https:\/\/api.w.org\/{rel}","templated":true}]}}