{"id":6079,"date":"2018-02-23T12:10:56","date_gmt":"2018-02-23T12:10:56","guid":{"rendered":"https:\/\/toprisesafety.com\/product\/german-style-welding-mask\/"},"modified":"2025-03-24T04:52:39","modified_gmt":"2025-03-24T04:52:39","slug":"welding-masks","status":"publish","type":"product","link":"https:\/\/toprisesafety.com\/pt\/produto\/welding-masks\/","title":{"rendered":"M\u00e1scaras de soldagem"},"content":{"rendered":"<h2>M\u00e1scaras de soldagem<\/h2>\n<p align=\"left\"><strong>Descri\u00e7\u00e3o<\/strong>:<\/p>\n<ul>\n<li style=\"list-style-type: none;\">\n<ul>\n<li><span data-spm-anchor-id=\"a2700.details.pronpeci14.i1.11693f93svzaKe\">\u00a0Material: polipropileno (PP) resistente e \u00e0 prova de umidade,<\/span><\/li>\n<\/ul>\n<\/li>\n<\/ul>\n<ul>\n<li style=\"list-style-type: none;\">\n<ul>\n<li>Carca\u00e7a mais espessa e dur\u00e1vel, o tipo mais popular de m\u00e1scara de soldagem personalizada<\/li>\n<\/ul>\n<\/li>\n<\/ul>\n<ul>\n<li style=\"list-style-type: none;\">\n<ul>\n<li data-spm-anchor-id=\"a2700.details.pronpeci14.i0.11693f93svzaKe\">\u00c1rea de visualiza\u00e7\u00e3o: 108x50mm, tamanho do arn\u00eas: 53-63cm<\/li>\n<\/ul>\n<\/li>\n<\/ul>\n<ul>\n<li style=\"list-style-type: none;\">\n<ul>\n<li data-spm-anchor-id=\"a2700.details.pronpeci14.i0.11693f93svzaKe\">Ajuste da parte traseira com catraca girat\u00f3ria para um uso confort\u00e1vel<\/li>\n<\/ul>\n<\/li>\n<\/ul>\n<ul>\n<li style=\"list-style-type: none;\">\n<ul>\n<li data-spm-anchor-id=\"a2700.details.pronpeci14.i0.11693f93svzaKe\">Faixa de transpira\u00e7\u00e3o para uso confort\u00e1vel<\/li>\n<\/ul>\n<\/li>\n<\/ul>\n<p><b>Caracter\u00edsticas:<\/b><\/p>\n<ul>\n<li style=\"list-style-type: none;\">\n<ul>\n<li data-spm-anchor-id=\"a2700.details.pronpeci14.i0.1f233fe1eHmcyo\">Prote\u00e7\u00e3o para os olhos: filtro duplo de luz, evita a radia\u00e7\u00e3o ultravioleta e infravermelha nociva do arco.<\/li>\n<\/ul>\n<\/li>\n<\/ul>\n<ul>\n<li style=\"list-style-type: none;\">\n<ul>\n<li data-spm-anchor-id=\"a2700.details.pronpeci14.i0.1f233fe1eHmcyo\">Prote\u00e7\u00e3o facial: preven\u00e7\u00e3o eficaz contra a ocorr\u00eancia de respingos e corpos nocivos durante a opera\u00e7\u00e3o, reduzindo as queimaduras na pele.<\/li>\n<\/ul>\n<\/li>\n<\/ul>\n<ul>\n<li style=\"list-style-type: none;\">\n<ul>\n<li data-spm-anchor-id=\"a2700.details.pronpeci14.i0.1f233fe1eHmcyo\">Prote\u00e7\u00e3o respirat\u00f3ria: orienta\u00e7\u00e3o do fluxo de ar, redu\u00e7\u00e3o eficaz de gases e poeira nocivos causados pela soldagem, etc., que podem causar les\u00f5es no corpo.<\/li>\n<\/ul>\n<\/li>\n<\/ul>\n<table>\n<tbody>\n<tr>\n<td width=\"284\">N\u00ba do art.<\/td>\n<td width=\"284\">WM02<\/td>\n<\/tr>\n<tr>\n<td width=\"284\">Material<\/td>\n<td width=\"284\">100%novo PP<\/td>\n<\/tr>\n<tr>\n<td width=\"284\">Ver \u00e1rea<\/td>\n<td width=\"284\">\u00d3culos de soldagem tamanho 108*50*3mm<\/td>\n<\/tr>\n<tr>\n<td width=\"284\">N\u00famero da sombra<\/td>\n<td width=\"284\">#11 preto (#7-#14 \u00e0 escolha)<\/td>\n<\/tr>\n<tr>\n<td width=\"284\">Estrutura<\/td>\n<td width=\"284\">Costas com catraca girat\u00f3ria para ajuste confort\u00e1vel do uso<\/td>\n<\/tr>\n<tr>\n<td width=\"284\">Design<\/td>\n<td width=\"284\">Design de preenchimento<\/td>\n<\/tr>\n<tr>\n<td width=\"284\">Embalagem<\/td>\n<td width=\"284\">1 unidade\/saco de polietileno, 25 unidades\/CTN<\/td>\n<\/tr>\n<tr>\n<td width=\"284\">Tamanho da caixa<\/td>\n<td width=\"284\">52*45*52CM<\/td>\n<\/tr>\n<tr>\n<td width=\"284\">N\/G.W<\/td>\n<td width=\"284\">11\/12KGS<\/td>\n<\/tr>\n<\/tbody>\n<\/table>\n<p>A TOPRISE oferece suporte a v\u00e1rios estilos de personaliza\u00e7\u00e3o de m\u00e1scaras de soldagem e capacetes de soldagem; clique para<a href=\"https:\/\/toprisesafety.com\/pt\/categoria-produto\/personal-protective-equipment\/face-protection\/welding-helmet\/\"> Veja mais estilos de m\u00e1scaras e capacetes de soldagem.<\/a><\/p>\n<p>Se voc\u00ea n\u00e3o encontrar as m\u00e1scaras e capacetes de soldagem necess\u00e1rios, <a href=\"https:\/\/toprisesafety.com\/pt\/contact-us\/\">Entre em contato conosco<\/a>Oferecemos suporte \u00e0 personaliza\u00e7\u00e3o especial.<\/p>","protected":false},"excerpt":{"rendered":"<p>N\u00ba do art.: WM02<\/p>\n<p>Material: 100% novo PP<\/p>\n<p>Cor: preto<\/p>\n<p>N\u00famero da sombra: #11 (#7-#14 \u00e0 escolha)<\/p>\n<p>MOQ: 500PCS<\/p>","protected":false},"featured_media":9170,"template":"","meta":{"_acf_changed":false},"product_brand":[],"product_cat":[361,362],"product_tag":[297],"class_list":{"0":"post-6079","1":"product","2":"type-product","3":"status-publish","4":"has-post-thumbnail","6":"product_cat-face-protection","7":"product_cat-welding-helmet","8":"product_tag-german-style-welding-mask","10":"first","11":"instock","12":"product-type-simple"},"acf":[],"_links":{"self":[{"href":"https:\/\/toprisesafety.com\/pt\/wp-json\/wp\/v2\/product\/6079"}],"collection":[{"href":"https:\/\/toprisesafety.com\/pt\/wp-json\/wp\/v2\/product"}],"about":[{"href":"https:\/\/toprisesafety.com\/pt\/wp-json\/wp\/v2\/types\/product"}],"wp:featuredmedia":[{"embeddable":true,"href":"https:\/\/toprisesafety.com\/pt\/wp-json\/wp\/v2\/media\/9170"}],"wp:attachment":[{"href":"https:\/\/toprisesafety.com\/pt\/wp-json\/wp\/v2\/media?parent=6079"}],"wp:term":[{"taxonomy":"product_brand","embeddable":true,"href":"https:\/\/toprisesafety.com\/pt\/wp-json\/wp\/v2\/product_brand?post=6079"},{"taxonomy":"product_cat","embeddable":true,"href":"https:\/\/toprisesafety.com\/pt\/wp-json\/wp\/v2\/product_cat?post=6079"},{"taxonomy":"product_tag","embeddable":true,"href":"https:\/\/toprisesafety.com\/pt\/wp-json\/wp\/v2\/product_tag?post=6079"}],"curies":[{"name":"wp","href":"https:\/\/api.w.org\/{rel}","templated":true}]}}