{"id":6077,"date":"2018-02-23T12:26:09","date_gmt":"2018-02-23T12:26:09","guid":{"rendered":"https:\/\/toprisesafety.com\/product\/welder-helmet-mask-welding-mask\/"},"modified":"2025-03-24T04:52:18","modified_gmt":"2025-03-24T04:52:18","slug":"welder-mask","status":"publish","type":"product","link":"https:\/\/toprisesafety.com\/pt\/produto\/welder-mask\/","title":{"rendered":"M\u00e1scara de soldador"},"content":{"rendered":"<h2>M\u00e1scara de soldador<\/h2>\n<ul>\n<li style=\"list-style-type: none;\">\n<ul>\n<li>\u00a0Concha resistente a impactos, material PP<\/li>\n<\/ul>\n<\/li>\n<\/ul>\n<ul>\n<li style=\"list-style-type: none;\">\n<ul>\n<li><span data-spm-anchor-id=\"a2700.details.pronpeci14.i1.76ef6f9601YwsX\">Tamanho da \u00e1rea de visualiza\u00e7\u00e3o: 108 mm x 50 mm<\/span><\/li>\n<\/ul>\n<\/li>\n<\/ul>\n<ul>\n<li style=\"list-style-type: none;\">\n<ul>\n<li>Arn\u00eas de catraca com roda e almofada de espuma macia para a cabe\u00e7a, confort\u00e1vel de usar, protege o rosto e a cabe\u00e7a contra ferimentos causados por fa\u00edscas<\/li>\n<\/ul>\n<\/li>\n<\/ul>\n<ul>\n<li style=\"list-style-type: none;\">\n<ul>\n<li>\u00a0Design frontal flip-up, perfeito no acabamento.  F\u00e1cil de trocar o vidro, a concha pode ser usada v\u00e1rias vezes<\/li>\n<\/ul>\n<\/li>\n<\/ul>\n<ul>\n<li style=\"list-style-type: none;\">\n<ul>\n<li>\u00a0Adaptado para soldagem, corte, corte a g\u00e1s, etc.<\/li>\n<\/ul>\n<\/li>\n<\/ul>\n<ul>\n<li style=\"list-style-type: none;\">\n<ul>\n<li>As lentes anti-UV e IR adotadas protegem os olhos do usu\u00e1rio.<\/li>\n<\/ul>\n<\/li>\n<\/ul>\n<ul>\n<li style=\"list-style-type: none;\">\n<ul>\n<li data-spm-anchor-id=\"a2700.details.pronpeci14.i0.76ef6f9601YwsX\">O logotipo do cliente est\u00e1 dispon\u00edvel com a adi\u00e7\u00e3o de um adesivo<\/li>\n<\/ul>\n<\/li>\n<\/ul>\n<table>\n<tbody>\n<tr>\n<td width=\"284\">N\u00ba do art.<\/td>\n<td width=\"284\">WM03<\/td>\n<\/tr>\n<tr>\n<td width=\"284\">Material<\/td>\n<td width=\"284\">\u00a0PP<\/td>\n<\/tr>\n<tr>\n<td width=\"284\">Ver \u00e1rea<\/td>\n<td width=\"284\">\u00d3culos de soldagem tamanho 108*50*3mm<\/td>\n<\/tr>\n<tr>\n<td width=\"284\">N\u00famero da sombra<\/td>\n<td width=\"284\">#11 preto (#7-#14 para escolha)<\/td>\n<\/tr>\n<tr>\n<td width=\"284\">Estrutura<\/td>\n<td width=\"284\">Costas com catraca girat\u00f3ria para ajuste confort\u00e1vel do uso<\/td>\n<\/tr>\n<tr>\n<td width=\"284\">Design<\/td>\n<td width=\"284\">Design de preenchimento<\/td>\n<\/tr>\n<tr>\n<td width=\"284\">Embalagem<\/td>\n<td width=\"284\">1 unidade\/saco de polietileno, 25 unidades\/CTN<\/td>\n<\/tr>\n<tr>\n<td width=\"284\">Tamanho da caixa<\/td>\n<td width=\"284\">52*46*55CM<\/td>\n<\/tr>\n<tr>\n<td width=\"284\">N\/G.W<\/td>\n<td width=\"284\">14\/12KGS<\/td>\n<\/tr>\n<\/tbody>\n<\/table>\n<p>A TOPRISE oferece suporte a v\u00e1rios estilos de personaliza\u00e7\u00e3o de m\u00e1scaras de soldagem e capacetes de soldagem; clique para<a href=\"https:\/\/toprisesafety.com\/pt\/categoria-produto\/personal-protective-equipment\/face-protection\/welding-helmet\/\"> Veja mais estilos de m\u00e1scaras e capacetes de soldagem.<\/a><\/p>\n<p>Se voc\u00ea n\u00e3o encontrar as m\u00e1scaras e capacetes de soldagem necess\u00e1rios, <a href=\"https:\/\/toprisesafety.com\/pt\/contact-us\/\">Entre em contato conosco<\/a>Oferecemos suporte \u00e0 personaliza\u00e7\u00e3o especial.<\/p>\n<p>&nbsp;<\/p>","protected":false},"excerpt":{"rendered":"<p>N\u00ba do art.: WM03<\/p>\n<p>Material: PP<\/p>\n<p>Cor: preto<\/p>\n<p>N\u00famero da sombra: #11 (#7-#14 \u00e0 escolha)<\/p>\n<p>MOQ: 500PC<\/p>","protected":false},"featured_media":6078,"template":"","meta":{"_acf_changed":false},"product_brand":[],"product_cat":[361,362],"product_tag":[296],"class_list":{"0":"post-6077","1":"product","2":"type-product","3":"status-publish","4":"has-post-thumbnail","6":"product_cat-face-protection","7":"product_cat-welding-helmet","8":"product_tag-welder-helmet-mask-welding-mask","10":"first","11":"instock","12":"product-type-simple"},"acf":[],"_links":{"self":[{"href":"https:\/\/toprisesafety.com\/pt\/wp-json\/wp\/v2\/product\/6077"}],"collection":[{"href":"https:\/\/toprisesafety.com\/pt\/wp-json\/wp\/v2\/product"}],"about":[{"href":"https:\/\/toprisesafety.com\/pt\/wp-json\/wp\/v2\/types\/product"}],"wp:featuredmedia":[{"embeddable":true,"href":"https:\/\/toprisesafety.com\/pt\/wp-json\/wp\/v2\/media\/6078"}],"wp:attachment":[{"href":"https:\/\/toprisesafety.com\/pt\/wp-json\/wp\/v2\/media?parent=6077"}],"wp:term":[{"taxonomy":"product_brand","embeddable":true,"href":"https:\/\/toprisesafety.com\/pt\/wp-json\/wp\/v2\/product_brand?post=6077"},{"taxonomy":"product_cat","embeddable":true,"href":"https:\/\/toprisesafety.com\/pt\/wp-json\/wp\/v2\/product_cat?post=6077"},{"taxonomy":"product_tag","embeddable":true,"href":"https:\/\/toprisesafety.com\/pt\/wp-json\/wp\/v2\/product_tag?post=6077"}],"curies":[{"name":"wp","href":"https:\/\/api.w.org\/{rel}","templated":true}]}}