{"id":6074,"date":"2018-02-23T12:35:53","date_gmt":"2018-02-23T12:35:53","guid":{"rendered":"https:\/\/toprisesafety.com\/product\/hand-held-welding-mask\/"},"modified":"2025-03-24T04:51:55","modified_gmt":"2025-03-24T04:51:55","slug":"hand-held-welding-mask","status":"publish","type":"product","link":"https:\/\/toprisesafety.com\/pt\/produto\/hand-held-welding-mask\/","title":{"rendered":"M\u00e1scara de soldagem manual"},"content":{"rendered":"<h2><strong><span style=\"font-size: 130%;\">M\u00e1scara de soldagem manual\u00a0<\/span><\/strong><\/h2>\n<ul>\n<li style=\"list-style-type: none;\">\n<ul>\n<li>Concha resistente a impactos, material PP<\/li>\n<\/ul>\n<\/li>\n<\/ul>\n<ul>\n<li style=\"list-style-type: none;\">\n<ul>\n<li><span data-spm-anchor-id=\"a2700.details.pronpeci14.i1.76ef6f9601YwsX\">Tamanho da \u00e1rea de visualiza\u00e7\u00e3o: 108 mm x 50 mm<\/span><\/li>\n<\/ul>\n<\/li>\n<\/ul>\n<ul>\n<li style=\"list-style-type: none;\">\n<ul>\n<li>M\u00e3o segura para proteger o rosto e a cabe\u00e7a de ferimentos causados por fa\u00edscas<\/li>\n<\/ul>\n<\/li>\n<\/ul>\n<ul>\n<li style=\"list-style-type: none;\">\n<ul>\n<li>\u00a0Adaptado para soldagem, corte, corte a g\u00e1s, etc.<\/li>\n<\/ul>\n<\/li>\n<\/ul>\n<ul>\n<li style=\"list-style-type: none;\">\n<ul>\n<li>As lentes anti-UV e IR adotadas protegem os olhos do usu\u00e1rio.<\/li>\n<\/ul>\n<\/li>\n<\/ul>\n<ul>\n<li style=\"list-style-type: none;\">\n<ul>\n<li data-spm-anchor-id=\"a2700.details.pronpeci14.i0.76ef6f9601YwsX\">O logotipo do cliente est\u00e1 dispon\u00edvel com a adi\u00e7\u00e3o de um adesivo<\/li>\n<\/ul>\n<\/li>\n<\/ul>\n<ul>\n<li style=\"list-style-type: none;\">\n<ul>\n<li data-spm-anchor-id=\"a2700.details.pronpeci14.i0.76ef6f9601YwsX\">Todas as superf\u00edcies internas do capacete de soldagem t\u00eam um acabamento fosco<\/li>\n<\/ul>\n<\/li>\n<\/ul>\n<ul>\n<li style=\"list-style-type: none;\">\n<ul>\n<li data-spm-anchor-id=\"a2700.details.pronpeci14.i0.76ef6f9601YwsX\">Substitui\u00e7\u00e3o r\u00e1pida e f\u00e1cil da lente:<strong>\u00a0<\/strong>Devido ao design patenteado, as lentes de filtro e as lentes de cobertura podem ser instaladas e removidas com facilidade e rapidez.<\/li>\n<\/ul>\n<\/li>\n<\/ul>\n<ul>\n<li style=\"list-style-type: none;\">\n<ul>\n<li data-spm-anchor-id=\"a2700.details.pronpeci14.i0.76ef6f9601YwsX\">Inclui resist\u00eancia a impactos frontais e laterais.<\/li>\n<\/ul>\n<\/li>\n<\/ul>\n<ul>\n<li style=\"list-style-type: none;\">\n<ul>\n<li data-spm-anchor-id=\"a2700.details.pronpeci14.i0.76ef6f9601YwsX\">Atenua\u00e7\u00e3o da luz:<strong>\u00a0<\/strong>A carca\u00e7a do capacete de soldagem pode bloquear a luz prejudicial durante o processo de soldagem, e nenhuma luz n\u00e3o atenuada \u00e9 vis\u00edvel em qualquer posi\u00e7\u00e3o do capacete de soldagem.<\/li>\n<\/ul>\n<\/li>\n<\/ul>\n<table>\n<tbody>\n<tr>\n<td width=\"284\">N\u00ba do art.<\/td>\n<td width=\"284\">WM04<\/td>\n<\/tr>\n<tr>\n<td width=\"284\">Material<\/td>\n<td width=\"284\">PP<\/td>\n<\/tr>\n<tr>\n<td width=\"284\">Ver \u00e1rea<\/td>\n<td width=\"284\">\u00d3culos de soldagem tamanho 108*50*3mm<\/td>\n<\/tr>\n<tr>\n<td width=\"284\">N\u00famero da sombra<\/td>\n<td width=\"284\">#11 preto (#7-#14 \u00e0 escolha)<\/td>\n<\/tr>\n<tr>\n<td width=\"284\">Estrutura<\/td>\n<td width=\"284\">De m\u00e3o<\/td>\n<\/tr>\n<tr>\n<td width=\"284\">Embalagem<\/td>\n<td width=\"284\">1 unidade\/saco de polietileno, 50 unidades\/CTN<\/td>\n<\/tr>\n<tr>\n<td width=\"284\">Tamanho da caixa<\/td>\n<td width=\"284\">48*24*70CM<\/td>\n<\/tr>\n<tr>\n<td width=\"284\">N\/G.W<\/td>\n<td width=\"284\">12,5\/13,5KGS<\/td>\n<\/tr>\n<\/tbody>\n<\/table>\n<figure id=\"attachment_716\" class=\"wp-caption alignnone\" style=\"width: 500px;\" aria-describedby=\"caption-attachment-716\"><\/figure>\n<p>A TOPRISE oferece suporte a v\u00e1rios estilos de personaliza\u00e7\u00e3o de m\u00e1scaras de soldagem e capacetes de soldagem; clique para<a href=\"https:\/\/toprisesafety.com\/pt\/categoria-produto\/personal-protective-equipment\/face-protection\/welding-helmet\/\"> Veja mais estilos de m\u00e1scaras e capacetes de soldagem.<\/a><\/p>\n<p>Se voc\u00ea n\u00e3o encontrar as m\u00e1scaras e capacetes de soldagem necess\u00e1rios, <a href=\"https:\/\/toprisesafety.com\/pt\/contact-us\/\">Entre em contato conosco<\/a>Oferecemos suporte \u00e0 personaliza\u00e7\u00e3o especial.<\/p>","protected":false},"excerpt":{"rendered":"<p>N\u00ba do art.: WM04<\/p>\n<p>Material: PP<\/p>\n<p>Cor: preto<\/p>\n<p>N\u00famero da sombra: #11 (#7-#14 \u00e0 escolha)<\/p>\n<p>MOQ: 500PCS<\/p>","protected":false},"featured_media":6076,"template":"","meta":{"_acf_changed":false},"product_brand":[],"product_cat":[361,364,362],"product_tag":[293,294],"class_list":{"0":"post-6074","1":"product","2":"type-product","3":"status-publish","4":"has-post-thumbnail","6":"product_cat-face-protection","7":"product_cat-normal-welding-helmet","8":"product_cat-welding-helmet","9":"product_tag-hand-held-welding-mask","10":"product_tag-welder-helmet","12":"first","13":"instock","14":"product-type-simple"},"acf":[],"_links":{"self":[{"href":"https:\/\/toprisesafety.com\/pt\/wp-json\/wp\/v2\/product\/6074","targetHints":{"allow":["GET"]}}],"collection":[{"href":"https:\/\/toprisesafety.com\/pt\/wp-json\/wp\/v2\/product"}],"about":[{"href":"https:\/\/toprisesafety.com\/pt\/wp-json\/wp\/v2\/types\/product"}],"wp:featuredmedia":[{"embeddable":true,"href":"https:\/\/toprisesafety.com\/pt\/wp-json\/wp\/v2\/media\/6076"}],"wp:attachment":[{"href":"https:\/\/toprisesafety.com\/pt\/wp-json\/wp\/v2\/media?parent=6074"}],"wp:term":[{"taxonomy":"product_brand","embeddable":true,"href":"https:\/\/toprisesafety.com\/pt\/wp-json\/wp\/v2\/product_brand?post=6074"},{"taxonomy":"product_cat","embeddable":true,"href":"https:\/\/toprisesafety.com\/pt\/wp-json\/wp\/v2\/product_cat?post=6074"},{"taxonomy":"product_tag","embeddable":true,"href":"https:\/\/toprisesafety.com\/pt\/wp-json\/wp\/v2\/product_tag?post=6074"}],"curies":[{"name":"wp","href":"https:\/\/api.w.org\/{rel}","templated":true}]}}