{"id":6065,"date":"2018-02-24T02:07:17","date_gmt":"2018-02-24T02:07:17","guid":{"rendered":"https:\/\/toprisesafety.com\/product\/auto-darkening-welding-mask\/"},"modified":"2025-03-24T04:48:38","modified_gmt":"2025-03-24T04:48:38","slug":"auto-darkening-welding-mask","status":"publish","type":"product","link":"https:\/\/toprisesafety.com\/pt\/produto\/auto-darkening-welding-mask\/","title":{"rendered":"M\u00e1scara de solda com escurecimento autom\u00e1tico"},"content":{"rendered":"<h2><strong><span style=\"font-size: 130%;\">M\u00e1scara de solda com escurecimento autom\u00e1tico<\/span><\/strong><\/h2>\n<table>\n<tbody>\n<tr>\n<td width=\"284\">N\u00ba do art.<\/td>\n<td width=\"284\">WMA03<\/td>\n<\/tr>\n<tr>\n<td width=\"284\">Sombra vari\u00e1vel<\/td>\n<td width=\"284\">Din9-13<\/td>\n<\/tr>\n<tr>\n<td width=\"284\">Ajuste de escurid\u00e3o<\/td>\n<td width=\"284\">Externo<\/td>\n<\/tr>\n<tr>\n<td width=\"284\">\u00c1rea de visualiza\u00e7\u00e3o<\/td>\n<td width=\"284\">92*42CM<\/td>\n<\/tr>\n<tr>\n<td width=\"284\">Tempo de troca do escudo dos capacetes de seguran\u00e7a<\/td>\n<td width=\"284\">a) De claro a escuro: 1\/25.000s.<\/p>\n<p>b)Dark to light: 0.1~1.0s, Steplessly adjustable<\/td>\n<\/tr>\n<tr>\n<td width=\"284\">Sensibilidade<\/td>\n<td width=\"284\">Low and high,steplessly adjustable<\/td>\n<\/tr>\n<tr>\n<td width=\"284\">Estado da luz<\/td>\n<td width=\"284\">Sombra DIN 4<\/td>\n<\/tr>\n<tr>\n<td width=\"284\">Prote\u00e7\u00e3o UV\/IR<\/td>\n<td width=\"284\">Up to shade DIN 15 at all time<\/td>\n<\/tr>\n<tr>\n<td width=\"284\">Ligar\/desligar<\/td>\n<td width=\"284\">Autom\u00e1tico<\/td>\n<\/tr>\n<tr>\n<td width=\"284\">Fonte de alimenta\u00e7\u00e3o<\/td>\n<td width=\"284\">Grandes c\u00e9lulas solares, duas baterias de l\u00edtio<\/td>\n<\/tr>\n<tr>\n<td width=\"284\">Modo<\/td>\n<td width=\"284\">Weld \/Grind.<\/td>\n<\/tr>\n<tr>\n<td width=\"284\">Garantia<\/td>\n<td width=\"284\">2 anos<\/td>\n<\/tr>\n<tr>\n<td width=\"284\">Material e peso<\/td>\n<td width=\"284\">PP, 0,48 kg.<\/td>\n<\/tr>\n<tr>\n<td width=\"284\">Resist\u00eancia ao fogo<\/td>\n<td width=\"284\">Sim<\/td>\n<\/tr>\n<tr>\n<td width=\"284\">Dimens\u00e3o<\/td>\n<td width=\"284\">360 mm*240 mm*230 mm<\/td>\n<\/tr>\n<tr>\n<td width=\"284\">Temperatura operacional<\/td>\n<td width=\"284\">-10\u2103~\uff0b55\u2103<\/td>\n<\/tr>\n<tr>\n<td width=\"284\">Temperatura de armazenamento<\/td>\n<td width=\"284\">-20\u2103~\uff0b70\u2103.<\/td>\n<\/tr>\n<\/tbody>\n<\/table>\n<p>A TOPRISE oferece suporte a v\u00e1rios estilos de personaliza\u00e7\u00e3o de m\u00e1scaras de soldagem e capacetes de soldagem; clique para<a href=\"https:\/\/toprisesafety.com\/pt\/categoria-produto\/personal-protective-equipment\/face-protection\/welding-helmet\/\"> Veja mais estilos de m\u00e1scaras e capacetes de soldagem.<\/a><\/p>\n<p>Se voc\u00ea n\u00e3o encontrar as m\u00e1scaras e capacetes de soldagem necess\u00e1rios, <a href=\"https:\/\/toprisesafety.com\/pt\/contact-us\/\">Entre em contato conosco<\/a>Oferecemos suporte \u00e0 personaliza\u00e7\u00e3o especial.<\/p>\n<p>&nbsp;<\/p>\n<p>&nbsp;<\/p>\n<p>&nbsp;<\/p>","protected":false},"excerpt":{"rendered":"<p>Art No. : WMA03<\/p>\n<p>Cor: traseira<\/p>\n<p>View area: 92*42CM<\/p>\n<p>Tonalidade vari\u00e1vel:  DIN9-13<\/p>\n<p>MOQ: 60PCS<\/p>","protected":false},"featured_media":6067,"template":"","meta":{"_acf_changed":false},"product_brand":[],"product_cat":[363,361,362],"product_tag":[288],"class_list":{"0":"post-6065","1":"product","2":"type-product","3":"status-publish","4":"has-post-thumbnail","6":"product_cat-auto-welding-helmet","7":"product_cat-face-protection","8":"product_cat-welding-helmet","9":"product_tag-auto-darkening-welding-mask","11":"first","12":"instock","13":"product-type-simple"},"acf":[],"_links":{"self":[{"href":"https:\/\/toprisesafety.com\/pt\/wp-json\/wp\/v2\/product\/6065"}],"collection":[{"href":"https:\/\/toprisesafety.com\/pt\/wp-json\/wp\/v2\/product"}],"about":[{"href":"https:\/\/toprisesafety.com\/pt\/wp-json\/wp\/v2\/types\/product"}],"wp:featuredmedia":[{"embeddable":true,"href":"https:\/\/toprisesafety.com\/pt\/wp-json\/wp\/v2\/media\/6067"}],"wp:attachment":[{"href":"https:\/\/toprisesafety.com\/pt\/wp-json\/wp\/v2\/media?parent=6065"}],"wp:term":[{"taxonomy":"product_brand","embeddable":true,"href":"https:\/\/toprisesafety.com\/pt\/wp-json\/wp\/v2\/product_brand?post=6065"},{"taxonomy":"product_cat","embeddable":true,"href":"https:\/\/toprisesafety.com\/pt\/wp-json\/wp\/v2\/product_cat?post=6065"},{"taxonomy":"product_tag","embeddable":true,"href":"https:\/\/toprisesafety.com\/pt\/wp-json\/wp\/v2\/product_tag?post=6065"}],"curies":[{"name":"wp","href":"https:\/\/api.w.org\/{rel}","templated":true}]}}