{"id":6058,"date":"2018-02-24T03:32:56","date_gmt":"2018-02-24T03:32:56","guid":{"rendered":"https:\/\/toprisesafety.com\/product\/safety-glasses-ce-en166-ansi-z87-1\/"},"modified":"2024-11-25T06:03:25","modified_gmt":"2024-11-25T06:03:25","slug":"best-rated-safety-glasses","status":"publish","type":"product","link":"https:\/\/toprisesafety.com\/pt\/produto\/best-rated-safety-glasses\/","title":{"rendered":"\u00d3culos de seguran\u00e7a com a melhor classifica\u00e7\u00e3o"},"content":{"rendered":"<h2>\u00d3culos de seguran\u00e7a com a melhor classifica\u00e7\u00e3o<\/h2>\n<ul>\n<li style=\"list-style-type: none;\">\n<ul>\n<li data-spm-anchor-id=\"a2700.details.pronpeci14.i1.27d3343eMQ2sgq\">Modelo esportivo, arma\u00e7\u00e3o de n\u00e1ilon, lentes de PC<\/li>\n<\/ul>\n<\/li>\n<\/ul>\n<ul>\n<li style=\"list-style-type: none;\">\n<ul>\n<li>Lente de pe\u00e7a \u00fanica, leve<\/li>\n<\/ul>\n<\/li>\n<\/ul>\n<ul>\n<li style=\"list-style-type: none;\">\n<ul>\n<li>Cor da moldura: preto, azul-marinho, amarelo, vermelho, etc., \u00e0 escolha<\/li>\n<\/ul>\n<\/li>\n<\/ul>\n<ul>\n<li style=\"list-style-type: none;\">\n<ul>\n<li>Cor da lente: transparente, cinza, amarela, vermelha, azul etc.<\/li>\n<\/ul>\n<\/li>\n<\/ul>\n<ul>\n<li style=\"list-style-type: none;\">\n<ul>\n<li>Lente de policarbonato resistente a arranh\u00f5es e impactos<\/li>\n<\/ul>\n<\/li>\n<\/ul>\n<ul>\n<li style=\"list-style-type: none;\">\n<ul>\n<li>Lentes com revestimento antiemba\u00e7ante para fins qu\u00edmicos e m\u00e9dicos (opcional)<\/li>\n<\/ul>\n<\/li>\n<\/ul>\n<ul>\n<li style=\"list-style-type: none;\">\n<ul>\n<li>Prote\u00e7\u00e3o UV400, em conformidade com os padr\u00f5es CE e ANSI<\/li>\n<\/ul>\n<\/li>\n<\/ul>\n<ul>\n<li style=\"list-style-type: none;\">\n<ul>\n<li>Ajuste confort\u00e1vel e seguro de uma ampla<\/li>\n<\/ul>\n<\/li>\n<\/ul>\n<p align=\"left\"><strong>Caracter\u00edsticas das lentes de cores diferentes:<\/strong><\/p>\n<ul>\n<li style=\"list-style-type: none;\">\n<ul>\n<li>Cinza: Externo. 100% Prote\u00e7\u00e3o UVA&amp;UVB<\/li>\n<\/ul>\n<\/li>\n<\/ul>\n<ul>\n<li style=\"list-style-type: none;\">\n<ul>\n<li>Limpo: Finalidades gerais<\/li>\n<\/ul>\n<\/li>\n<\/ul>\n<ul>\n<li style=\"list-style-type: none;\">\n<ul>\n<li>Amarelo: Dire\u00e7\u00e3o noturna e piloto. Absor\u00e7\u00e3o da luz azul na faixa vis\u00edvel, proporcionando aprimoramento do contraste.<\/li>\n<\/ul>\n<\/li>\n<\/ul>\n<ul>\n<li style=\"list-style-type: none;\">\n<ul>\n<li>Vermelho: mistura especial de UV. Raios resistentes a laser<\/li>\n<\/ul>\n<\/li>\n<\/ul>\n<ul>\n<li style=\"list-style-type: none;\">\n<ul>\n<li>Laranja: Vis\u00e3o suave. Filtra o comprimento de onda el\u00e9trico e o raio infravermelho<\/li>\n<\/ul>\n<\/li>\n<\/ul>\n<ul>\n<li style=\"list-style-type: none;\">\n<ul>\n<li>Revestimento espelhado leve: oferece prote\u00e7\u00e3o contra alto impacto e raios UV nocivos para aplica\u00e7\u00f5es internas e externas, sem trocar a lente.<\/li>\n<\/ul>\n<\/li>\n<\/ul>\n<h2 align=\"left\" data-spm-anchor-id=\"a2700.details.pronpeci14.i0.27d3343eMQ2sgq\">Especifica\u00e7\u00e3o dos \u00f3culos de seguran\u00e7a com a melhor classifica\u00e7\u00e3o:<\/h2>\n<table>\n<tbody>\n<tr>\n<td width=\"284\">N\u00ba do art.<\/td>\n<td width=\"284\">SG01<\/td>\n<\/tr>\n<tr>\n<td width=\"284\">Material<\/td>\n<td width=\"284\">Arma\u00e7\u00e3o de nylon + lente de PC<\/td>\n<\/tr>\n<tr>\n<td width=\"284\">Padr\u00e3o de qualidade<\/td>\n<td width=\"284\">CE EN166 E ANSI Z87.1<\/td>\n<\/tr>\n<tr>\n<td width=\"284\">Fun\u00e7\u00e3o<\/td>\n<td width=\"284\">Anti-UV, anti-risco, anti-emba\u00e7ante para escolha<\/td>\n<\/tr>\n<tr>\n<td width=\"284\">Tamanho<\/td>\n<td width=\"284\">Tamanho adulto padr\u00e3o<\/td>\n<\/tr>\n<tr>\n<td width=\"284\">Cor<\/td>\n<td width=\"284\">Preto, cinza, amarelo, transparente, azul, etc.<\/td>\n<\/tr>\n<tr>\n<td width=\"284\">Embalagem<\/td>\n<td width=\"284\">Saco pl\u00e1stico, cart\u00e3o de cabe\u00e7a, caixa blister, caixa colorida etc.<\/td>\n<\/tr>\n<tr>\n<td width=\"284\">Aplicativo<\/td>\n<td width=\"284\">Constru\u00e7\u00e3o, industrial, minera\u00e7\u00e3o, agricultura, equita\u00e7\u00e3o, laborat\u00f3rio, militar, petr\u00f3leo etc.<\/td>\n<\/tr>\n<\/tbody>\n<\/table>\n<p><img fetchpriority=\"high\" decoding=\"async\" class=\"alignnone wp-image-741\" src=\"https:\/\/toprisesafety.com\/wp-content\/uploads\/2024\/08\/SG01-SAFETGY-GLASSES-STRUCTURE_\u526f\u672c.jpg\" alt=\"\" width=\"467\" height=\"550\" \/><\/p>","protected":false},"excerpt":{"rendered":"<p>N\u00ba do art.: SG01<\/p>\n<p>Material: Arma\u00e7\u00e3o de nylon, lentes de PC<\/p>\n<p>Cor: transparente, cinza escuro, amarelo, azul etc.<\/p>\n<p>Caracter\u00edsticas: Anti-UV, anti-riscos, anti-emba\u00e7ante para escolha<\/p>\n<p>Padr\u00e3o de qualidade: CE EN166, ANSI Z87.1<\/p>\n<p>MOQ: 1200PCS, cor especial 3000PCS<\/p>","protected":false},"featured_media":6060,"template":"","meta":{"_acf_changed":false},"product_brand":[],"product_cat":[357,360],"product_tag":[279,280],"class_list":{"0":"post-6058","1":"product","2":"type-product","3":"status-publish","4":"has-post-thumbnail","6":"product_cat-eye-protection","7":"product_cat-safety-glasses","8":"product_tag-ansi-z87-1-safety-glasses","9":"product_tag-safety-glasses-ce-en166","11":"first","12":"instock","13":"product-type-simple"},"acf":[],"_links":{"self":[{"href":"https:\/\/toprisesafety.com\/pt\/wp-json\/wp\/v2\/product\/6058"}],"collection":[{"href":"https:\/\/toprisesafety.com\/pt\/wp-json\/wp\/v2\/product"}],"about":[{"href":"https:\/\/toprisesafety.com\/pt\/wp-json\/wp\/v2\/types\/product"}],"wp:featuredmedia":[{"embeddable":true,"href":"https:\/\/toprisesafety.com\/pt\/wp-json\/wp\/v2\/media\/6060"}],"wp:attachment":[{"href":"https:\/\/toprisesafety.com\/pt\/wp-json\/wp\/v2\/media?parent=6058"}],"wp:term":[{"taxonomy":"product_brand","embeddable":true,"href":"https:\/\/toprisesafety.com\/pt\/wp-json\/wp\/v2\/product_brand?post=6058"},{"taxonomy":"product_cat","embeddable":true,"href":"https:\/\/toprisesafety.com\/pt\/wp-json\/wp\/v2\/product_cat?post=6058"},{"taxonomy":"product_tag","embeddable":true,"href":"https:\/\/toprisesafety.com\/pt\/wp-json\/wp\/v2\/product_tag?post=6058"}],"curies":[{"name":"wp","href":"https:\/\/api.w.org\/{rel}","templated":true}]}}