{"id":6056,"date":"2018-02-24T03:47:21","date_gmt":"2018-02-24T03:47:21","guid":{"rendered":"https:\/\/toprisesafety.com\/product\/popular-ce-en166-ansi-z87-1-safety-glasses\/"},"modified":"2025-03-14T07:12:13","modified_gmt":"2025-03-14T07:12:13","slug":"z87-1-safety-glasses","status":"publish","type":"product","link":"https:\/\/toprisesafety.com\/pt\/produto\/z87-1-safety-glasses\/","title":{"rendered":"\u00d3culos de seguran\u00e7a Z87.1"},"content":{"rendered":"<h2>\u00d3culos de seguran\u00e7a Z87.1<\/h2>\n<ul>\n<li style=\"list-style-type: none;\">\n<ul>\n<li data-spm-anchor-id=\"a2700.details.pronpeci14.i1.27d3343eMQ2sgq\">Modelo esportivo, lente para PC<\/li>\n<\/ul>\n<\/li>\n<\/ul>\n<ul>\n<li style=\"list-style-type: none;\">\n<ul>\n<li>Lente de pe\u00e7a \u00fanica, leve<\/li>\n<\/ul>\n<\/li>\n<\/ul>\n<ul>\n<li style=\"list-style-type: none;\">\n<ul>\n<li>Cor da lente: transparente, cinza, amarela, vermelha, azul etc.<\/li>\n<\/ul>\n<\/li>\n<\/ul>\n<ul>\n<li style=\"list-style-type: none;\">\n<ul>\n<li>Lente de policarbonato resistente a arranh\u00f5es e impactos<\/li>\n<\/ul>\n<\/li>\n<\/ul>\n<ul>\n<li style=\"list-style-type: none;\">\n<ul>\n<li>Lentes com revestimento antiemba\u00e7ante para fins qu\u00edmicos e m\u00e9dicos (opcional)<\/li>\n<\/ul>\n<\/li>\n<\/ul>\n<ul>\n<li style=\"list-style-type: none;\">\n<ul>\n<li>Prote\u00e7\u00e3o UV400, em conformidade com os padr\u00f5es CE e ANSI<\/li>\n<\/ul>\n<\/li>\n<\/ul>\n<ul>\n<li style=\"list-style-type: none;\">\n<ul>\n<li>Ajuste confort\u00e1vel e seguro de uma ampla<\/li>\n<\/ul>\n<\/li>\n<\/ul>\n<p align=\"left\"><strong>Caracter\u00edsticas das lentes de cores diferentes:<\/strong><\/p>\n<ul>\n<li style=\"list-style-type: none;\">\n<ul>\n<li>Cinza: Externo. 100% Prote\u00e7\u00e3o UVA&amp;UVB<\/li>\n<\/ul>\n<\/li>\n<\/ul>\n<ul>\n<li style=\"list-style-type: none;\">\n<ul>\n<li>Limpo: Finalidades gerais<\/li>\n<\/ul>\n<\/li>\n<\/ul>\n<ul>\n<li style=\"list-style-type: none;\">\n<ul>\n<li>Amarelo: Dire\u00e7\u00e3o noturna e piloto. Absor\u00e7\u00e3o da luz azul na faixa vis\u00edvel, proporcionando aprimoramento do contraste.<\/li>\n<\/ul>\n<\/li>\n<\/ul>\n<ul>\n<li style=\"list-style-type: none;\">\n<ul>\n<li>Vermelho: mistura especial de UV. Raios resistentes a laser<\/li>\n<\/ul>\n<\/li>\n<\/ul>\n<ul>\n<li style=\"list-style-type: none;\">\n<ul>\n<li>Laranja: Vis\u00e3o suave. Filtra o comprimento de onda el\u00e9trico e o raio infravermelho<\/li>\n<\/ul>\n<\/li>\n<\/ul>\n<ul>\n<li style=\"list-style-type: none;\">\n<ul>\n<li>Revestimento espelhado leve: oferece prote\u00e7\u00e3o contra alto impacto e raios UV nocivos para aplica\u00e7\u00f5es internas e externas, sem trocar a lente.<\/li>\n<\/ul>\n<\/li>\n<\/ul>\n<h2><strong>Especifica\u00e7\u00e3o dos \u00f3culos de seguran\u00e7a Z87.1:\u00a0<\/strong><\/h2>\n<table>\n<tbody>\n<tr>\n<td width=\"284\">N\u00ba do art.<\/td>\n<td width=\"284\">SG02<\/td>\n<\/tr>\n<tr>\n<td width=\"284\">Material<\/td>\n<td width=\"284\">Lente de PC<\/td>\n<\/tr>\n<tr>\n<td width=\"284\">Padr\u00e3o de qualidade<\/td>\n<td width=\"284\">CE EN166 E ANSI Z87.1<\/td>\n<\/tr>\n<tr>\n<td width=\"284\">Fun\u00e7\u00e3o<\/td>\n<td width=\"284\">Anti-UV, anti-risco, anti-emba\u00e7ante para escolha<\/td>\n<\/tr>\n<tr>\n<td width=\"284\">Tamanho<\/td>\n<td width=\"284\">Tamanho adulto padr\u00e3o<\/td>\n<\/tr>\n<tr>\n<td width=\"284\">Cor<\/td>\n<td width=\"284\">Preto, cinza, amarelo, transparente, azul, etc.<\/td>\n<\/tr>\n<tr>\n<td width=\"284\">Embalagem<\/td>\n<td width=\"284\">Saco pl\u00e1stico, cart\u00e3o de cabe\u00e7a, caixa blister, caixa colorida etc.<\/td>\n<\/tr>\n<tr>\n<td width=\"284\">Aplicativo<\/td>\n<td width=\"284\">Constru\u00e7\u00e3o, industrial, minera\u00e7\u00e3o, agricultura, equita\u00e7\u00e3o, laborat\u00f3rio, militar, petr\u00f3leo etc.<\/td>\n<\/tr>\n<\/tbody>\n<\/table>\n<p>A TOPRISE oferece suporte a v\u00e1rios estilos de personaliza\u00e7\u00e3o de \u00f3culos de seguran\u00e7a e \u00f3culos de solda; clique para <a href=\"https:\/\/toprisesafety.com\/pt\/categoria-produto\/personal-protective-equipment\/eye-protection\/safety-glasses\/\">veja mais estilos de \u00f3culos de seguran\u00e7a e \u00f3culos de solda<\/a>.<\/p>\n<p>Se voc\u00ea n\u00e3o encontrar os \u00f3culos de seguran\u00e7a e de soldagem necess\u00e1rios, <a href=\"https:\/\/toprisesafety.com\/pt\/contact-us\/\">Entre em contato conosco<\/a>Oferecemos suporte \u00e0 personaliza\u00e7\u00e3o especial.<\/p>","protected":false},"excerpt":{"rendered":"<p>N\u00ba do art.: SG02<\/p>\n<p>Material:  Lente de PC<\/p>\n<p>Cor: transparente, cinza escuro, amarelo, azul etc.<\/p>\n<p>Caracter\u00edsticas: Anti-UV, anti-riscos, anti-emba\u00e7ante para escolha<\/p>\n<p>Padr\u00e3o de qualidade: CE EN166, ANSI Z87.1<\/p>\n<p>MOQ: 1200PCS, cor especial 3000PC<\/p>","protected":false},"featured_media":6052,"template":"","meta":{"_acf_changed":false},"product_brand":[],"product_cat":[357,360],"product_tag":[278],"class_list":{"0":"post-6056","1":"product","2":"type-product","3":"status-publish","4":"has-post-thumbnail","6":"product_cat-eye-protection","7":"product_cat-safety-glasses","8":"product_tag-ce-en166-ansi-z8-1-safety-glasses","10":"first","11":"instock","12":"product-type-simple"},"acf":[],"_links":{"self":[{"href":"https:\/\/toprisesafety.com\/pt\/wp-json\/wp\/v2\/product\/6056"}],"collection":[{"href":"https:\/\/toprisesafety.com\/pt\/wp-json\/wp\/v2\/product"}],"about":[{"href":"https:\/\/toprisesafety.com\/pt\/wp-json\/wp\/v2\/types\/product"}],"wp:featuredmedia":[{"embeddable":true,"href":"https:\/\/toprisesafety.com\/pt\/wp-json\/wp\/v2\/media\/6052"}],"wp:attachment":[{"href":"https:\/\/toprisesafety.com\/pt\/wp-json\/wp\/v2\/media?parent=6056"}],"wp:term":[{"taxonomy":"product_brand","embeddable":true,"href":"https:\/\/toprisesafety.com\/pt\/wp-json\/wp\/v2\/product_brand?post=6056"},{"taxonomy":"product_cat","embeddable":true,"href":"https:\/\/toprisesafety.com\/pt\/wp-json\/wp\/v2\/product_cat?post=6056"},{"taxonomy":"product_tag","embeddable":true,"href":"https:\/\/toprisesafety.com\/pt\/wp-json\/wp\/v2\/product_tag?post=6056"}],"curies":[{"name":"wp","href":"https:\/\/api.w.org\/{rel}","templated":true}]}}