{"id":6038,"date":"2018-02-24T04:43:54","date_gmt":"2018-02-24T04:43:54","guid":{"rendered":"https:\/\/toprisesafety.com\/product\/eye-protection-welding-goggles\/"},"modified":"2025-03-24T03:36:20","modified_gmt":"2025-03-24T03:36:20","slug":"eye-protection-welding-goggles","status":"publish","type":"product","link":"https:\/\/toprisesafety.com\/pt\/produto\/eye-protection-welding-goggles\/","title":{"rendered":"\u00d3culos de prote\u00e7\u00e3o para solda"},"content":{"rendered":"<p><strong><span style=\"font-size: 130%;\">\u00d3culos de prote\u00e7\u00e3o para solda<\/span><\/strong><\/p>\n<p>- Design flip com posicionamento de travamento de abertura e fechamento, f\u00e1cil de usar;<\/p>\n<p>- O sistema de ventila\u00e7\u00e3o fina proporciona um efeito de uso confort\u00e1vel;<\/p>\n<p><span data-spm-anchor-id=\"a2700.details.pronpeci14.i1.19ea47ba4lvn7Y\">- As lentes internas s\u00e3o transparentes e as lentes externas adotam vidro inorg\u00e2nico colorido;<\/span><\/p>\n<p>- Adapta-se \u00e0 prote\u00e7\u00e3o em soldagem a g\u00e1s, brasagem, corte a g\u00e1s, etc.<\/p>\n<p data-spm-anchor-id=\"a2700.details.pronpeci14.i0.19ea47ba4lvn7Y\">- Grau de prote\u00e7\u00e3o: 5\u00aa s\u00e9rie.<\/p>\n<h2 data-spm-anchor-id=\"a2700.details.pronpeci14.i0.19ea47ba4lvn7Y\"><strong>Especifica\u00e7\u00f5es dos \u00f3culos de prote\u00e7\u00e3o ocular para soldagem:<\/strong><\/h2>\n<table>\n<tbody>\n<tr>\n<td width=\"284\">N\u00ba do art.<\/td>\n<td width=\"284\">WG02<\/td>\n<\/tr>\n<tr>\n<td width=\"284\">Material<\/td>\n<td width=\"284\">Arma\u00e7\u00e3o de PVC, lente interna de PVC transparente, lente externa de \u00f3culos de seguran\u00e7a preta<\/td>\n<\/tr>\n<tr>\n<td width=\"284\">Grau de prote\u00e7\u00e3o<\/td>\n<td width=\"284\">5\u00aa s\u00e9rie<\/td>\n<\/tr>\n<tr>\n<td width=\"284\">Cor<\/td>\n<td width=\"284\">Verde, azul, etc.<\/td>\n<\/tr>\n<tr>\n<td width=\"284\">Embalagem<\/td>\n<td width=\"284\">Saco pl\u00e1stico, cart\u00e3o de cabe\u00e7a, caixa blister, caixa colorida etc.<\/td>\n<\/tr>\n<tr>\n<td width=\"284\">Aplicativo<\/td>\n<td width=\"284\">Trabalho de soldagem<\/td>\n<\/tr>\n<\/tbody>\n<\/table>\n<p>&nbsp;<\/p>\n<p>A TOPRISE oferece suporte a v\u00e1rios estilos de personaliza\u00e7\u00e3o de \u00f3culos de seguran\u00e7a e \u00f3culos de solda; clique para <a href=\"https:\/\/toprisesafety.com\/pt\/categoria-produto\/personal-protective-equipment\/eye-protection\/safety-glasses\/\">veja mais estilos de \u00f3culos de seguran\u00e7a e \u00f3culos de solda<\/a>.<\/p>\n<p>Se voc\u00ea n\u00e3o encontrar os \u00f3culos de seguran\u00e7a e de soldagem necess\u00e1rios, <a href=\"https:\/\/toprisesafety.com\/pt\/contact-us\/\">Entre em contato conosco<\/a>Oferecemos suporte \u00e0 personaliza\u00e7\u00e3o especial.<\/p>\n<p>&nbsp;<\/p>\n<div><strong><span style=\"font-size: 200%;\">Mais modelos de \u00f3culos de soldagem para escolha:\u00a0<\/span><\/strong><\/div>\n<p><a href=\"https:\/\/toprisesafety.com\/pt\/produto\/welding-goggles-eye-protective-welding-glasses\/\"><img fetchpriority=\"high\" decoding=\"async\" class=\"size-full wp-image-757\" src=\"https:\/\/toprisesafety.com\/wp-content\/uploads\/2024\/08\/WS01-1.jpg\" alt=\"Welding goggles eye protective welding glasses\" width=\"720\" height=\"720\" \/><\/a><\/p>\n<h1 class=\"product-title entry-title\"><span style=\"font-size: 75%;\">\u00d3culos de solda para prote\u00e7\u00e3o dos olhos<\/span><\/h1>","protected":false},"excerpt":{"rendered":"<p>Material: Arma\u00e7\u00e3o de PVC, lente interna de PVC transparente, lente externa de \u00f3culos de seguran\u00e7a preta<\/p>\n<p>Cor: verde, azul etc.<\/p>\n<p>Grau: 5 grau<\/p>\n<p>MOQ: 1000PCS, cor especial 3000PCS<\/p>","protected":false},"featured_media":6040,"template":"","meta":{"_acf_changed":false},"product_brand":[],"product_cat":[357,360],"product_tag":[271],"class_list":{"0":"post-6038","1":"product","2":"type-product","3":"status-publish","4":"has-post-thumbnail","6":"product_cat-eye-protection","7":"product_cat-safety-glasses","8":"product_tag-eye-protection-welding-goggles","10":"first","11":"instock","12":"product-type-simple"},"acf":[],"_links":{"self":[{"href":"https:\/\/toprisesafety.com\/pt\/wp-json\/wp\/v2\/product\/6038","targetHints":{"allow":["GET"]}}],"collection":[{"href":"https:\/\/toprisesafety.com\/pt\/wp-json\/wp\/v2\/product"}],"about":[{"href":"https:\/\/toprisesafety.com\/pt\/wp-json\/wp\/v2\/types\/product"}],"wp:featuredmedia":[{"embeddable":true,"href":"https:\/\/toprisesafety.com\/pt\/wp-json\/wp\/v2\/media\/6040"}],"wp:attachment":[{"href":"https:\/\/toprisesafety.com\/pt\/wp-json\/wp\/v2\/media?parent=6038"}],"wp:term":[{"taxonomy":"product_brand","embeddable":true,"href":"https:\/\/toprisesafety.com\/pt\/wp-json\/wp\/v2\/product_brand?post=6038"},{"taxonomy":"product_cat","embeddable":true,"href":"https:\/\/toprisesafety.com\/pt\/wp-json\/wp\/v2\/product_cat?post=6038"},{"taxonomy":"product_tag","embeddable":true,"href":"https:\/\/toprisesafety.com\/pt\/wp-json\/wp\/v2\/product_tag?post=6038"}],"curies":[{"name":"wp","href":"https:\/\/api.w.org\/{rel}","templated":true}]}}