{"id":6036,"date":"2018-02-24T05:02:57","date_gmt":"2018-02-24T05:02:57","guid":{"rendered":"https:\/\/toprisesafety.com\/product\/popular-ce-en166-safety-goggles\/"},"modified":"2025-03-17T04:12:17","modified_gmt":"2025-03-17T04:12:17","slug":"popular-ce-en166-safety-goggles","status":"publish","type":"product","link":"https:\/\/toprisesafety.com\/pt\/produto\/popular-ce-en166-safety-goggles\/","title":{"rendered":"\u00d3culos de seguran\u00e7a populares CE EN166"},"content":{"rendered":"<p><strong><span style=\"font-size: 130%;\">\u00d3culos de seguran\u00e7a populares CE EN166 <\/span><\/strong><\/p>\n<ul>\n<li style=\"list-style-type: none;\">\n<ul>\n<li data-spm-anchor-id=\"a2700.details.pronpeci14.i1.c44c4e73UcTKsG\"><span style=\"font-size: medium;\">Os designs envolventes oferecem prote\u00e7\u00e3o superior<\/span><\/li>\n<\/ul>\n<\/li>\n<\/ul>\n<ul>\n<li style=\"list-style-type: none;\">\n<ul>\n<li><span style=\"font-size: medium;\">Atende a lentes de alto impacto e anti-riscos\u00a0<\/span><\/li>\n<\/ul>\n<\/li>\n<\/ul>\n<ul>\n<li style=\"list-style-type: none;\">\n<ul>\n<li><span style=\"font-size: medium;\">Faixas de cabe\u00e7a de nylon ajust\u00e1veis e confort\u00e1veis proporcionam um ajuste f\u00e1cil para um encaixe confort\u00e1vel<\/span><\/li>\n<\/ul>\n<\/li>\n<\/ul>\n<ul>\n<li style=\"list-style-type: none;\">\n<ul>\n<li><span style=\"font-size: medium;\">Revestimentos antiemba\u00e7antes de alto desempenho dispon\u00edveis para escolha\u00a0<\/span><\/li>\n<\/ul>\n<\/li>\n<\/ul>\n<ul>\n<li style=\"list-style-type: none;\">\n<ul>\n<li><span style=\"font-size: medium;\">Atende ao padr\u00e3o de qualidade CE EN166<\/span><\/li>\n<\/ul>\n<\/li>\n<\/ul>\n<h2><strong>Especifica\u00e7\u00f5es populares dos \u00f3culos de seguran\u00e7a CE EN166:<\/strong><\/h2>\n<table>\n<tbody>\n<tr>\n<td width=\"284\">N\u00ba do art.<\/td>\n<td width=\"284\">SG08<\/td>\n<\/tr>\n<tr>\n<td width=\"284\">Material<\/td>\n<td width=\"284\">Arma\u00e7\u00e3o de PVC Lentes de PC<\/td>\n<\/tr>\n<tr>\n<td width=\"284\">Padr\u00e3o de qualidade<\/td>\n<td width=\"284\">CE EN166<\/td>\n<\/tr>\n<tr>\n<td width=\"284\">Fun\u00e7\u00e3o<\/td>\n<td width=\"284\">Anti-UV, anti-riscos; anti-emba\u00e7ante para escolha<\/td>\n<\/tr>\n<tr>\n<td width=\"284\">Tamanho<\/td>\n<td width=\"284\">Tamanho adulto padr\u00e3o<\/td>\n<\/tr>\n<tr>\n<td width=\"284\">Cor<\/td>\n<td width=\"284\">Cor transparente, caf\u00e9, etc. para escolha<\/td>\n<\/tr>\n<tr>\n<td width=\"284\">Embalagem<\/td>\n<td width=\"284\">Saco pl\u00e1stico, cart\u00e3o de cabe\u00e7a, caixa blister, caixa colorida etc.<\/td>\n<\/tr>\n<tr>\n<td width=\"284\">Aplicativo<\/td>\n<td width=\"284\">Constru\u00e7\u00e3o, industrial, minera\u00e7\u00e3o, agricultura, equita\u00e7\u00e3o, laborat\u00f3rio, militar, petr\u00f3leo etc.<\/td>\n<\/tr>\n<\/tbody>\n<\/table>\n<p>A TOPRISE oferece suporte a v\u00e1rios estilos de personaliza\u00e7\u00e3o de \u00f3culos de seguran\u00e7a; clique para <a href=\"https:\/\/toprisesafety.com\/pt\/categoria-produto\/personal-protective-equipment\/eye-protection\/safety-goggles\/\">veja mais estilos de \u00f3culos de prote\u00e7\u00e3o<\/a>.<\/p>\n<p>Se voc\u00ea n\u00e3o encontrar os \u00f3culos de prote\u00e7\u00e3o necess\u00e1rios, <a href=\"https:\/\/toprisesafety.com\/pt\/contact-us\/\">Entre em contato conosco<\/a>Oferecemos suporte \u00e0 personaliza\u00e7\u00e3o especial.<\/p>\n<p><strong><span style=\"font-size: 200%;\">Mais modelos de \u00f3culos de seguran\u00e7a para escolha:<\/span><\/strong><\/p>\n<figure id=\"attachment_774\" class=\"wp-caption alignnone\" style=\"width: 720px;\" aria-describedby=\"caption-attachment-774\"><a href=\"https:\/\/toprisesafety.com\/pt\/produto\/cheap-safety-goggles\/\"><img fetchpriority=\"high\" decoding=\"async\" class=\"size-full wp-image-774\" src=\"https:\/\/toprisesafety.com\/wp-content\/uploads\/2024\/08\/SG09.jpg\" alt=\"Cheap safety goggles\" width=\"720\" height=\"720\" \/><\/a><figcaption id=\"caption-attachment-774\" class=\"wp-caption-text\">\u00d3culos de seguran\u00e7a baratos<\/figcaption><\/figure>","protected":false},"excerpt":{"rendered":"<p>N\u00ba do art.: SG08<\/p>\n<p>Material: Arma\u00e7\u00e3o de PVC, lente de PC<\/p>\n<p>Caracter\u00edsticas: Anti-UV, anti-riscos; anti-emba\u00e7ante para escolha<\/p>\n<p>Padr\u00e3o de qualidade: CE EN166<\/p>\n<p>MOQ: 1000PCS<\/p>","protected":false},"featured_media":6035,"template":"","meta":{"_acf_changed":false},"product_brand":[],"product_cat":[357,358],"product_tag":[269],"class_list":{"0":"post-6036","1":"product","2":"type-product","3":"status-publish","4":"has-post-thumbnail","6":"product_cat-eye-protection","7":"product_cat-safety-goggles","8":"product_tag-ce-en166-safety-goggles","10":"first","11":"instock","12":"product-type-simple"},"acf":[],"_links":{"self":[{"href":"https:\/\/toprisesafety.com\/pt\/wp-json\/wp\/v2\/product\/6036"}],"collection":[{"href":"https:\/\/toprisesafety.com\/pt\/wp-json\/wp\/v2\/product"}],"about":[{"href":"https:\/\/toprisesafety.com\/pt\/wp-json\/wp\/v2\/types\/product"}],"wp:featuredmedia":[{"embeddable":true,"href":"https:\/\/toprisesafety.com\/pt\/wp-json\/wp\/v2\/media\/6035"}],"wp:attachment":[{"href":"https:\/\/toprisesafety.com\/pt\/wp-json\/wp\/v2\/media?parent=6036"}],"wp:term":[{"taxonomy":"product_brand","embeddable":true,"href":"https:\/\/toprisesafety.com\/pt\/wp-json\/wp\/v2\/product_brand?post=6036"},{"taxonomy":"product_cat","embeddable":true,"href":"https:\/\/toprisesafety.com\/pt\/wp-json\/wp\/v2\/product_cat?post=6036"},{"taxonomy":"product_tag","embeddable":true,"href":"https:\/\/toprisesafety.com\/pt\/wp-json\/wp\/v2\/product_tag?post=6036"}],"curies":[{"name":"wp","href":"https:\/\/api.w.org\/{rel}","templated":true}]}}