{"id":6034,"date":"2018-02-24T05:54:50","date_gmt":"2018-02-24T05:54:50","guid":{"rendered":"https:\/\/toprisesafety.com\/product\/cheap-safety-goggles\/"},"modified":"2025-03-17T04:11:37","modified_gmt":"2025-03-17T04:11:37","slug":"cheap-safety-goggles","status":"publish","type":"product","link":"https:\/\/toprisesafety.com\/pt\/produto\/cheap-safety-goggles\/","title":{"rendered":"\u00d3culos de seguran\u00e7a baratos"},"content":{"rendered":"<p><strong><span style=\"font-size: 130%;\">\u00d3culos de seguran\u00e7a baratos <\/span><\/strong><\/p>\n<ul>\n<li style=\"list-style-type: none;\">\n<ul>\n<li data-spm-anchor-id=\"a2700.details.pronpeci14.i1.c44c4e73UcTKsG\">Os designs envolventes oferecem prote\u00e7\u00e3o superior<\/li>\n<\/ul>\n<\/li>\n<\/ul>\n<ul>\n<li style=\"list-style-type: none;\">\n<ul>\n<li>Atende a alto impacto, pre\u00e7o barato, modelo econ\u00f4mico<\/li>\n<\/ul>\n<\/li>\n<\/ul>\n<ul>\n<li style=\"list-style-type: none;\">\n<ul>\n<li>Faixas de cabe\u00e7a de nylon ajust\u00e1veis e confort\u00e1veis proporcionam um ajuste f\u00e1cil para um encaixe confort\u00e1vel<\/li>\n<\/ul>\n<\/li>\n<\/ul>\n<ul>\n<li style=\"list-style-type: none;\">\n<ul>\n<li>Orif\u00edcios de ar em ambos os lados e na parte superior<\/li>\n<\/ul>\n<\/li>\n<\/ul>\n<ul>\n<li style=\"list-style-type: none;\">\n<ul>\n<li>Modelo barato, com peso superior a 30g\/pc. O modelo mais econ\u00f4mico \u00e9 adequado para constru\u00e7\u00e3o, agricultura, jardinagem, minera\u00e7\u00e3o, etc.<\/li>\n<\/ul>\n<\/li>\n<\/ul>\n<h2><strong>Especifica\u00e7\u00f5es de \u00f3culos de seguran\u00e7a baratos:<\/strong><\/h2>\n<table>\n<tbody>\n<tr>\n<td width=\"284\">N\u00ba do art.<\/td>\n<td width=\"284\">SG09<\/td>\n<\/tr>\n<tr>\n<td width=\"284\">Material<\/td>\n<td width=\"284\">Arma\u00e7\u00e3o e lente de PVC<\/td>\n<\/tr>\n<tr>\n<td width=\"284\">Fun\u00e7\u00e3o<\/td>\n<td width=\"284\">Anti-UV, anti-risco, anti-emba\u00e7ante para escolha<\/td>\n<\/tr>\n<tr>\n<td width=\"284\">Tamanho<\/td>\n<td width=\"284\">Tamanho adulto padr\u00e3o<\/td>\n<\/tr>\n<tr>\n<td width=\"284\">Cor<\/td>\n<td width=\"284\">Limpo<\/td>\n<\/tr>\n<tr>\n<td width=\"284\">Embalagem<\/td>\n<td width=\"284\">Saco pl\u00e1stico, cart\u00e3o de cabe\u00e7a, caixa blister, caixa colorida etc.<\/td>\n<\/tr>\n<tr>\n<td width=\"284\">Aplicativo<\/td>\n<td width=\"284\">Constru\u00e7\u00e3o, industrial, minera\u00e7\u00e3o, agricultura, equita\u00e7\u00e3o, laborat\u00f3rio, militar, petr\u00f3leo etc.<\/td>\n<\/tr>\n<\/tbody>\n<\/table>\n<p>A TOPRISE oferece suporte a v\u00e1rios estilos de personaliza\u00e7\u00e3o de \u00f3culos de seguran\u00e7a; clique para <a href=\"https:\/\/toprisesafety.com\/pt\/categoria-produto\/personal-protective-equipment\/eye-protection\/safety-goggles\/\">veja mais estilos de \u00f3culos de prote\u00e7\u00e3o<\/a>.<\/p>\n<p>Se voc\u00ea n\u00e3o encontrar os \u00f3culos de prote\u00e7\u00e3o necess\u00e1rios, <a href=\"https:\/\/toprisesafety.com\/pt\/contact-us\/\">Entre em contato conosco<\/a>Oferecemos suporte \u00e0 personaliza\u00e7\u00e3o especial.<\/p>\n<p><strong><span style=\"font-size: 200%;\">Mais \u00f3culos de seguran\u00e7a para escolher:<\/span><\/strong><\/p>\n<figure id=\"attachment_765\" class=\"wp-caption alignnone\" style=\"width: 720px;\" aria-describedby=\"caption-attachment-765\"><a href=\"https:\/\/toprisesafety.com\/pt\/produto\/popular-ce-en166-safety-goggles\/\"><img fetchpriority=\"high\" decoding=\"async\" class=\"size-full wp-image-765\" src=\"https:\/\/toprisesafety.com\/wp-content\/uploads\/2024\/08\/SG08-1.jpg\" alt=\"Popular CE EN166 safety goggles\" width=\"720\" height=\"720\" \/><\/a><figcaption id=\"caption-attachment-765\" class=\"wp-caption-text\">\u00d3culos de seguran\u00e7a populares CE EN166<\/figcaption><\/figure>","protected":false},"excerpt":{"rendered":"<p>N\u00ba do art.: SG09<\/p>\n<p>Material: Arma\u00e7\u00e3o de PVC, lente de PVC<\/p>\n<p>Cor: transparente<\/p>\n<p>MOQ: 1000PCS<\/p>","protected":false},"featured_media":6032,"template":"","meta":{"_acf_changed":false},"product_brand":[],"product_cat":[357,358],"product_tag":[268],"class_list":{"0":"post-6034","1":"product","2":"type-product","3":"status-publish","4":"has-post-thumbnail","6":"product_cat-eye-protection","7":"product_cat-safety-goggles","8":"product_tag-cheap-safety-goggles","10":"first","11":"instock","12":"product-type-simple"},"acf":[],"_links":{"self":[{"href":"https:\/\/toprisesafety.com\/pt\/wp-json\/wp\/v2\/product\/6034"}],"collection":[{"href":"https:\/\/toprisesafety.com\/pt\/wp-json\/wp\/v2\/product"}],"about":[{"href":"https:\/\/toprisesafety.com\/pt\/wp-json\/wp\/v2\/types\/product"}],"wp:featuredmedia":[{"embeddable":true,"href":"https:\/\/toprisesafety.com\/pt\/wp-json\/wp\/v2\/media\/6032"}],"wp:attachment":[{"href":"https:\/\/toprisesafety.com\/pt\/wp-json\/wp\/v2\/media?parent=6034"}],"wp:term":[{"taxonomy":"product_brand","embeddable":true,"href":"https:\/\/toprisesafety.com\/pt\/wp-json\/wp\/v2\/product_brand?post=6034"},{"taxonomy":"product_cat","embeddable":true,"href":"https:\/\/toprisesafety.com\/pt\/wp-json\/wp\/v2\/product_cat?post=6034"},{"taxonomy":"product_tag","embeddable":true,"href":"https:\/\/toprisesafety.com\/pt\/wp-json\/wp\/v2\/product_tag?post=6034"}],"curies":[{"name":"wp","href":"https:\/\/api.w.org\/{rel}","templated":true}]}}