{"id":6030,"date":"2018-02-24T07:24:05","date_gmt":"2018-02-24T07:24:05","guid":{"rendered":"https:\/\/toprisesafety.com\/product\/ce-en352-standard-pu-earplug\/"},"modified":"2025-03-24T07:28:33","modified_gmt":"2025-03-24T07:28:33","slug":"ce-en352-standard-pu-earplug","status":"publish","type":"product","link":"https:\/\/toprisesafety.com\/pt\/produto\/ce-en352-standard-pu-earplug\/","title":{"rendered":"Tamp\u00e3o de ouvido de PU padr\u00e3o CE EN352"},"content":{"rendered":"<p><strong><span style=\"font-size: 140%;\">Tamp\u00e3o de ouvido de PU padr\u00e3o CE EN352 <\/span><\/strong><\/p>\n<ul>\n<li style=\"list-style-type: none;\">\n<ul>\n<li><span data-spm-anchor-id=\"a2700.details.pronpeci14.i3.14c64f29Dud9E2\">EN352-1 : 2003 CE SNR 33dB Tamp\u00f5es de ouvido de espuma de PU\u00a0<\/span><\/li>\n<\/ul>\n<\/li>\n<\/ul>\n<ul>\n<li style=\"list-style-type: none;\">\n<ul>\n<li>Seguro e confort\u00e1vel de usar.<\/li>\n<\/ul>\n<\/li>\n<\/ul>\n<ul>\n<li style=\"list-style-type: none;\">\n<ul>\n<li><span data-spm-anchor-id=\"a2700.details.pronpeci14.i0.14c64f29Dud9E2\"><span data-spm-anchor-id=\"a2700.details.pronpeci14.i0.14c64f29Dud9E2\"><span data-spm-anchor-id=\"a2700.details.pronpeci14.i0.14c64f29Dud9E2\">Cada par \u00e9 embalado separadamente em saco pl\u00e1stico para controle de higiene.<\/span><\/span><\/span><\/li>\n<\/ul>\n<\/li>\n<\/ul>\n<ul>\n<li style=\"list-style-type: none;\">\n<ul>\n<li>Formato c\u00f4nico para se ajustar confortavelmente ao canal auditivo e diminuir o ru\u00eddo<\/li>\n<\/ul>\n<\/li>\n<\/ul>\n<ul>\n<li style=\"list-style-type: none;\">\n<ul>\n<li>Superf\u00edcie lisa e resistente \u00e0 sujeira<\/li>\n<\/ul>\n<\/li>\n<\/ul>\n<ul>\n<li style=\"list-style-type: none;\">\n<ul>\n<li>Aplica\u00e7\u00e3o: local do nariz, durante shows, constru\u00e7\u00e3o, filmagem ou sono<\/li>\n<\/ul>\n<\/li>\n<\/ul>\n<ul>\n<li style=\"list-style-type: none;\">\n<ul>\n<li>Embalagem: saco opp normal, suporte para embalagem especial como caixa blister, cart\u00e3o de cabe\u00e7a, caixa colorida etc.<\/li>\n<\/ul>\n<\/li>\n<\/ul>\n<ul>\n<li style=\"list-style-type: none;\">\n<ul>\n<li>Logotipo: suporte ao logotipo do cliente por meio de impress\u00e3o ou uso de adesivo ou design de embalagem especial etc.<\/li>\n<\/ul>\n<\/li>\n<\/ul>\n<h2><strong>Especifica\u00e7\u00e3o do protetor auricular de PU padr\u00e3o CE EN352:\u00a0<\/strong><\/h2>\n<table>\n<tbody>\n<tr>\n<td width=\"284\">N\u00ba do art.<\/td>\n<td width=\"284\">EP01<\/td>\n<\/tr>\n<tr>\n<td width=\"284\">Material<\/td>\n<td width=\"284\">PU<\/td>\n<\/tr>\n<tr>\n<td width=\"284\">Cor<\/td>\n<td width=\"284\">Laranja, verde, vermelho, azul, rosa, etc.<\/td>\n<\/tr>\n<tr>\n<td width=\"284\">SNR<\/td>\n<td width=\"284\">33dB<\/td>\n<\/tr>\n<tr>\n<td width=\"284\">Padr\u00e3o de qualidade<\/td>\n<td width=\"284\">CE EN352 -2 (2003)<\/td>\n<\/tr>\n<tr>\n<td width=\"284\">Embalagem<\/td>\n<td width=\"284\">1 unidade por saco, 200 unidades por caixa, 4000 unidades por unidade<\/td>\n<\/tr>\n<tr>\n<td width=\"284\">Tamanho da caixa<\/td>\n<td width=\"284\">52*42*40,5CM<\/td>\n<\/tr>\n<tr>\n<td width=\"284\">N\/G.W<\/td>\n<td width=\"284\">6,5\/8KGS<\/td>\n<\/tr>\n<tr>\n<td width=\"284\">MOQ<\/td>\n<td width=\"284\">10000PAIRS<\/td>\n<\/tr>\n<\/tbody>\n<\/table>\n<p>A TOPRISE oferece suporte a v\u00e1rios estilos de personaliza\u00e7\u00e3o de protetores auriculares e tamp\u00f5es de ouvido; clique para <a href=\"https:\/\/toprisesafety.com\/pt\/categoria-produto\/personal-protective-equipment\/ear-protection\/earmuff-earplug\/\">veja mais estilos de protetores auriculares e tamp\u00f5es de ouvido.<\/a><\/p>\n<p>Se voc\u00ea n\u00e3o encontrar os protetores auriculares e de ouvido necess\u00e1rios,<a href=\"https:\/\/toprisesafety.com\/pt\/contact-us\/\"> Entre em contato conosco<\/a>Oferecemos suporte \u00e0 personaliza\u00e7\u00e3o especial.<\/p>","protected":false},"excerpt":{"rendered":"<p>N\u00ba do art.: EP01<\/p>\n<p>Material: PU<\/p>\n<p>Tamanho: 14*24MM<\/p>\n<p>Cor: laranja, vermelho, amarelo, rosa etc.<\/p>\n<p>MOQ: 10000 pares para a cor laranja comum. Cor especial: 100.000 pares<\/p>","protected":false},"featured_media":6028,"template":"","meta":{"_acf_changed":false},"product_brand":[],"product_cat":[354,355],"product_tag":[263],"class_list":{"0":"post-6030","1":"product","2":"type-product","3":"status-publish","4":"has-post-thumbnail","6":"product_cat-ear-protection","7":"product_cat-earmuff-earplug","8":"product_tag-ce-pu-earplug","10":"first","11":"instock","12":"product-type-simple"},"acf":[],"_links":{"self":[{"href":"https:\/\/toprisesafety.com\/pt\/wp-json\/wp\/v2\/product\/6030"}],"collection":[{"href":"https:\/\/toprisesafety.com\/pt\/wp-json\/wp\/v2\/product"}],"about":[{"href":"https:\/\/toprisesafety.com\/pt\/wp-json\/wp\/v2\/types\/product"}],"wp:featuredmedia":[{"embeddable":true,"href":"https:\/\/toprisesafety.com\/pt\/wp-json\/wp\/v2\/media\/6028"}],"wp:attachment":[{"href":"https:\/\/toprisesafety.com\/pt\/wp-json\/wp\/v2\/media?parent=6030"}],"wp:term":[{"taxonomy":"product_brand","embeddable":true,"href":"https:\/\/toprisesafety.com\/pt\/wp-json\/wp\/v2\/product_brand?post=6030"},{"taxonomy":"product_cat","embeddable":true,"href":"https:\/\/toprisesafety.com\/pt\/wp-json\/wp\/v2\/product_cat?post=6030"},{"taxonomy":"product_tag","embeddable":true,"href":"https:\/\/toprisesafety.com\/pt\/wp-json\/wp\/v2\/product_tag?post=6030"}],"curies":[{"name":"wp","href":"https:\/\/api.w.org\/{rel}","templated":true}]}}