{"id":6027,"date":"2018-02-24T07:32:11","date_gmt":"2018-02-24T07:32:11","guid":{"rendered":"https:\/\/toprisesafety.com\/product\/pu-foam-earplug-cord\/"},"modified":"2025-03-24T07:27:20","modified_gmt":"2025-03-24T07:27:20","slug":"pu-foam-earplug-cord","status":"publish","type":"product","link":"https:\/\/toprisesafety.com\/pt\/produto\/pu-foam-earplug-cord\/","title":{"rendered":"Tamp\u00e3o de ouvido de espuma de PU com fio"},"content":{"rendered":"<p><strong><span style=\"font-size: 140%;\">Tamp\u00e3o de ouvido de espuma de PU com fio<\/span><\/strong><\/p>\n<ul>\n<li style=\"list-style-type: none;\">\n<ul>\n<li><span data-spm-anchor-id=\"a2700.details.pronpeci14.i3.14c64f29Dud9E2\">EN352-1 : 2003 CE SNR 33dB Tamp\u00f5es de ouvido de espuma de PU\u00a0<\/span><\/li>\n<\/ul>\n<\/li>\n<\/ul>\n<ul>\n<li style=\"list-style-type: none;\">\n<ul>\n<li>Seguro e confort\u00e1vel de usar.<\/li>\n<\/ul>\n<\/li>\n<\/ul>\n<ul>\n<li style=\"list-style-type: none;\">\n<ul>\n<li><span data-spm-anchor-id=\"a2700.details.pronpeci14.i0.14c64f29Dud9E2\">Cada par \u00e9 embalado separadamente em saco pl\u00e1stico para controle de higiene.<\/span><\/li>\n<\/ul>\n<\/li>\n<\/ul>\n<ul>\n<li style=\"list-style-type: none;\">\n<ul>\n<li>Formato c\u00f4nico para se ajustar confortavelmente ao canal auditivo e diminuir o ru\u00eddo<\/li>\n<\/ul>\n<\/li>\n<\/ul>\n<ul>\n<li style=\"list-style-type: none;\">\n<ul>\n<li>Superf\u00edcie lisa e resistente \u00e0 sujeira<\/li>\n<\/ul>\n<\/li>\n<\/ul>\n<ul>\n<li style=\"list-style-type: none;\">\n<ul>\n<li>Aplica\u00e7\u00e3o: local do nariz, durante shows, constru\u00e7\u00e3o, filmagem ou sono<\/li>\n<\/ul>\n<\/li>\n<\/ul>\n<ul>\n<li style=\"list-style-type: none;\">\n<ul>\n<li>Embalagem: saco opp normal, suporte para embalagem especial como caixa blister, cart\u00e3o de cabe\u00e7a, caixa colorida etc.<\/li>\n<\/ul>\n<\/li>\n<\/ul>\n<h2><strong>Tamp\u00e3o de ouvido de espuma de PU com fio<\/strong><\/h2>\n<table>\n<tbody>\n<tr>\n<td width=\"284\">N\u00ba do art.<\/td>\n<td width=\"284\">EP01-P<\/td>\n<\/tr>\n<tr>\n<td width=\"284\">Material<\/td>\n<td width=\"284\">PU<\/td>\n<\/tr>\n<tr>\n<td width=\"284\">Cor<\/td>\n<td width=\"284\">Laranja, verde, vermelho, azul, rosa, etc.<\/td>\n<\/tr>\n<tr>\n<td width=\"284\">SNR<\/td>\n<td width=\"284\">33dB<\/td>\n<\/tr>\n<tr>\n<td width=\"284\">Padr\u00e3o de qualidade<\/td>\n<td width=\"284\">CE EN352 -2 (2003)<\/td>\n<\/tr>\n<tr>\n<td width=\"284\">Embalagem<\/td>\n<td width=\"284\">1 unidade por saco, 200 unidades por caixa, 4000 unidades por unidade<\/td>\n<\/tr>\n<tr>\n<td width=\"284\">Tamanho da caixa<\/td>\n<td width=\"284\">52*42*40,5CM<\/td>\n<\/tr>\n<tr>\n<td width=\"284\">N\/G.W<\/td>\n<td width=\"284\">6,5\/8KGS<\/td>\n<\/tr>\n<tr>\n<td width=\"284\">MOQ<\/td>\n<td width=\"284\">10000PAIRS<\/td>\n<\/tr>\n<\/tbody>\n<\/table>\n<p>A TOPRISE oferece suporte a v\u00e1rios estilos de personaliza\u00e7\u00e3o de protetores auriculares e tamp\u00f5es de ouvido; clique para <a href=\"https:\/\/toprisesafety.com\/pt\/categoria-produto\/personal-protective-equipment\/ear-protection\/earmuff-earplug\/\">veja mais estilos de protetores auriculares e tamp\u00f5es de ouvido.<\/a><\/p>\n<p>Se voc\u00ea n\u00e3o encontrar os protetores auriculares e de ouvido necess\u00e1rios,<a href=\"https:\/\/toprisesafety.com\/pt\/contact-us\/\"> Entre em contato conosco<\/a>Oferecemos suporte \u00e0 personaliza\u00e7\u00e3o especial.<\/p>\n<p><strong><span style=\"font-size: 200%;\">More models earplugs for choice:<\/span><\/strong><\/p>\n<figure id=\"attachment_783\" class=\"wp-caption alignnone\" style=\"width: 750px;\" aria-describedby=\"caption-attachment-783\"><a href=\"https:\/\/toprisesafety.com\/pt\/produto\/ce-en352-standard-pu-earplug\/\"><img fetchpriority=\"high\" decoding=\"async\" class=\"size-full wp-image-783\" src=\"https:\/\/toprisesafety.com\/wp-content\/uploads\/2024\/08\/EP01-Earplug.jpg\" alt=\"CE EN352 standard PU earplug\" width=\"750\" height=\"750\" \/><\/a><figcaption id=\"caption-attachment-783\" class=\"wp-caption-text\">Tamp\u00e3o de ouvido de PU padr\u00e3o CE EN352<\/figcaption><\/figure>","protected":false},"excerpt":{"rendered":"<p>Art No.: EP01-P<\/p>\n<p>Material: PU + plastic line<\/p>\n<p>SNR: 33dB<\/p>\n<p>Quality standard: CE EN352-2 (2003)<\/p>\n<p>Color: Orange, yellow, blue, pink etc.<\/p>\n<p>Tamanho: 14*24MM<\/p>\n<p>MOQ: 10000 Pairs orange color, special color MOQ 100000 pairs<\/p>","protected":false},"featured_media":6029,"template":"","meta":{"_acf_changed":false},"product_brand":[],"product_cat":[354,355],"product_tag":[262],"class_list":{"0":"post-6027","1":"product","2":"type-product","3":"status-publish","4":"has-post-thumbnail","6":"product_cat-ear-protection","7":"product_cat-earmuff-earplug","8":"product_tag-ce-en352-pu-earplug","10":"first","11":"instock","12":"product-type-simple"},"acf":[],"_links":{"self":[{"href":"https:\/\/toprisesafety.com\/pt\/wp-json\/wp\/v2\/product\/6027"}],"collection":[{"href":"https:\/\/toprisesafety.com\/pt\/wp-json\/wp\/v2\/product"}],"about":[{"href":"https:\/\/toprisesafety.com\/pt\/wp-json\/wp\/v2\/types\/product"}],"wp:featuredmedia":[{"embeddable":true,"href":"https:\/\/toprisesafety.com\/pt\/wp-json\/wp\/v2\/media\/6029"}],"wp:attachment":[{"href":"https:\/\/toprisesafety.com\/pt\/wp-json\/wp\/v2\/media?parent=6027"}],"wp:term":[{"taxonomy":"product_brand","embeddable":true,"href":"https:\/\/toprisesafety.com\/pt\/wp-json\/wp\/v2\/product_brand?post=6027"},{"taxonomy":"product_cat","embeddable":true,"href":"https:\/\/toprisesafety.com\/pt\/wp-json\/wp\/v2\/product_cat?post=6027"},{"taxonomy":"product_tag","embeddable":true,"href":"https:\/\/toprisesafety.com\/pt\/wp-json\/wp\/v2\/product_tag?post=6027"}],"curies":[{"name":"wp","href":"https:\/\/api.w.org\/{rel}","templated":true}]}}