{"id":6016,"date":"2018-02-24T08:16:15","date_gmt":"2018-02-24T08:16:15","guid":{"rendered":"https:\/\/toprisesafety.com\/product\/ce-ansi-standard-earmuff\/"},"modified":"2025-03-24T07:21:22","modified_gmt":"2025-03-24T07:21:22","slug":"ce-ansi-standard-earmuff","status":"publish","type":"product","link":"https:\/\/toprisesafety.com\/pt\/produto\/ce-ansi-standard-earmuff\/","title":{"rendered":"Protetor auricular padr\u00e3o CE ANSI"},"content":{"rendered":"<p><strong><span style=\"font-size: 130%;\">Protetor auricular padr\u00e3o CE ANSI<\/span><\/strong><\/p>\n<ul>\n<li style=\"list-style-type: none;\">\n<ul>\n<li>Copo e faixa de cabe\u00e7a em ABS, esponja de alta densidade no interior, couro artificial.<\/li>\n<\/ul>\n<\/li>\n<\/ul>\n<ul>\n<li style=\"list-style-type: none;\">\n<ul>\n<li>Laterais da faixa de cabe\u00e7a f\u00e1ceis e ajust\u00e1veis para se adaptarem a todos os tamanhos.<\/li>\n<\/ul>\n<\/li>\n<\/ul>\n<ul>\n<li style=\"list-style-type: none;\">\n<ul>\n<li>Almofadas de PVC macio para maior conforto durante o uso prolongado.<\/li>\n<\/ul>\n<\/li>\n<\/ul>\n<ul>\n<li style=\"list-style-type: none;\">\n<ul>\n<li>\u00a0Leve e diel\u00e9trico.<\/li>\n<\/ul>\n<\/li>\n<\/ul>\n<ul>\n<li style=\"list-style-type: none;\">\n<ul>\n<li>\u00a0Faixa de cabe\u00e7a ajust\u00e1vel<\/li>\n<\/ul>\n<\/li>\n<\/ul>\n<ul>\n<li style=\"list-style-type: none;\">\n<ul>\n<li><span data-spm-anchor-id=\"a2700.details.pronpeci14.i1.638d3091mMhoEU\">Classifica\u00e7\u00e3o de redu\u00e7\u00e3o de ru\u00eddo de 28 dB (SNR)<\/span><\/li>\n<\/ul>\n<\/li>\n<\/ul>\n<ul>\n<li style=\"list-style-type: none;\">\n<ul>\n<li>Almofadas de espuma larga proporcionam baixa press\u00e3o na superf\u00edcie<\/li>\n<\/ul>\n<\/li>\n<\/ul>\n<ul>\n<li style=\"list-style-type: none;\">\n<ul>\n<li>Fones de ouvido confort\u00e1veis para uso durante todo o dia<\/li>\n<\/ul>\n<\/li>\n<\/ul>\n<ul>\n<li style=\"list-style-type: none;\">\n<ul>\n<li>Aplica\u00e7\u00f5es: Constru\u00e7\u00e3o, ind\u00fastria, minera\u00e7\u00e3o, agricultura, jardinagem etc.<\/li>\n<\/ul>\n<\/li>\n<\/ul>\n<ul>\n<li style=\"list-style-type: none;\">\n<ul>\n<li>Embalagem: saco pl\u00e1stico comum, com suporte para embalagens especiais, como cart\u00e3o de identifica\u00e7\u00e3o, caixa de blister, etc.<\/li>\n<\/ul>\n<\/li>\n<\/ul>\n<ul>\n<li style=\"list-style-type: none;\">\n<ul>\n<li>O logotipo do cliente est\u00e1 dispon\u00edvel<\/li>\n<\/ul>\n<\/li>\n<\/ul>\n<h2><strong>Protetor auricular padr\u00e3o CE ANSI\u00a0<\/strong><\/h2>\n<table>\n<tbody>\n<tr>\n<td width=\"284\">N\u00ba do art.<\/td>\n<td width=\"284\">EM02<\/td>\n<\/tr>\n<tr>\n<td width=\"284\">Material<\/td>\n<td width=\"284\">Concha de ABS, esponja de alta densidade no interior e couro artificial.<\/td>\n<\/tr>\n<tr>\n<td width=\"284\">Cor<\/td>\n<td width=\"284\">Amarelo, vermelho, etc.<\/td>\n<\/tr>\n<tr>\n<td width=\"284\">SNR<\/td>\n<td width=\"284\">28dB<\/td>\n<\/tr>\n<tr>\n<td width=\"284\">Padr\u00e3o de qualidade<\/td>\n<td width=\"284\">CE EN352-1 (28dB) , ANSI S3.19 (23dB) , AS\/NZS classe5 29,5dB<\/td>\n<\/tr>\n<tr>\n<td width=\"284\">Embalagem<\/td>\n<td width=\"284\">1 unidade por sacola, 20 unidades por pacote<\/td>\n<\/tr>\n<tr>\n<td width=\"284\">Tamanho da caixa<\/td>\n<td width=\"284\">50,5*28*40,5CM<\/td>\n<\/tr>\n<tr>\n<td width=\"284\">N\/G.W<\/td>\n<td width=\"284\">5\/4 KGS<\/td>\n<\/tr>\n<tr>\n<td width=\"284\">MOQ<\/td>\n<td width=\"284\">1000 PE\u00c7AS<\/td>\n<\/tr>\n<\/tbody>\n<\/table>\n<p>A TOPRISE oferece suporte a v\u00e1rios estilos de personaliza\u00e7\u00e3o de protetores auriculares e tamp\u00f5es de ouvido; clique para <a href=\"https:\/\/toprisesafety.com\/pt\/categoria-produto\/personal-protective-equipment\/ear-protection\/earmuff-earplug\/\">veja mais estilos de protetores auriculares e tamp\u00f5es de ouvido.<\/a><\/p>\n<p>Se voc\u00ea n\u00e3o encontrar os protetores auriculares e de ouvido necess\u00e1rios,<a href=\"https:\/\/toprisesafety.com\/pt\/contact-us\/\"> Entre em contato conosco<\/a>Oferecemos suporte \u00e0 personaliza\u00e7\u00e3o especial.<\/p>","protected":false},"excerpt":{"rendered":"<p>N\u00ba do art: EM02<\/p>\n<p>Material: Concha de ABS, esponja de alta densidade no interior e couro artificial.<\/p>\n<p>SNR: 28dB<\/p>\n<p>Padr\u00e3o de qualidade: CE, ANSI, AS\/NZS<\/p>\n<p>Cor: vermelho ou amarelo etc.<\/p>\n<p>MOQ: 1000PCS<\/p>","protected":false},"featured_media":6017,"template":"","meta":{"_acf_changed":false},"product_brand":[],"product_cat":[354,355],"product_tag":[258],"class_list":{"0":"post-6016","1":"product","2":"type-product","3":"status-publish","4":"has-post-thumbnail","6":"product_cat-ear-protection","7":"product_cat-earmuff-earplug","8":"product_tag-ce-ansi-standard-earmuff","10":"first","11":"instock","12":"product-type-simple"},"acf":[],"_links":{"self":[{"href":"https:\/\/toprisesafety.com\/pt\/wp-json\/wp\/v2\/product\/6016"}],"collection":[{"href":"https:\/\/toprisesafety.com\/pt\/wp-json\/wp\/v2\/product"}],"about":[{"href":"https:\/\/toprisesafety.com\/pt\/wp-json\/wp\/v2\/types\/product"}],"wp:featuredmedia":[{"embeddable":true,"href":"https:\/\/toprisesafety.com\/pt\/wp-json\/wp\/v2\/media\/6017"}],"wp:attachment":[{"href":"https:\/\/toprisesafety.com\/pt\/wp-json\/wp\/v2\/media?parent=6016"}],"wp:term":[{"taxonomy":"product_brand","embeddable":true,"href":"https:\/\/toprisesafety.com\/pt\/wp-json\/wp\/v2\/product_brand?post=6016"},{"taxonomy":"product_cat","embeddable":true,"href":"https:\/\/toprisesafety.com\/pt\/wp-json\/wp\/v2\/product_cat?post=6016"},{"taxonomy":"product_tag","embeddable":true,"href":"https:\/\/toprisesafety.com\/pt\/wp-json\/wp\/v2\/product_tag?post=6016"}],"curies":[{"name":"wp","href":"https:\/\/api.w.org\/{rel}","templated":true}]}}