{"id":6013,"date":"2018-02-25T03:41:28","date_gmt":"2018-02-25T03:41:28","guid":{"rendered":"https:\/\/toprisesafety.com\/product\/disposable-respirator-single-layer-respirator-dust-mask\/"},"modified":"2025-04-17T07:46:07","modified_gmt":"2025-04-17T07:46:07","slug":"disposable-respirator-single-layer-respirator-dust-mask","status":"publish","type":"product","link":"https:\/\/toprisesafety.com\/pt\/produto\/disposable-respirator-single-layer-respirator-dust-mask\/","title":{"rendered":"Respirador descart\u00e1vel"},"content":{"rendered":"<p><strong><span style=\"font-size: 140%;\">Respirador descart\u00e1vel\u00a0<\/span><\/strong><\/p>\n<ul>\n<li style=\"list-style-type: none;\">\n<ul>\n<li>Feito de polipropileno soprado por fus\u00e3o, camada \u00fanica<\/li>\n<\/ul>\n<\/li>\n<\/ul>\n<ul>\n<li style=\"list-style-type: none;\">\n<ul>\n<li>O respirador \u00e9 usado durante o m\u00eas e o ru\u00eddo para proteger contra a poeira usada na constru\u00e7\u00e3o, limpeza, fabrica\u00e7\u00e3o de alimentos e bebidas, produ\u00e7\u00e3o e fabrica\u00e7\u00e3o de metais, manuten\u00e7\u00e3o militar, reparo e opera\u00e7\u00e3o, minera\u00e7\u00e3o, petr\u00f3leo e g\u00e1s, farmac\u00eautica, transporte, jardinagem etc.  Al\u00e9m disso, a m\u00e1scara contra poeira pode proteger bem contra alerg\u00eanicos.<\/li>\n<\/ul>\n<\/li>\n<\/ul>\n<ul>\n<li style=\"list-style-type: none;\">\n<ul>\n<li>Esse respirador tem duas tiras atr\u00e1s da cabe\u00e7a (uma superior e outra inferior) e uma tira de alum\u00ednio na parte externa, ao longo da ponte do nariz, que pode ser ajustada pelo usu\u00e1rio.<\/li>\n<\/ul>\n<\/li>\n<\/ul>\n<h2><strong>Especifica\u00e7\u00e3o do respirador descart\u00e1vel:\u00a0<\/strong><\/h2>\n<table>\n<tbody>\n<tr>\n<td width=\"284\">N\u00ba do art.<\/td>\n<td width=\"284\">DM01<\/td>\n<\/tr>\n<tr>\n<td width=\"284\">Material<\/td>\n<td width=\"284\">Polipropileno soprado por fus\u00e3o<\/td>\n<\/tr>\n<tr>\n<td width=\"284\">Camada<\/td>\n<td width=\"284\">Simples<\/td>\n<\/tr>\n<tr>\n<td width=\"284\">Peso<\/td>\n<td width=\"284\">200G\/SQM<\/td>\n<\/tr>\n<tr>\n<td width=\"284\">Embalagem<\/td>\n<td width=\"284\">50PCS\/CAIXA, 1000PCS\/CTN<\/td>\n<\/tr>\n<tr>\n<td width=\"284\">Tamanho da caixa<\/td>\n<td width=\"284\">58,5*24*28CM<\/td>\n<\/tr>\n<tr>\n<td width=\"284\">N\/G.W<\/td>\n<td width=\"284\">4\/5KGS<\/td>\n<\/tr>\n<\/tbody>\n<\/table>","protected":false},"excerpt":{"rendered":"<p>N\u00ba do art.: DM01<\/p>\n<p>Material: Polipropileno fundido por sopro<\/p>\n<p>Qtd: 50 UNIDADES\/CAIXA<\/p>\n<p>Peso: 200G\/SQM<\/p>\n<p>MOQ: 1000BOX<\/p>","protected":false},"featured_media":5997,"template":"","meta":{"_acf_changed":false},"product_brand":[],"product_cat":[352,351],"product_tag":[253],"class_list":{"0":"post-6013","1":"product","2":"type-product","3":"status-publish","4":"has-post-thumbnail","6":"product_cat-dust-mask-chemical-mask","7":"product_cat-respiratory-protection","8":"product_tag-disposable-respirator-single-layer-respirator","10":"first","11":"instock","12":"product-type-simple"},"acf":[],"_links":{"self":[{"href":"https:\/\/toprisesafety.com\/pt\/wp-json\/wp\/v2\/product\/6013"}],"collection":[{"href":"https:\/\/toprisesafety.com\/pt\/wp-json\/wp\/v2\/product"}],"about":[{"href":"https:\/\/toprisesafety.com\/pt\/wp-json\/wp\/v2\/types\/product"}],"wp:featuredmedia":[{"embeddable":true,"href":"https:\/\/toprisesafety.com\/pt\/wp-json\/wp\/v2\/media\/5997"}],"wp:attachment":[{"href":"https:\/\/toprisesafety.com\/pt\/wp-json\/wp\/v2\/media?parent=6013"}],"wp:term":[{"taxonomy":"product_brand","embeddable":true,"href":"https:\/\/toprisesafety.com\/pt\/wp-json\/wp\/v2\/product_brand?post=6013"},{"taxonomy":"product_cat","embeddable":true,"href":"https:\/\/toprisesafety.com\/pt\/wp-json\/wp\/v2\/product_cat?post=6013"},{"taxonomy":"product_tag","embeddable":true,"href":"https:\/\/toprisesafety.com\/pt\/wp-json\/wp\/v2\/product_tag?post=6013"}],"curies":[{"name":"wp","href":"https:\/\/api.w.org\/{rel}","templated":true}]}}