{"id":6002,"date":"2018-02-25T04:29:37","date_gmt":"2018-02-25T04:29:37","guid":{"rendered":"https:\/\/toprisesafety.com\/product\/folded-respirator\/"},"modified":"2025-04-17T07:45:29","modified_gmt":"2025-04-17T07:45:29","slug":"folded-respirator","status":"publish","type":"product","link":"https:\/\/toprisesafety.com\/pt\/produto\/folded-respirator\/","title":{"rendered":"Respirador dobrado"},"content":{"rendered":"<p><span style=\"font-size: 140%;\"><strong>Respirador dobrado <\/strong><\/span><\/p>\n<ul>\n<li style=\"list-style-type: none;\">\n<ul>\n<li>A m\u00e1scara contra poeira \u00e9 usada durante o m\u00eas e o ru\u00eddo para proteger contra a poeira usada na constru\u00e7\u00e3o, limpeza, fabrica\u00e7\u00e3o de alimentos e bebidas, produ\u00e7\u00e3o e fabrica\u00e7\u00e3o de metais, manuten\u00e7\u00e3o militar, reparo e opera\u00e7\u00e3o, minera\u00e7\u00e3o, petr\u00f3leo e g\u00e1s, farmac\u00eautica, transporte, jardinagem etc.<\/li>\n<\/ul>\n<\/li>\n<\/ul>\n<ul>\n<li style=\"list-style-type: none;\">\n<ul>\n<li>Protege bem contra al\u00e9rgenos.<\/li>\n<\/ul>\n<\/li>\n<\/ul>\n<ul>\n<li style=\"list-style-type: none;\">\n<ul>\n<li>Duas correias atr\u00e1s da cabe\u00e7a (uma superior e outra inferior)<\/li>\n<\/ul>\n<\/li>\n<\/ul>\n<ul>\n<li style=\"list-style-type: none;\">\n<ul>\n<li>Uma tira de alum\u00ednio na parte externa, na ponte do nariz, que pode ser usada para ajudar no ajuste do usu\u00e1rio.<\/li>\n<\/ul>\n<\/li>\n<\/ul>\n<ul>\n<li style=\"list-style-type: none;\">\n<ul>\n<li>Uma tira de espuma na parte interna da ponte do nariz para garantir uma boa veda\u00e7\u00e3o, mesmo que o alum\u00ednio na parte externa n\u00e3o se encaixe.<\/li>\n<\/ul>\n<\/li>\n<\/ul>\n<ul>\n<li style=\"list-style-type: none;\">\n<ul>\n<li>As m\u00e1scaras contra poeira t\u00eam dois padr\u00f5es de qualidade principais: Europa CE e Am\u00e9rica N95.\/N99\/N100.<\/li>\n<\/ul>\n<\/li>\n<\/ul>\n<ul>\n<li style=\"list-style-type: none;\">\n<ul>\n<li>O padr\u00e3o CE da Europa tamb\u00e9m tem os estilos FFP1, FFP2 e FFP3.<\/li>\n<\/ul>\n<\/li>\n<\/ul>\n<ul>\n<li style=\"list-style-type: none;\">\n<ul>\n<li>Diferentes designs com ou sem carbono, com ou sem v\u00e1lvula.  A m\u00e1scara de p\u00f3 de carbono ativo pode proteger bem contra o mau cheiro durante o trabalho de pintura.<\/li>\n<\/ul>\n<\/li>\n<\/ul>\n<table>\n<tbody>\n<tr>\n<td width=\"118\"><strong><b>Padr\u00e3o<\/b><\/strong><\/td>\n<td width=\"126\"><strong><b>Penetra\u00e7\u00e3o<\/b><\/strong><\/td>\n<td width=\"153\"><strong><b>Taxa de armadilhas<\/b><\/strong><\/td>\n<td width=\"128\"><strong><b>Resistente<\/b><\/strong><\/td>\n<\/tr>\n<tr>\n<td width=\"118\">FFP1<\/td>\n<td width=\"126\">20%<\/td>\n<td width=\"153\">\u226580%<\/td>\n<td width=\"128\">21 mm H2O<\/td>\n<\/tr>\n<tr>\n<td width=\"118\">FFP2<\/td>\n<td width=\"126\">6%<\/td>\n<td width=\"153\">\u226594%<\/td>\n<td width=\"128\">24 mm H2O<\/td>\n<\/tr>\n<tr>\n<td width=\"118\">FFP3<\/td>\n<td width=\"126\">1%<\/td>\n<td width=\"153\">\u226599%<\/td>\n<td width=\"128\">30 mm H2O<\/td>\n<\/tr>\n<tr>\n<td width=\"118\">N95<\/td>\n<td width=\"126\">5%<\/td>\n<td width=\"153\">\u226595%<\/td>\n<td width=\"128\">35mm H2O<\/td>\n<\/tr>\n<tr>\n<td width=\"118\">N99<\/td>\n<td width=\"126\">1%<\/td>\n<td width=\"153\">\u226599%<\/td>\n<td width=\"128\">35mm H2O<\/td>\n<\/tr>\n<tr>\n<td width=\"118\">N100<\/td>\n<td width=\"126\">0.03%<\/td>\n<td width=\"153\">\u226599,7%<\/td>\n<td width=\"128\">53 mm H2O<\/td>\n<\/tr>\n<\/tbody>\n<\/table>\n<p>&nbsp;<\/p>\n<h2><strong>Folded respirator specificati<\/strong><\/h2>\n<table>\n<tbody>\n<tr>\n<td width=\"113\">N\u00ba do art.<\/td>\n<td width=\"113\">DM03<\/td>\n<td width=\"113\">DM03V<\/td>\n<td width=\"113\">DM03-C<\/td>\n<td width=\"113\">DM03V-C<\/td>\n<\/tr>\n<tr>\n<td width=\"113\">Estilo<\/td>\n<td width=\"113\">Dust mask(3Layers)<\/td>\n<td width=\"113\">Dust mask with valve (3Layers)<\/td>\n<td width=\"113\">Active carbon dust mask ( 4 layers)<\/td>\n<td width=\"113\">Active carbon valved dust mask(4 Layers)<\/td>\n<\/tr>\n<tr>\n<td width=\"113\">Material<\/td>\n<td colspan=\"5\" width=\"454\">polypropylene non-woven fabric<\/td>\n<\/tr>\n<tr>\n<td width=\"113\">Padr\u00e3o<\/td>\n<td colspan=\"5\" width=\"454\">FFP1, FFP2, FFP3 para escolha<\/td>\n<\/tr>\n<tr>\n<td width=\"113\">Embalagem<\/td>\n<td width=\"113\">20 PE\u00c7AS\/CAIXA<\/td>\n<td width=\"113\">15 PE\u00c7AS\/CAIXA<\/td>\n<td width=\"113\">20 PE\u00c7AS\/CAIXA<\/td>\n<td width=\"113\">15 PE\u00c7AS\/CAIXA<\/td>\n<\/tr>\n<tr>\n<td width=\"113\">Logotipo<\/td>\n<td colspan=\"5\" width=\"454\">A impress\u00e3o do logotipo do cliente em uma cor na m\u00e1scara est\u00e1 dispon\u00edvel<\/td>\n<\/tr>\n<tr>\n<td width=\"113\">MOQ<\/td>\n<td width=\"113\">10000PCS<\/td>\n<td width=\"113\">9000 UNIDADES<\/td>\n<td width=\"113\">10000PCS<\/td>\n<td width=\"113\">9000 UNIDADES<\/td>\n<\/tr>\n<\/tbody>\n<\/table>\n<p><img fetchpriority=\"high\" decoding=\"async\" class=\"size-full wp-image-811\" src=\"https:\/\/toprisesafety.com\/wp-content\/uploads\/2024\/08\/STEP-OF-HOW-TO-WEAR-MASK_\u526f\u672c.jpg\" alt=\"STEP OF HOW TO WEAR MASK\" width=\"600\" height=\"600\" \/><\/p>\n<p><img decoding=\"async\" class=\"size-full wp-image-813\" src=\"https:\/\/toprisesafety.com\/wp-content\/uploads\/2024\/08\/DUST-MASK-PRODUCTION-PROCESS.jpg\" alt=\"DUST MASK PRODUCTION PROCESS\" width=\"748\" height=\"576\" \/><\/p>","protected":false},"excerpt":{"rendered":"<p>Art No. : DM03\/ DM03V\/DM03-C\/DM03V-C<\/p>\n<p>Material: Polypropylene non-woven fabric<\/p>\n<p>Quality standard: FFP1\/FFP2\/FFP3, N95 for choice<\/p>\n<p>MOQ: 9000\/10000PCS<\/p>","protected":false},"featured_media":6005,"template":"","meta":{"_acf_changed":false},"product_brand":[],"product_cat":[352,351],"product_tag":[252],"class_list":{"0":"post-6002","1":"product","2":"type-product","3":"status-publish","4":"has-post-thumbnail","6":"product_cat-dust-mask-chemical-mask","7":"product_cat-respiratory-protection","8":"product_tag-folded-respirator","10":"first","11":"instock","12":"product-type-simple"},"acf":[],"_links":{"self":[{"href":"https:\/\/toprisesafety.com\/pt\/wp-json\/wp\/v2\/product\/6002"}],"collection":[{"href":"https:\/\/toprisesafety.com\/pt\/wp-json\/wp\/v2\/product"}],"about":[{"href":"https:\/\/toprisesafety.com\/pt\/wp-json\/wp\/v2\/types\/product"}],"wp:featuredmedia":[{"embeddable":true,"href":"https:\/\/toprisesafety.com\/pt\/wp-json\/wp\/v2\/media\/6005"}],"wp:attachment":[{"href":"https:\/\/toprisesafety.com\/pt\/wp-json\/wp\/v2\/media?parent=6002"}],"wp:term":[{"taxonomy":"product_brand","embeddable":true,"href":"https:\/\/toprisesafety.com\/pt\/wp-json\/wp\/v2\/product_brand?post=6002"},{"taxonomy":"product_cat","embeddable":true,"href":"https:\/\/toprisesafety.com\/pt\/wp-json\/wp\/v2\/product_cat?post=6002"},{"taxonomy":"product_tag","embeddable":true,"href":"https:\/\/toprisesafety.com\/pt\/wp-json\/wp\/v2\/product_tag?post=6002"}],"curies":[{"name":"wp","href":"https:\/\/api.w.org\/{rel}","templated":true}]}}