{"id":5996,"date":"2018-02-25T04:50:58","date_gmt":"2018-02-25T04:50:58","guid":{"rendered":"https:\/\/toprisesafety.com\/product\/plastic-dust-mask\/"},"modified":"2025-04-17T07:44:20","modified_gmt":"2025-04-17T07:44:20","slug":"plastic-dust-mask","status":"publish","type":"product","link":"https:\/\/toprisesafety.com\/pt\/produto\/plastic-dust-mask\/","title":{"rendered":"M\u00e1scara pl\u00e1stica contra poeira"},"content":{"rendered":"<p><strong><span style=\"font-size: 140%;\">M\u00e1scara pl\u00e1stica contra poeira<\/span><\/strong><\/p>\n<p>A m\u00e1scara contra poeira \u00e9 usada durante o m\u00eas e o ru\u00eddo para proteger contra a poeira usada na constru\u00e7\u00e3o, limpeza, fabrica\u00e7\u00e3o de alimentos e bebidas, produ\u00e7\u00e3o e fabrica\u00e7\u00e3o de metais, manuten\u00e7\u00e3o militar, reparo e opera\u00e7\u00e3o, minera\u00e7\u00e3o, petr\u00f3leo e g\u00e1s, farmac\u00eautica, transporte, jardinagem etc.<\/p>\n<ul>\n<li style=\"list-style-type: none;\">\n<ul>\n<li data-spm-anchor-id=\"a2700.details.pronpeci14.i1.55812793mDQ3y1\"><span data-spm-anchor-id=\"a2700.details.pronpeci14.i3.55812793mDQ3y1\">Shell material: plastic<\/span><\/li>\n<\/ul>\n<\/li>\n<\/ul>\n<ul>\n<li style=\"list-style-type: none;\">\n<ul>\n<li data-spm-anchor-id=\"a2700.details.pronpeci14.i1.55812793mDQ3y1\"><span data-spm-anchor-id=\"a2700.details.pronpeci14.i3.55812793mDQ3y1\">Shell color: Blue, yellow ,etc.\u00a0<\/span><\/li>\n<\/ul>\n<\/li>\n<\/ul>\n<ul>\n<li style=\"list-style-type: none;\">\n<ul>\n<li data-spm-anchor-id=\"a2700.details.pronpeci14.i1.55812793mDQ3y1\"><span data-spm-anchor-id=\"a2700.details.pronpeci14.i3.55812793mDQ3y1\">Filter:non-woven ,can be repeated to use by changing filter\u00a0<\/span><\/li>\n<\/ul>\n<\/li>\n<\/ul>\n<ul>\n<li style=\"list-style-type: none;\">\n<ul>\n<li data-spm-anchor-id=\"a2700.details.pronpeci14.i1.55812793mDQ3y1\"><span data-spm-anchor-id=\"a2700.details.pronpeci14.i3.55812793mDQ3y1\">Elasticated strap , one size fit all\u00a0<\/span><\/li>\n<\/ul>\n<\/li>\n<\/ul>\n<ul>\n<li style=\"list-style-type: none;\">\n<ul>\n<li data-spm-anchor-id=\"a2700.details.pronpeci14.i1.55812793mDQ3y1\"><span data-spm-anchor-id=\"a2700.details.pronpeci14.i3.55812793mDQ3y1\">Packing: poly-bag,head card, blister card etc. <\/span><\/li>\n<\/ul>\n<\/li>\n<\/ul>\n<ul>\n<li style=\"list-style-type: none;\">\n<ul>\n<li data-spm-anchor-id=\"a2700.details.pronpeci14.i1.55812793mDQ3y1\"><span data-spm-anchor-id=\"a2700.details.pronpeci14.i3.55812793mDQ3y1\">Cheap model\u00a0<\/span><\/li>\n<\/ul>\n<\/li>\n<\/ul>\n<ul>\n<li style=\"list-style-type: none;\">\n<ul>\n<li data-spm-anchor-id=\"a2700.details.pronpeci14.i1.55812793mDQ3y1\">Used area for construction ,metal production, fabrication, repair and operation, gardening, transportation etc.<\/li>\n<\/ul>\n<\/li>\n<\/ul>\n<ul>\n<li style=\"list-style-type: none;\">\n<ul>\n<li data-spm-anchor-id=\"a2700.details.pronpeci14.i1.55812793mDQ3y1\">Fuction: dust proof<\/li>\n<\/ul>\n<\/li>\n<\/ul>\n<h2><strong>M\u00e1scara pl\u00e1stica contra poeira\u00a0<\/strong><\/h2>\n<table>\n<tbody>\n<tr>\n<td width=\"284\">N\u00ba do art.<\/td>\n<td width=\"284\">DM05<\/td>\n<\/tr>\n<tr>\n<td width=\"284\">Material<\/td>\n<td width=\"284\">Pl\u00e1stico<\/td>\n<\/tr>\n<tr>\n<td width=\"284\">Cor<\/td>\n<td width=\"284\">Blue, yellow etc.<\/td>\n<\/tr>\n<tr>\n<td width=\"284\">Fun\u00e7\u00e3o<\/td>\n<td width=\"284\">Anti-dust<\/td>\n<\/tr>\n<tr>\n<td width=\"284\">Embalagem<\/td>\n<td width=\"284\">Poly-bag, head card, blister etc.<\/td>\n<\/tr>\n<tr>\n<td width=\"284\">MOQ<\/td>\n<td width=\"284\">2000PCS<\/td>\n<\/tr>\n<tr>\n<td width=\"284\">Aplicativo<\/td>\n<td width=\"284\">Construction, metal production&amp;fabrication, repair and operation, gardening etc.<\/td>\n<\/tr>\n<\/tbody>\n<\/table>\n<p><strong><span style=\"font-size: 200%;\">Other cheap mask for choice:<\/span><\/strong><\/p>\n<p><a href=\"https:\/\/toprisesafety.com\/pt\/produto\/disposable-respirator-single-layer-respirator-dust-mask\/\"><img fetchpriority=\"high\" decoding=\"async\" class=\"size-full wp-image-804\" src=\"https:\/\/toprisesafety.com\/wp-content\/uploads\/2024\/08\/DM01.jpg\" alt=\"Disposable respirator\" width=\"500\" height=\"500\" \/><\/a><\/p>","protected":false},"excerpt":{"rendered":"<p>Art No. DM05<\/p>\n<p>Material: Plastic<\/p>\n<p>Color: Blue, Yellow ,etc.<\/p>\n<p>MOQ: 2000PCS<\/p>","protected":false},"featured_media":5998,"template":"","meta":{"_acf_changed":false},"product_brand":[],"product_cat":[352,351],"product_tag":[250],"class_list":{"0":"post-5996","1":"product","2":"type-product","3":"status-publish","4":"has-post-thumbnail","6":"product_cat-dust-mask-chemical-mask","7":"product_cat-respiratory-protection","8":"product_tag-plastic-dust-mask","10":"first","11":"instock","12":"product-type-simple"},"acf":[],"_links":{"self":[{"href":"https:\/\/toprisesafety.com\/pt\/wp-json\/wp\/v2\/product\/5996"}],"collection":[{"href":"https:\/\/toprisesafety.com\/pt\/wp-json\/wp\/v2\/product"}],"about":[{"href":"https:\/\/toprisesafety.com\/pt\/wp-json\/wp\/v2\/types\/product"}],"wp:featuredmedia":[{"embeddable":true,"href":"https:\/\/toprisesafety.com\/pt\/wp-json\/wp\/v2\/media\/5998"}],"wp:attachment":[{"href":"https:\/\/toprisesafety.com\/pt\/wp-json\/wp\/v2\/media?parent=5996"}],"wp:term":[{"taxonomy":"product_brand","embeddable":true,"href":"https:\/\/toprisesafety.com\/pt\/wp-json\/wp\/v2\/product_brand?post=5996"},{"taxonomy":"product_cat","embeddable":true,"href":"https:\/\/toprisesafety.com\/pt\/wp-json\/wp\/v2\/product_cat?post=5996"},{"taxonomy":"product_tag","embeddable":true,"href":"https:\/\/toprisesafety.com\/pt\/wp-json\/wp\/v2\/product_tag?post=5996"}],"curies":[{"name":"wp","href":"https:\/\/api.w.org\/{rel}","templated":true}]}}