{"id":5988,"date":"2018-02-25T05:35:38","date_gmt":"2018-02-25T05:35:38","guid":{"rendered":"https:\/\/toprisesafety.com\/product\/half-face-chemical-mask\/"},"modified":"2024-11-11T08:03:37","modified_gmt":"2024-11-11T08:03:37","slug":"half-face-chemical-mask","status":"publish","type":"product","link":"https:\/\/toprisesafety.com\/pt\/produto\/half-face-chemical-mask\/","title":{"rendered":"M\u00e1scara qu\u00edmica semifacial com cartucho substitu\u00edvel"},"content":{"rendered":"<p><strong><span style=\"font-size: 140%;\">M\u00e1scara qu\u00edmica semifacial com cartucho substitu\u00edvel<\/span><\/strong><\/p>\n<ul>\n<li style=\"list-style-type: none;\">\n<ul>\n<li data-spm-anchor-id=\"a2700.details.pronpeci14.i1.4a013f8bCLAWS0\">Especial para ergonomia, inocuidade, ventila\u00e7\u00e3o e flexibilidade<\/li>\n<\/ul>\n<\/li>\n<\/ul>\n<ul>\n<li style=\"list-style-type: none;\">\n<ul>\n<li data-spm-anchor-id=\"a2700.details.pronpeci14.i1.4a013f8bCLAWS0\">\u00a0Pode proteger com efic\u00e1cia as pessoas contra os danos causados por metais n\u00e3o ferrosos, metais pesados e amianto durante a pulveriza\u00e7\u00e3o de fuma\u00e7a, pintura, limpeza de poeira, minera\u00e7\u00e3o e outras escava\u00e7\u00f5es subterr\u00e2neas no setor de constru\u00e7\u00e3o, fundi\u00e7\u00e3o, produ\u00e7\u00e3o agr\u00edcola, f\u00e1brica de cimento etc.<\/li>\n<\/ul>\n<\/li>\n<\/ul>\n<ul>\n<li style=\"list-style-type: none;\">\n<ul>\n<li data-spm-anchor-id=\"a2700.details.pronpeci14.i1.4a013f8bCLAWS0\">Prote\u00e7\u00e3o simples e leve para o nariz, os seios nasais e os pulm\u00f5es.<\/li>\n<\/ul>\n<\/li>\n<\/ul>\n<ul>\n<li style=\"list-style-type: none;\">\n<ul>\n<li data-spm-anchor-id=\"a2700.details.pronpeci14.i1.4a013f8bCLAWS0\">Fabricado em PVC de n\u00edvel m\u00e9dico, \u00e9 leve e confort\u00e1vel de usar<\/li>\n<\/ul>\n<\/li>\n<\/ul>\n<ul>\n<li style=\"list-style-type: none;\">\n<ul>\n<li data-spm-anchor-id=\"a2700.details.pronpeci14.i1.4a013f8bCLAWS0\">\u00a0Alta efici\u00eancia de filtragem e menor resist\u00eancia respirat\u00f3ria<\/li>\n<\/ul>\n<\/li>\n<\/ul>\n<ul>\n<li style=\"list-style-type: none;\">\n<ul>\n<li data-spm-anchor-id=\"a2700.details.pronpeci14.i1.4a013f8bCLAWS0\">Fixa\u00e7\u00e3o em espiral para f\u00e1cil remo\u00e7\u00e3o do filtro antigo. Filtros de cartucho substitu\u00edveis, al\u00e7as ajust\u00e1veis para um ajuste confort\u00e1vel.<\/li>\n<\/ul>\n<\/li>\n<\/ul>\n<ul>\n<li style=\"list-style-type: none;\">\n<ul>\n<li data-spm-anchor-id=\"a2700.details.pronpeci14.i1.4a013f8bCLAWS0\">Dois estilos \u00e0 escolha: cartucho simples ou cartucho duplo.<\/li>\n<\/ul>\n<\/li>\n<\/ul>\n<ul>\n<li style=\"list-style-type: none;\">\n<ul>\n<li data-spm-anchor-id=\"a2700.details.pronpeci14.i1.4a013f8bCLAWS0\">O cartucho qu\u00edmico \u00e9 substitu\u00edvel<\/li>\n<\/ul>\n<\/li>\n<\/ul>\n<h2><strong>M\u00e1scara qu\u00edmica semifacial com especifica\u00e7\u00e3o de cartucho substitu\u00edvel:<\/strong><\/h2>\n<table>\n<tbody>\n<tr>\n<td width=\"189\">N\u00ba do art.<\/td>\n<td width=\"189\">DM07<\/td>\n<td width=\"189\">DM07-2<\/td>\n<\/tr>\n<tr>\n<td width=\"189\">Estilo<\/td>\n<td width=\"189\">Cartucho \u00fanico<\/td>\n<td width=\"189\">Cartucho duplo<\/td>\n<\/tr>\n<tr>\n<td width=\"189\">Fun\u00e7\u00e3o<\/td>\n<td width=\"189\">\u00c0 prova de g\u00e1s qu\u00edmico<\/td>\n<td width=\"189\">\u00c0 prova de g\u00e1s qu\u00edmico<\/td>\n<\/tr>\n<tr>\n<td width=\"189\">Material<\/td>\n<td width=\"189\">Corpo em PVC<\/td>\n<td width=\"189\">Corpo em PVC<\/td>\n<\/tr>\n<tr>\n<td width=\"189\">Cartucho substitu\u00edvel<\/td>\n<td width=\"189\">Sim<\/td>\n<td width=\"189\">Sim<\/td>\n<\/tr>\n<tr>\n<td width=\"189\">Embalagem<\/td>\n<td width=\"189\">Caixa colorida<\/td>\n<td width=\"189\">Caixa colorida<\/td>\n<\/tr>\n<tr>\n<td width=\"189\">Logotipo<\/td>\n<td colspan=\"2\" width=\"378\">O logotipo do cliente pode ser obtido por meio de adesivo ou de uma caixa colorida especialmente projetada<\/td>\n<\/tr>\n<tr>\n<td width=\"189\">MOQ<\/td>\n<td width=\"189\">1000 PE\u00c7AS<\/td>\n<td width=\"189\">1000 PE\u00c7AS<\/td>\n<\/tr>\n<\/tbody>\n<\/table>\n<p>&nbsp;<\/p>","protected":false},"excerpt":{"rendered":"<p>N\u00ba do art.: DM07\/DM07-2<\/p>\n<p>Material: estrutura de PVC macio<\/p>\n<p>Cartucho: Cartucho qu\u00edmico incluindo<\/p>\n<p>MOQ: 1000PCS<\/p>","protected":false},"featured_media":5989,"template":"","meta":{"_acf_changed":false},"product_brand":[],"product_cat":[352,351],"product_tag":[247],"class_list":{"0":"post-5988","1":"product","2":"type-product","3":"status-publish","4":"has-post-thumbnail","6":"product_cat-dust-mask-chemical-mask","7":"product_cat-respiratory-protection","8":"product_tag-half-face-chemical-mask","10":"first","11":"instock","12":"product-type-simple"},"acf":[],"_links":{"self":[{"href":"https:\/\/toprisesafety.com\/pt\/wp-json\/wp\/v2\/product\/5988","targetHints":{"allow":["GET"]}}],"collection":[{"href":"https:\/\/toprisesafety.com\/pt\/wp-json\/wp\/v2\/product"}],"about":[{"href":"https:\/\/toprisesafety.com\/pt\/wp-json\/wp\/v2\/types\/product"}],"wp:featuredmedia":[{"embeddable":true,"href":"https:\/\/toprisesafety.com\/pt\/wp-json\/wp\/v2\/media\/5989"}],"wp:attachment":[{"href":"https:\/\/toprisesafety.com\/pt\/wp-json\/wp\/v2\/media?parent=5988"}],"wp:term":[{"taxonomy":"product_brand","embeddable":true,"href":"https:\/\/toprisesafety.com\/pt\/wp-json\/wp\/v2\/product_brand?post=5988"},{"taxonomy":"product_cat","embeddable":true,"href":"https:\/\/toprisesafety.com\/pt\/wp-json\/wp\/v2\/product_cat?post=5988"},{"taxonomy":"product_tag","embeddable":true,"href":"https:\/\/toprisesafety.com\/pt\/wp-json\/wp\/v2\/product_tag?post=5988"}],"curies":[{"name":"wp","href":"https:\/\/api.w.org\/{rel}","templated":true}]}}