{"id":5982,"date":"2018-02-25T06:26:48","date_gmt":"2018-02-25T06:26:48","guid":{"rendered":"https:\/\/toprisesafety.com\/product\/35cm-40cm-45cm-red-pvc-gloves\/"},"modified":"2025-04-14T05:15:14","modified_gmt":"2025-04-14T05:15:14","slug":"35cm-40cm-45cm-red-pvc-gloves","status":"publish","type":"product","link":"https:\/\/toprisesafety.com\/pt\/produto\/35cm-40cm-45cm-red-pvc-gloves\/","title":{"rendered":"35CM\/40CM\/45CM Luvas de PVC vermelhas"},"content":{"rendered":"<p><strong><span style=\"font-size: 140%;\">35CM\/40CM\/45CM Luvas de PVC vermelhas <\/span><\/strong><\/p>\n<ul>\n<li style=\"list-style-type: none;\">\n<ul>\n<li><span data-spm-anchor-id=\"a2700.details.pronpeci14.i1.4d2174ae8bKvIr\">Caracter\u00edstica: forte resist\u00eancia a \u00f3leos, \u00e1cidos e \u00e1lcalis, resist\u00eancia ao desgaste, antissepsia e desodoriza\u00e7\u00e3o<\/span><\/li>\n<\/ul>\n<\/li>\n<\/ul>\n<ul>\n<li style=\"list-style-type: none;\">\n<ul>\n<li>\u00a0Usos: campos de petr\u00f3leo, pesca, minera\u00e7\u00e3o e ind\u00fastrias de fabrica\u00e7\u00e3o de maquin\u00e1rio<\/li>\n<\/ul>\n<\/li>\n<\/ul>\n<ul>\n<li style=\"list-style-type: none;\">\n<ul>\n<li>A marca pode ser impressa de acordo com a solicita\u00e7\u00e3o do cliente.<\/li>\n<\/ul>\n<\/li>\n<\/ul>\n<ul>\n<li style=\"list-style-type: none;\">\n<ul>\n<li>Padr\u00e3o de qualidade: CE EN388<\/li>\n<\/ul>\n<\/li>\n<\/ul>\n<ul>\n<li style=\"list-style-type: none;\">\n<ul>\n<li>Dois tipos diferentes de forro interno: forro de interlock ou forro de jersey para escolha. O forro em jersey \u00e9 usado para manter o calor<\/li>\n<\/ul>\n<\/li>\n<\/ul>\n<ul>\n<li style=\"list-style-type: none;\">\n<ul>\n<li>35CM(14\u2033)\/40CM(16\u2033)\/45CM(18\u2033) para escolha<\/li>\n<\/ul>\n<\/li>\n<\/ul>\n<ul>\n<li style=\"list-style-type: none;\">\n<ul>\n<li>Logotipo: a impress\u00e3o do logotipo do cliente na parte de tr\u00e1s das luvas est\u00e1 dispon\u00edvel<\/li>\n<\/ul>\n<\/li>\n<\/ul>\n<h2><strong>35CM\/40CM\/45CM Especifica\u00e7\u00e3o das luvas de PVC vermelhas:<\/strong><\/h2>\n<table>\n<tbody>\n<tr>\n<td width=\"189\">N\u00ba do art.<\/td>\n<td width=\"341\">PVC01-I (forro de intertravamento) \/ PVC01-J (forro de jersey)<\/td>\n<\/tr>\n<tr>\n<td width=\"189\">Material<\/td>\n<td width=\"341\">PVC vermelho<\/td>\n<\/tr>\n<tr>\n<td width=\"189\">Acabamento<\/td>\n<td width=\"341\">Superf\u00edcie lisa<\/td>\n<\/tr>\n<tr>\n<td width=\"189\">Forro<\/td>\n<td width=\"341\">Interlock ou jersey \u00e0 escolha<\/td>\n<\/tr>\n<tr>\n<td width=\"189\">Comprimento<\/td>\n<td width=\"341\">35CM (14\u2033)\/ 40CM(16\u2033)\/45CM(18\u2033)<\/td>\n<\/tr>\n<tr>\n<td width=\"189\">Estilo<\/td>\n<td width=\"341\">Punho aberto<\/td>\n<\/tr>\n<tr>\n<td width=\"189\">Padr\u00e3o de qualidade<\/td>\n<td width=\"341\">CE EN388<\/td>\n<\/tr>\n<tr>\n<td width=\"189\">Embalagem<\/td>\n<td width=\"341\">12PR\/DOZ, 5 ou 10DOZ\/CTN<\/td>\n<\/tr>\n<\/tbody>\n<\/table>\n<p><img fetchpriority=\"high\" decoding=\"async\" class=\"size-full wp-image-839\" src=\"https:\/\/toprisesafety.com\/wp-content\/uploads\/2024\/08\/pvc01-2.jpg\" alt=\"Red PVC gloves \" width=\"500\" height=\"500\" \/><\/p>\n<p>A TOPRISE oferece suporte a v\u00e1rios estilos de personaliza\u00e7\u00e3o de luvas mergulhadas em PVC; clique para <a href=\"https:\/\/toprisesafety.com\/pt\/categoria-produto\/personal-protective-equipment\/hand-protection\/pvc-gloves\/\">veja mais estilos de luvas revestidas de PVC.<\/a><\/p>\n<p>Se voc\u00ea n\u00e3o encontrar as luvas revestidas de PVC necess\u00e1rias, <a href=\"https:\/\/toprisesafety.com\/pt\/contact-us\/\">Entre em contato conosco<\/a>Oferecemos suporte \u00e0 personaliza\u00e7\u00e3o especial.<\/p>","protected":false},"excerpt":{"rendered":"<p>N\u00ba do art.: PVC01-I (forro intertravado) \/ PVC01-J (forro de jersey)<\/p>\n<p>Material: PVC vermelho<\/p>\n<p>Tamanho: 35\/40\/45 CM<\/p>\n<p>Padr\u00e3o de qualidade: CE EN388<\/p>","protected":false},"featured_media":5984,"template":"","meta":{"_acf_changed":false},"product_brand":[],"product_cat":[345,350],"product_tag":[242],"class_list":{"0":"post-5982","1":"product","2":"type-product","3":"status-publish","4":"has-post-thumbnail","6":"product_cat-hand-protection","7":"product_cat-pvc-gloves","8":"product_tag-35cm-40cm-45cm-red-pvc-gloves","10":"first","11":"instock","12":"product-type-simple"},"acf":[],"_links":{"self":[{"href":"https:\/\/toprisesafety.com\/pt\/wp-json\/wp\/v2\/product\/5982"}],"collection":[{"href":"https:\/\/toprisesafety.com\/pt\/wp-json\/wp\/v2\/product"}],"about":[{"href":"https:\/\/toprisesafety.com\/pt\/wp-json\/wp\/v2\/types\/product"}],"wp:featuredmedia":[{"embeddable":true,"href":"https:\/\/toprisesafety.com\/pt\/wp-json\/wp\/v2\/media\/5984"}],"wp:attachment":[{"href":"https:\/\/toprisesafety.com\/pt\/wp-json\/wp\/v2\/media?parent=5982"}],"wp:term":[{"taxonomy":"product_brand","embeddable":true,"href":"https:\/\/toprisesafety.com\/pt\/wp-json\/wp\/v2\/product_brand?post=5982"},{"taxonomy":"product_cat","embeddable":true,"href":"https:\/\/toprisesafety.com\/pt\/wp-json\/wp\/v2\/product_cat?post=5982"},{"taxonomy":"product_tag","embeddable":true,"href":"https:\/\/toprisesafety.com\/pt\/wp-json\/wp\/v2\/product_tag?post=5982"}],"curies":[{"name":"wp","href":"https:\/\/api.w.org\/{rel}","templated":true}]}}