{"id":5975,"date":"2018-02-25T07:19:06","date_gmt":"2018-02-25T07:19:06","guid":{"rendered":"https:\/\/toprisesafety.com\/product\/canvas-cuff-nitrile-gloves\/"},"modified":"2025-03-27T06:59:52","modified_gmt":"2025-03-27T06:59:52","slug":"canvas-cuff-nitrile-gloves","status":"publish","type":"product","link":"https:\/\/toprisesafety.com\/pt\/produto\/canvas-cuff-nitrile-gloves\/","title":{"rendered":"Luvas com punho de seguran\u00e7a de nitrilo totalmente revestidas"},"content":{"rendered":"<p><strong><span style=\"font-size: 140%;\">Luvas com punho de seguran\u00e7a de nitrilo totalmente revestidas<\/span><\/strong><\/p>\n<ul>\n<li style=\"list-style-type: none;\">\n<ul>\n<li>Punho de lona de seguran\u00e7a totalmente revestido<\/li>\n<\/ul>\n<\/li>\n<\/ul>\n<ul>\n<li style=\"list-style-type: none;\">\n<ul>\n<li>Acabamento liso e brilhante<\/li>\n<\/ul>\n<\/li>\n<\/ul>\n<ul>\n<li style=\"list-style-type: none;\">\n<ul>\n<li data-spm-anchor-id=\"a2700.details.pronpeci14.i1.7a083ce0wE9Ypl\">Tratamento antibacteriano e antiodor<\/li>\n<\/ul>\n<\/li>\n<\/ul>\n<ul>\n<li style=\"list-style-type: none;\">\n<ul>\n<li>100% Borracha de acrilonitrila butadieno-estireno (nitrila) 100%<\/li>\n<\/ul>\n<\/li>\n<\/ul>\n<ul>\n<li style=\"list-style-type: none;\">\n<ul>\n<li>Forro de interlock ou forro de jersey<\/li>\n<\/ul>\n<\/li>\n<\/ul>\n<ul>\n<li style=\"list-style-type: none;\">\n<ul>\n<li>O forro de algod\u00e3o jersey macio elimina as costuras das \u00e1reas de trabalho, absorve a transpira\u00e7\u00e3o, \u00e9 ultraconfort\u00e1vel para uso prolongado e tem boa resist\u00eancia mec\u00e2nica.<\/li>\n<\/ul>\n<\/li>\n<\/ul>\n<ul>\n<li style=\"list-style-type: none;\">\n<ul>\n<li>O revestimento de nitrilo para servi\u00e7os pesados proporciona excelente ader\u00eancia a seco, bem como desempenho superior ao manusear materiais \u00e1speros e abrasivos<\/li>\n<\/ul>\n<\/li>\n<\/ul>\n<ul>\n<li style=\"list-style-type: none;\">\n<ul>\n<li>Protege a m\u00e3o do \u00f3leo e mant\u00e9m o bom tato<\/li>\n<\/ul>\n<\/li>\n<\/ul>\n<ul>\n<li style=\"list-style-type: none;\">\n<ul>\n<li>Pulso bem protegido<\/li>\n<\/ul>\n<\/li>\n<\/ul>\n<ul>\n<li style=\"list-style-type: none;\">\n<ul>\n<li data-spm-anchor-id=\"a2700.details.pronpeci14.i0.7a083ce0wE9Ypl\">Aplica\u00e7\u00f5es: Constru\u00e7\u00e3o, trabalhos de manuten\u00e7\u00e3o, trabalho e fabrica\u00e7\u00e3o de metais, industrial, montagem e desmontagem, minera\u00e7\u00e3o, etc.<\/li>\n<\/ul>\n<\/li>\n<\/ul>\n<h2><strong>Luvas de seguran\u00e7a com punho de nitrilo com especifica\u00e7\u00e3o totalmente revestida:\u00a0<\/strong><\/h2>\n<table>\n<tbody>\n<tr>\n<td width=\"189\">N\u00ba do art.<\/td>\n<td width=\"341\">NG04-I (forro de intertravamento) \/ NG04-J (forro de jersey)<\/td>\n<\/tr>\n<tr>\n<td width=\"189\">Material<\/td>\n<td width=\"341\">Nitrilo<\/td>\n<\/tr>\n<tr>\n<td width=\"189\">Acabamento<\/td>\n<td width=\"341\">Superf\u00edcie lisa<\/td>\n<\/tr>\n<tr>\n<td width=\"189\">Forro<\/td>\n<td width=\"341\">Interlock ou jersey \u00e0 escolha<\/td>\n<\/tr>\n<tr>\n<td width=\"189\">Comprimento<\/td>\n<td width=\"341\">10&#8243;\/10.5&#8243;\/11&#8243;<\/td>\n<\/tr>\n<tr>\n<td width=\"189\">Estilo<\/td>\n<td width=\"341\">Pulso de malha<\/td>\n<\/tr>\n<tr>\n<td width=\"189\">Padr\u00e3o de qualidade<\/td>\n<td width=\"341\">CE EN388<\/td>\n<\/tr>\n<tr>\n<td width=\"189\">Embalagem<\/td>\n<td width=\"341\">12PR\/DOZ, 10DOZ\/CTN<\/td>\n<\/tr>\n<\/tbody>\n<\/table>\n<p><img fetchpriority=\"high\" decoding=\"async\" class=\"size-full wp-image-848\" src=\"https:\/\/toprisesafety.com\/wp-content\/uploads\/2024\/08\/N04-nitrile-gloves.jpg\" alt=\" nitrile gloves\" width=\"500\" height=\"500\" \/><\/p>\n<p>A TOPRISE oferece suporte a v\u00e1rios estilos de personaliza\u00e7\u00e3o de luvas mergulhadas em nitrilo; clique para <a href=\"https:\/\/toprisesafety.com\/pt\/categoria-produto\/personal-protective-equipment\/hand-protection\/nitrile-gloves\/\">veja mais estilos de luvas revestidas de nitrilo.<\/a><br \/>\nSe voc\u00ea n\u00e3o encontrar as luvas de nitrilo necess\u00e1rias,<a href=\"https:\/\/toprisesafety.com\/pt\/contact-us\/\"> Entre em contato conosco;<\/a> Oferecemos suporte \u00e0 personaliza\u00e7\u00e3o especial.<\/p>","protected":false},"excerpt":{"rendered":"<p>N\u00ba do art.: NG04-I (forro Interlock) \/ NG04-J (forro Jersey)<\/p>\n<p>Material: Nitrito<\/p>\n<p>Tamanho: 10\u2033\/10.5\u2033\/11\u2033<\/p>\n<p>Padr\u00e3o de qualidade: CE EN388<\/p>","protected":false},"featured_media":5977,"template":"","meta":{"_acf_changed":false},"product_brand":[],"product_cat":[345,349],"product_tag":[239],"class_list":{"0":"post-5975","1":"product","2":"type-product","3":"status-publish","4":"has-post-thumbnail","6":"product_cat-hand-protection","7":"product_cat-nitrile-gloves","8":"product_tag-nitrile-safety-cuff-gloves-fully-coated","10":"first","11":"instock","12":"product-type-simple"},"acf":[],"_links":{"self":[{"href":"https:\/\/toprisesafety.com\/pt\/wp-json\/wp\/v2\/product\/5975","targetHints":{"allow":["GET"]}}],"collection":[{"href":"https:\/\/toprisesafety.com\/pt\/wp-json\/wp\/v2\/product"}],"about":[{"href":"https:\/\/toprisesafety.com\/pt\/wp-json\/wp\/v2\/types\/product"}],"wp:featuredmedia":[{"embeddable":true,"href":"https:\/\/toprisesafety.com\/pt\/wp-json\/wp\/v2\/media\/5977"}],"wp:attachment":[{"href":"https:\/\/toprisesafety.com\/pt\/wp-json\/wp\/v2\/media?parent=5975"}],"wp:term":[{"taxonomy":"product_brand","embeddable":true,"href":"https:\/\/toprisesafety.com\/pt\/wp-json\/wp\/v2\/product_brand?post=5975"},{"taxonomy":"product_cat","embeddable":true,"href":"https:\/\/toprisesafety.com\/pt\/wp-json\/wp\/v2\/product_cat?post=5975"},{"taxonomy":"product_tag","embeddable":true,"href":"https:\/\/toprisesafety.com\/pt\/wp-json\/wp\/v2\/product_tag?post=5975"}],"curies":[{"name":"wp","href":"https:\/\/api.w.org\/{rel}","templated":true}]}}