{"id":5973,"date":"2018-02-25T07:34:47","date_gmt":"2018-02-25T07:34:47","guid":{"rendered":"https:\/\/toprisesafety.com\/product\/green-nitrile-gloves\/"},"modified":"2025-03-27T06:59:10","modified_gmt":"2025-03-27T06:59:10","slug":"green-nitrile-gloves","status":"publish","type":"product","link":"https:\/\/toprisesafety.com\/pt\/produto\/green-nitrile-gloves\/","title":{"rendered":"Luvas de nitrilo verdes"},"content":{"rendered":"<p><strong><span style=\"font-size: 140%;\">Luvas de nitrilo verdes<\/span><\/strong><\/p>\n<ul>\n<li style=\"list-style-type: none;\">\n<ul>\n<li>Fabricado com um composto de nitrilo especialmente formulado, que oferece excelente prote\u00e7\u00e3o contra uma ampla variedade de produtos qu\u00edmicos.<\/li>\n<\/ul>\n<\/li>\n<\/ul>\n<ul>\n<li style=\"list-style-type: none;\">\n<ul>\n<li>O composto de nitrilo \u00e9 mais resistente a abras\u00f5es e permite um desgaste mais longo em compara\u00e7\u00e3o com as luvas de borracha natural.<\/li>\n<\/ul>\n<\/li>\n<\/ul>\n<ul>\n<li style=\"list-style-type: none;\">\n<ul>\n<li>O forro de flocos proporciona excelente conforto para longos per\u00edodos de uso.<\/li>\n<\/ul>\n<\/li>\n<\/ul>\n<ul>\n<li style=\"list-style-type: none;\">\n<ul>\n<li>Aplica\u00e7\u00f5es: Montagem automotiva, pulveriza\u00e7\u00e3o de tinta, montagem de equipamentos pesados, manuseio de produtos qu\u00edmicos, manuseio de res\u00edduos<\/li>\n<\/ul>\n<\/li>\n<\/ul>\n<ul>\n<li style=\"list-style-type: none;\">\n<ul>\n<li>Alta durabilidade e desgaste mais longo do que as luvas de borracha natural<\/li>\n<\/ul>\n<\/li>\n<\/ul>\n<ul>\n<li style=\"list-style-type: none;\">\n<ul>\n<li>A palma e os dedos padronizados proporcionam excelente ader\u00eancia em condi\u00e7\u00f5es \u00famidas e secas.<\/li>\n<\/ul>\n<\/li>\n<\/ul>\n<ul>\n<li style=\"list-style-type: none;\">\n<ul>\n<li>A impress\u00e3o do logotipo em uma cor no punho est\u00e1 dispon\u00edvel para o cliente<\/li>\n<\/ul>\n<\/li>\n<\/ul>\n<h2><strong>Especifica\u00e7\u00e3o das luvas de nitrilo verdes<\/strong><\/h2>\n<table>\n<tbody>\n<tr>\n<td width=\"189\">N\u00ba do art.<\/td>\n<td width=\"341\">NG01<\/td>\n<\/tr>\n<tr>\n<td width=\"189\">Material<\/td>\n<td width=\"341\">Nitrilo verde<\/td>\n<\/tr>\n<tr>\n<td width=\"189\">Forro<\/td>\n<td width=\"341\">Forro de flocos<\/td>\n<\/tr>\n<tr>\n<td width=\"189\">Comprimento<\/td>\n<td width=\"341\">33CM<\/td>\n<\/tr>\n<tr>\n<td width=\"189\">Espessura<\/td>\n<td width=\"341\">13Mil, 15Mil etc.<\/td>\n<\/tr>\n<tr>\n<td width=\"189\">Tamanho (largura da palma da m\u00e3o)<\/td>\n<td width=\"341\">#7(S),#8(M),#9(L),#10(XL),#11(XXL)<\/td>\n<\/tr>\n<tr>\n<td width=\"189\">Estilo<\/td>\n<td width=\"341\">Punho aberto<\/td>\n<\/tr>\n<tr>\n<td width=\"189\">Padr\u00e3o de qualidade<\/td>\n<td width=\"341\">CE EN388<\/td>\n<\/tr>\n<tr>\n<td width=\"189\">Embalagem<\/td>\n<td width=\"341\">12PR\/DOZ, 10DOZ\/CTN<\/td>\n<\/tr>\n<\/tbody>\n<\/table>\n<p>A TOPRISE oferece suporte a v\u00e1rios estilos de personaliza\u00e7\u00e3o de luvas mergulhadas em nitrilo; clique para <a href=\"https:\/\/toprisesafety.com\/pt\/categoria-produto\/personal-protective-equipment\/hand-protection\/nitrile-gloves\/\">veja mais estilos de luvas revestidas de nitrilo.<\/a><br \/>\nSe voc\u00ea n\u00e3o encontrar as luvas de nitrilo necess\u00e1rias,<a href=\"https:\/\/toprisesafety.com\/pt\/contact-us\/\"> Entre em contato conosco;<\/a> Oferecemos suporte \u00e0 personaliza\u00e7\u00e3o especial.<\/p>","protected":false},"excerpt":{"rendered":"<p>N\u00ba do art.: NG01<\/p>\n<p>Material: Nitrito<\/p>\n<p>Tamanhos: S-XXL (#7-#11), 33CM<\/p>\n<p>Espessura: 13MIL\/15MIL etc.<\/p>\n<p>Padr\u00e3o de qualidade: CE EN388<\/p>","protected":false},"featured_media":5974,"template":"","meta":{"_acf_changed":false},"product_brand":[],"product_cat":[345,349],"product_tag":[238],"class_list":{"0":"post-5973","1":"product","2":"type-product","3":"status-publish","4":"has-post-thumbnail","6":"product_cat-hand-protection","7":"product_cat-nitrile-gloves","8":"product_tag-green-nitrile-gloves","10":"first","11":"instock","12":"product-type-simple"},"acf":[],"_links":{"self":[{"href":"https:\/\/toprisesafety.com\/pt\/wp-json\/wp\/v2\/product\/5973"}],"collection":[{"href":"https:\/\/toprisesafety.com\/pt\/wp-json\/wp\/v2\/product"}],"about":[{"href":"https:\/\/toprisesafety.com\/pt\/wp-json\/wp\/v2\/types\/product"}],"wp:featuredmedia":[{"embeddable":true,"href":"https:\/\/toprisesafety.com\/pt\/wp-json\/wp\/v2\/media\/5974"}],"wp:attachment":[{"href":"https:\/\/toprisesafety.com\/pt\/wp-json\/wp\/v2\/media?parent=5973"}],"wp:term":[{"taxonomy":"product_brand","embeddable":true,"href":"https:\/\/toprisesafety.com\/pt\/wp-json\/wp\/v2\/product_brand?post=5973"},{"taxonomy":"product_cat","embeddable":true,"href":"https:\/\/toprisesafety.com\/pt\/wp-json\/wp\/v2\/product_cat?post=5973"},{"taxonomy":"product_tag","embeddable":true,"href":"https:\/\/toprisesafety.com\/pt\/wp-json\/wp\/v2\/product_tag?post=5973"}],"curies":[{"name":"wp","href":"https:\/\/api.w.org\/{rel}","templated":true}]}}