{"id":5967,"date":"2018-02-25T08:22:04","date_gmt":"2018-02-25T08:22:04","guid":{"rendered":"https:\/\/toprisesafety.com\/product\/polyester-latex-coated-working-gloves\/"},"modified":"2025-03-27T02:52:00","modified_gmt":"2025-03-27T02:52:00","slug":"polyester-latex-coated-working-gloves","status":"publish","type":"product","link":"https:\/\/toprisesafety.com\/pt\/produto\/polyester-latex-coated-working-gloves\/","title":{"rendered":"Luvas de trabalho revestidas com l\u00e1tex de poli\u00e9ster de calibre 13"},"content":{"rendered":"<p><strong><span style=\"font-size: 140%;\">Luvas de trabalho revestidas com l\u00e1tex de poli\u00e9ster de calibre 13<\/span><\/strong><\/p>\n<ol>\n<li style=\"list-style-type: none;\">\n<ol>\n<li>Material: 13 gauge polyester knitted string gloves with latex coated<\/li>\n<\/ol>\n<\/li>\n<\/ol>\n<ol>\n<li style=\"list-style-type: none;\">\n<ol>\n<li>Palma com rugas para excelente ader\u00eancia antiderrapante, excelente antiderrapante e antiabras\u00e3o<\/li>\n<\/ol>\n<\/li>\n<\/ol>\n<ol>\n<li style=\"list-style-type: none;\">\n<ol>\n<li>Padr\u00e3o de qualidade: CE EN388<\/li>\n<\/ol>\n<\/li>\n<\/ol>\n<ol>\n<li style=\"list-style-type: none;\">\n<ol>\n<li><span data-spm-anchor-id=\"a2700.details.pronpeci14.i0.24985d63f50jeK\">Aplica\u00e7\u00e3o: constru\u00e7\u00e3o, manuten\u00e7\u00e3o, opera\u00e7\u00f5es gerais, minera\u00e7\u00e3o, petr\u00f3leo e g\u00e1s e outros campos, como f\u00e1brica de vidro, canteiro de obras, agricultura etc.<\/span><\/li>\n<\/ol>\n<\/li>\n<\/ol>\n<ol>\n<li style=\"list-style-type: none;\">\n<ol>\n<li>Caracter\u00edstica:<\/li>\n<\/ol>\n<\/li>\n<\/ol>\n<ul>\n<li style=\"list-style-type: none;\">\n<ul>\n<li><span data-spm-anchor-id=\"a2700.details.pronpeci14.i1.3766434fyZBMko\">A boa elasticidade proporciona uma sensa\u00e7\u00e3o de conforto ao vestir.<\/span><\/li>\n<\/ul>\n<\/li>\n<\/ul>\n<ul>\n<li style=\"list-style-type: none;\">\n<ul>\n<li>Ele pode ser degradado<\/li>\n<\/ul>\n<\/li>\n<\/ul>\n<ul>\n<li style=\"list-style-type: none;\">\n<ul>\n<li>Resistente a \u00f3leos leves, \u00e1cidos e \u00e1lcalis<\/li>\n<\/ul>\n<\/li>\n<\/ul>\n<ul>\n<li style=\"list-style-type: none;\">\n<ul>\n<li>Palma com rugas para excelente ader\u00eancia antiderrapante, excelente antiderrapante, antiabras\u00e3o e resistente a perfura\u00e7\u00f5es<\/li>\n<\/ul>\n<\/li>\n<\/ul>\n<ul>\n<li style=\"list-style-type: none;\">\n<ul>\n<li data-spm-anchor-id=\"a2700.details.pronpeci14.i0.3766434fyZBMko\">Size; 9\u2033,9.5\u2033,10\u2033,10.5\u2033,11\u2033<\/li>\n<\/ul>\n<\/li>\n<\/ul>\n<h2><strong>Luvas de trabalho revestidas com l\u00e1tex de poli\u00e9ster de calibre 13<\/strong><\/h2>\n<table>\n<tbody>\n<tr>\n<td width=\"189\">N\u00ba do art.<\/td>\n<td width=\"341\">LXG06<\/td>\n<\/tr>\n<tr>\n<td width=\"189\">Material<\/td>\n<td width=\"341\">Fio de poli\u00e9ster tricotado com revestimento de l\u00e1tex<\/td>\n<\/tr>\n<tr>\n<td width=\"189\">Acabamento<\/td>\n<td width=\"341\">Rugas na palma da m\u00e3o e nos dedos<\/td>\n<\/tr>\n<tr>\n<td width=\"189\">Tamanho<\/td>\n<td width=\"341\">9&#8243;,9.5&#8243;,10&#8243;,10.5&#8243;,11&#8243;<\/td>\n<\/tr>\n<tr>\n<td width=\"189\">Estilo<\/td>\n<td width=\"341\">Pulso de malha el\u00e1stica para uso confort\u00e1vel<\/td>\n<\/tr>\n<tr>\n<td width=\"189\">Padr\u00e3o de qualidade<\/td>\n<td width=\"341\">CE EN388<\/td>\n<\/tr>\n<tr>\n<td width=\"189\">Embalagem<\/td>\n<td width=\"341\">12PR\/DOZ, 10DOZ\/CTN<\/td>\n<\/tr>\n<\/tbody>\n<\/table>\n<p>A TOPRISE oferece suporte a v\u00e1rios estilos de personaliza\u00e7\u00e3o de luvas de l\u00e1tex; clique para <a href=\"https:\/\/toprisesafety.com\/pt\/categoria-produto\/personal-protective-equipment\/hand-protection\/latex-gloves\/\">veja mais estilos de luvas de l\u00e1tex.<\/a><\/p>\n<p>Se voc\u00ea n\u00e3o encontrar as luvas de l\u00e1tex necess\u00e1rias, <a href=\"https:\/\/toprisesafety.com\/pt\/contact-us\/\">Entre em contato conosco;<\/a> Oferecemos suporte \u00e0 personaliza\u00e7\u00e3o especial.<\/p>","protected":false},"excerpt":{"rendered":"<p>Art No.: LXG06<\/p>\n<p>Material: 13 Gauge polyester knitted liner with latex coated<\/p>\n<p>Acabamento: Palma e dedos enrugados<\/p>\n<p>Size: 9\u2033,9.5\u2033,10\u2033,10.5\u2033,11\u2033<\/p>\n<p>Padr\u00e3o de qualidade: CE EN388<\/p>\n<p>MOQ: 500 DOZ<\/p>","protected":false},"featured_media":5968,"template":"","meta":{"_acf_changed":false},"product_brand":[],"product_cat":[345,348],"product_tag":[235],"class_list":{"0":"post-5967","1":"product","2":"type-product","3":"status-publish","4":"has-post-thumbnail","6":"product_cat-hand-protection","7":"product_cat-latex-gloves","8":"product_tag-latex-coated-working-gloves","10":"first","11":"instock","12":"product-type-simple"},"acf":[],"_links":{"self":[{"href":"https:\/\/toprisesafety.com\/pt\/wp-json\/wp\/v2\/product\/5967"}],"collection":[{"href":"https:\/\/toprisesafety.com\/pt\/wp-json\/wp\/v2\/product"}],"about":[{"href":"https:\/\/toprisesafety.com\/pt\/wp-json\/wp\/v2\/types\/product"}],"wp:featuredmedia":[{"embeddable":true,"href":"https:\/\/toprisesafety.com\/pt\/wp-json\/wp\/v2\/media\/5968"}],"wp:attachment":[{"href":"https:\/\/toprisesafety.com\/pt\/wp-json\/wp\/v2\/media?parent=5967"}],"wp:term":[{"taxonomy":"product_brand","embeddable":true,"href":"https:\/\/toprisesafety.com\/pt\/wp-json\/wp\/v2\/product_brand?post=5967"},{"taxonomy":"product_cat","embeddable":true,"href":"https:\/\/toprisesafety.com\/pt\/wp-json\/wp\/v2\/product_cat?post=5967"},{"taxonomy":"product_tag","embeddable":true,"href":"https:\/\/toprisesafety.com\/pt\/wp-json\/wp\/v2\/product_tag?post=5967"}],"curies":[{"name":"wp","href":"https:\/\/api.w.org\/{rel}","templated":true}]}}