{"id":5959,"date":"2018-02-25T09:21:26","date_gmt":"2018-02-25T09:21:26","guid":{"rendered":"https:\/\/toprisesafety.com\/product\/heavy-duty-black-industrial-latex-gloves\/"},"modified":"2025-03-27T02:50:45","modified_gmt":"2025-03-27T02:50:45","slug":"heavy-duty-black-industrial-latex-gloves","status":"publish","type":"product","link":"https:\/\/toprisesafety.com\/pt\/produto\/heavy-duty-black-industrial-latex-gloves\/","title":{"rendered":"Luvas de l\u00e1tex industriais pretas para servi\u00e7os pesados Luvas de borracha"},"content":{"rendered":"<p><strong><span style=\"font-size: 140%;\">Luvas de l\u00e1tex industriais pretas para servi\u00e7os pesados Luvas de borracha <\/span><\/strong><\/p>\n<ul>\n<li style=\"list-style-type: none;\">\n<ul>\n<li><span data-spm-anchor-id=\"a2700.details.pronpeci14.i1.507821c5yik1pK\">Made of natural latex .<\/span><\/li>\n<\/ul>\n<\/li>\n<\/ul>\n<ul>\n<li style=\"list-style-type: none;\">\n<ul>\n<li>Available weight 180\/200\/320G\/PR<\/li>\n<\/ul>\n<\/li>\n<\/ul>\n<ul>\n<li style=\"list-style-type: none;\">\n<ul>\n<li>Size:35\/45CMlength. S, M, L, XL<\/li>\n<\/ul>\n<\/li>\n<\/ul>\n<ul>\n<li style=\"list-style-type: none;\">\n<ul>\n<li>Widely used in chemical,fishing,marine operation as protection.<\/li>\n<\/ul>\n<\/li>\n<\/ul>\n<ul>\n<li style=\"list-style-type: none;\">\n<ul>\n<li data-spm-anchor-id=\"a2700.details.pronpeci14.i0.507821c5yik1pK\">After use, put it in the place with good ventilation and make it dry to prepare for use of next time.<\/li>\n<\/ul>\n<\/li>\n<\/ul>\n<ul>\n<li style=\"list-style-type: none;\">\n<ul>\n<li data-spm-anchor-id=\"a2700.details.pronpeci14.i0.507821c5yik1pK\">Application: Construction, mining, agriculture,, garden maintenance, general industrial handling etc. \u00a0\u00a0<strong>\u00a0<\/strong><\/li>\n<\/ul>\n<\/li>\n<\/ul>\n<ul>\n<li style=\"list-style-type: none;\">\n<ul>\n<li>Low in water-soluble proteins, no chemical residue, harmless to human bodies;<\/li>\n<\/ul>\n<\/li>\n<\/ul>\n<ul>\n<li style=\"list-style-type: none;\">\n<ul>\n<li>Puncture resistant, tear resistant, blade cut resistant and abrasion resistant;<\/li>\n<\/ul>\n<\/li>\n<\/ul>\n<ul>\n<li style=\"list-style-type: none;\">\n<ul>\n<li data-spm-anchor-id=\"a2700.details.pronpeci14.i0.57007751p3FPsq\">As a reusable product, just rinse in clean water after each use and air or tumble dry<\/li>\n<\/ul>\n<\/li>\n<\/ul>\n<h2><strong>Heavy duty black industrial latex gloves rubber gloves specification:<\/strong><\/h2>\n<table>\n<tbody>\n<tr>\n<td width=\"189\">N\u00ba do art.<\/td>\n<td width=\"341\">LXG03<\/td>\n<\/tr>\n<tr>\n<td width=\"189\">Material<\/td>\n<td width=\"341\">L\u00e1tex<\/td>\n<\/tr>\n<tr>\n<td width=\"189\">Acabamento<\/td>\n<td width=\"341\">Suave<\/td>\n<\/tr>\n<tr>\n<td width=\"189\">Tamanho<\/td>\n<td width=\"341\">S-XL (35CM\/57CM length)<\/td>\n<\/tr>\n<tr>\n<td width=\"189\">Logotipo<\/td>\n<td width=\"341\">Customer logo put on packing is available<\/td>\n<\/tr>\n<tr>\n<td width=\"189\">Padr\u00e3o de qualidade<\/td>\n<td width=\"341\">CE EN388<\/td>\n<\/tr>\n<tr>\n<td width=\"189\">Embalagem<\/td>\n<td width=\"341\">12PR\/DOZ, 10DOZ\/CTN<\/td>\n<\/tr>\n<\/tbody>\n<\/table>\n<p>A TOPRISE oferece suporte a v\u00e1rios estilos de personaliza\u00e7\u00e3o de luvas de l\u00e1tex; clique para <a href=\"https:\/\/toprisesafety.com\/pt\/categoria-produto\/personal-protective-equipment\/hand-protection\/latex-gloves\/\">veja mais estilos de luvas de l\u00e1tex.<\/a><\/p>\n<p>Se voc\u00ea n\u00e3o encontrar as luvas de l\u00e1tex necess\u00e1rias, <a href=\"https:\/\/toprisesafety.com\/pt\/contact-us\/\">Entre em contato conosco;<\/a> Oferecemos suporte \u00e0 personaliza\u00e7\u00e3o especial.<\/p>","protected":false},"excerpt":{"rendered":"<p>Art No.: LXG03<\/p>\n<p>Material: Latex<\/p>\n<p>Size: S-XL (35\/57CM)<\/p>\n<p>Padr\u00e3o de qualidade: CE EN388<\/p>\n<p>MOQ: 500DOZ<\/p>","protected":false},"featured_media":5960,"template":"","meta":{"_acf_changed":false},"product_brand":[],"product_cat":[345,348],"product_tag":[228,229],"class_list":{"0":"post-5959","1":"product","2":"type-product","3":"status-publish","4":"has-post-thumbnail","6":"product_cat-hand-protection","7":"product_cat-latex-gloves","8":"product_tag-black-rubber-gloves","9":"product_tag-heavy-duty-black-industrial-latex-gloves","11":"first","12":"instock","13":"product-type-simple"},"acf":[],"_links":{"self":[{"href":"https:\/\/toprisesafety.com\/pt\/wp-json\/wp\/v2\/product\/5959"}],"collection":[{"href":"https:\/\/toprisesafety.com\/pt\/wp-json\/wp\/v2\/product"}],"about":[{"href":"https:\/\/toprisesafety.com\/pt\/wp-json\/wp\/v2\/types\/product"}],"wp:featuredmedia":[{"embeddable":true,"href":"https:\/\/toprisesafety.com\/pt\/wp-json\/wp\/v2\/media\/5960"}],"wp:attachment":[{"href":"https:\/\/toprisesafety.com\/pt\/wp-json\/wp\/v2\/media?parent=5959"}],"wp:term":[{"taxonomy":"product_brand","embeddable":true,"href":"https:\/\/toprisesafety.com\/pt\/wp-json\/wp\/v2\/product_brand?post=5959"},{"taxonomy":"product_cat","embeddable":true,"href":"https:\/\/toprisesafety.com\/pt\/wp-json\/wp\/v2\/product_cat?post=5959"},{"taxonomy":"product_tag","embeddable":true,"href":"https:\/\/toprisesafety.com\/pt\/wp-json\/wp\/v2\/product_tag?post=5959"}],"curies":[{"name":"wp","href":"https:\/\/api.w.org\/{rel}","templated":true}]}}