{"id":5957,"date":"2018-02-25T09:47:16","date_gmt":"2018-02-25T09:47:16","guid":{"rendered":"https:\/\/toprisesafety.com\/product\/latex-household-gloves\/"},"modified":"2025-03-27T02:50:15","modified_gmt":"2025-03-27T02:50:15","slug":"latex-household-gloves","status":"publish","type":"product","link":"https:\/\/toprisesafety.com\/pt\/produto\/latex-household-gloves\/","title":{"rendered":"Luvas dom\u00e9sticas de l\u00e1tex"},"content":{"rendered":"<p><span style=\"font-size: 130%;\"><strong>Luvas dom\u00e9sticas de l\u00e1tex<\/strong><\/span><\/p>\n<ul>\n<li style=\"list-style-type: none;\">\n<ul>\n<li data-spm-anchor-id=\"a2700.details.pronpeci14.i1.6f1578a9KkSJan\">Forro mergulhado ou forro de flocos \u00e0 escolha<\/li>\n<\/ul>\n<\/li>\n<\/ul>\n<ul>\n<li style=\"list-style-type: none;\">\n<ul>\n<li data-spm-anchor-id=\"a2700.details.pronpeci14.i1.6f1578a9KkSJan\">Peso dispon\u00edvel: 30-70G\/PR<\/li>\n<\/ul>\n<\/li>\n<\/ul>\n<ul>\n<li style=\"list-style-type: none;\">\n<ul>\n<li data-spm-anchor-id=\"a2700.details.pronpeci14.i1.6f1578a9KkSJan\">Tamanhos: S, M, L, XL<\/li>\n<\/ul>\n<\/li>\n<\/ul>\n<ul>\n<li style=\"list-style-type: none;\">\n<ul>\n<li data-spm-anchor-id=\"a2700.details.pronpeci14.i1.6f1578a9KkSJan\">Cor: amarelo, laranja, rosa, verde, roxo, etc.<\/li>\n<\/ul>\n<\/li>\n<\/ul>\n<ul>\n<li style=\"list-style-type: none;\">\n<ul>\n<li data-spm-anchor-id=\"a2700.details.pronpeci14.i0.24824c8eEPUFzN\">Resist\u00eancia a \u00e1cidos, \u00e1lcalis, \u00f3leo e sujeira.<\/li>\n<\/ul>\n<\/li>\n<\/ul>\n<ul>\n<li style=\"list-style-type: none;\">\n<ul>\n<li data-spm-anchor-id=\"a2700.details.pronpeci14.i1.24824c8eEPUFzN\">N\u00e3o t\u00f3xico, inofensivo e inodoro.<\/li>\n<\/ul>\n<\/li>\n<\/ul>\n<ul>\n<li style=\"list-style-type: none;\">\n<ul>\n<li>O gr\u00e3o antiderrapante ajuda a segurar o objeto com firmeza.<\/li>\n<\/ul>\n<\/li>\n<\/ul>\n<ul>\n<li style=\"list-style-type: none;\">\n<ul>\n<li>Excelente design, confort\u00e1vel e ajustado<\/li>\n<\/ul>\n<\/li>\n<\/ul>\n<ul>\n<li style=\"list-style-type: none;\">\n<ul>\n<li data-spm-anchor-id=\"a2700.details.pronpeci14.i1.6f1578a9KkSJan\">Excelente ader\u00eancia em ambientes \u00famidos<\/li>\n<\/ul>\n<\/li>\n<\/ul>\n<ul>\n<li style=\"list-style-type: none;\">\n<ul>\n<li data-spm-anchor-id=\"a2700.details.pronpeci14.i1.6f1578a9KkSJan\">Reutiliz\u00e1vel, basta enxaguar em \u00e1gua limpa ap\u00f3s cada uso e secar ao ar ou na m\u00e1quina<\/li>\n<\/ul>\n<\/li>\n<\/ul>\n<ul>\n<li style=\"list-style-type: none;\">\n<ul>\n<li data-spm-anchor-id=\"a2700.details.pronpeci14.i1.6f1578a9KkSJan\">As luvas de l\u00e1tex para uso dom\u00e9stico s\u00e3o projetadas ergonomicamente para se ajustarem automaticamente \u00e0s m\u00e3os<\/li>\n<\/ul>\n<\/li>\n<\/ul>\n<ul>\n<li style=\"list-style-type: none;\">\n<ul>\n<li data-spm-anchor-id=\"a2700.details.pronpeci14.i1.6f1578a9KkSJan\">Excelente flexibilidade e resist\u00eancia<\/li>\n<\/ul>\n<\/li>\n<\/ul>\n<ul>\n<li style=\"list-style-type: none;\">\n<ul>\n<li data-spm-anchor-id=\"a2700.details.pronpeci14.i1.6f1578a9KkSJan\">\u00c1rea de uso: lavagem de casa, \u00e1rea de alimentos etc.<\/li>\n<\/ul>\n<\/li>\n<\/ul>\n<ul>\n<li style=\"list-style-type: none;\">\n<ul>\n<li data-spm-anchor-id=\"a2700.details.pronpeci14.i1.6f1578a9KkSJan\">Embalagem: 1 par por saco pl\u00e1stico colorido, 12 pares por unidade, 144 pares por caixa<\/li>\n<\/ul>\n<\/li>\n<\/ul>\n<h2><strong>Especifica\u00e7\u00e3o das luvas dom\u00e9sticas de l\u00e1tex:<\/strong><\/h2>\n<table>\n<tbody>\n<tr>\n<td width=\"189\">N\u00ba do art.<\/td>\n<td width=\"341\">LX01-H<\/td>\n<\/tr>\n<tr>\n<td width=\"189\">Material<\/td>\n<td width=\"341\">100% l\u00e1tex natural<\/td>\n<\/tr>\n<tr>\n<td width=\"189\">Peso<\/td>\n<td width=\"341\">30-70G\/PR<\/td>\n<\/tr>\n<tr>\n<td width=\"189\">Tamanho<\/td>\n<td width=\"341\">S, M, L, XL, XXL<\/td>\n<\/tr>\n<tr>\n<td width=\"189\">Cor<\/td>\n<td width=\"341\">Amarelo, laranja, rosa, roxo, verde etc.<\/td>\n<\/tr>\n<tr>\n<td width=\"189\">Estilo<\/td>\n<td width=\"341\">Forro de flocos ou forro mergulhado \u00e0 escolha<\/td>\n<\/tr>\n<\/tbody>\n<\/table>\n<p>A TOPRISE oferece suporte a v\u00e1rios estilos de personaliza\u00e7\u00e3o de luvas de l\u00e1tex; clique para <a href=\"https:\/\/toprisesafety.com\/pt\/categoria-produto\/personal-protective-equipment\/hand-protection\/latex-gloves\/\">veja mais estilos de luvas de l\u00e1tex.<\/a><\/p>\n<p>Se voc\u00ea n\u00e3o encontrar as luvas de l\u00e1tex necess\u00e1rias, <a href=\"https:\/\/toprisesafety.com\/pt\/contact-us\/\">Entre em contato conosco;<\/a> Oferecemos suporte \u00e0 personaliza\u00e7\u00e3o especial.<\/p>\n<p data-spm-anchor-id=\"a2700.details.pronpeci14.i0.6f1578a9KkSJan\">","protected":false},"excerpt":{"rendered":"<p>N\u00ba do art.: LX01-H<\/p>\n<p>Material:  L\u00e1tex natural 100%<\/p>\n<p>Estilo: Forro em flocos ou mergulhado<\/p>\n<p>Tamanhos: S, M, L, XL, XXL<\/p>\n<p>Padr\u00e3o de qualidade: CE EN388<\/p>","protected":false},"featured_media":5958,"template":"","meta":{"_acf_changed":false},"product_brand":[],"product_cat":[345,348],"product_tag":[227],"class_list":{"0":"post-5957","1":"product","2":"type-product","3":"status-publish","4":"has-post-thumbnail","6":"product_cat-hand-protection","7":"product_cat-latex-gloves","8":"product_tag-latex-household-gloves","10":"first","11":"instock","12":"product-type-simple"},"acf":[],"_links":{"self":[{"href":"https:\/\/toprisesafety.com\/pt\/wp-json\/wp\/v2\/product\/5957"}],"collection":[{"href":"https:\/\/toprisesafety.com\/pt\/wp-json\/wp\/v2\/product"}],"about":[{"href":"https:\/\/toprisesafety.com\/pt\/wp-json\/wp\/v2\/types\/product"}],"wp:featuredmedia":[{"embeddable":true,"href":"https:\/\/toprisesafety.com\/pt\/wp-json\/wp\/v2\/media\/5958"}],"wp:attachment":[{"href":"https:\/\/toprisesafety.com\/pt\/wp-json\/wp\/v2\/media?parent=5957"}],"wp:term":[{"taxonomy":"product_brand","embeddable":true,"href":"https:\/\/toprisesafety.com\/pt\/wp-json\/wp\/v2\/product_brand?post=5957"},{"taxonomy":"product_cat","embeddable":true,"href":"https:\/\/toprisesafety.com\/pt\/wp-json\/wp\/v2\/product_cat?post=5957"},{"taxonomy":"product_tag","embeddable":true,"href":"https:\/\/toprisesafety.com\/pt\/wp-json\/wp\/v2\/product_tag?post=5957"}],"curies":[{"name":"wp","href":"https:\/\/api.w.org\/{rel}","templated":true}]}}