{"id":5955,"date":"2018-02-25T10:05:50","date_gmt":"2018-02-25T10:05:50","guid":{"rendered":"https:\/\/toprisesafety.com\/product\/pu-gloves\/"},"modified":"2025-04-14T05:09:25","modified_gmt":"2025-04-14T05:09:25","slug":"pu-gloves","status":"publish","type":"product","link":"https:\/\/toprisesafety.com\/pt\/produto\/pu-gloves\/","title":{"rendered":"Luvas de PU CE EN388"},"content":{"rendered":"<p><strong><span style=\"font-size: 140%;\">Luvas de PU CE EN388 <\/span><\/strong><\/p>\n<ul>\n<li style=\"list-style-type: none;\">\n<ul>\n<li>As luvas de malha de nylon de calibre 13 s\u00e3o feitas de 100%Percentagem de nylon ou poli\u00e9ster<\/li>\n<\/ul>\n<\/li>\n<\/ul>\n<ul>\n<li style=\"list-style-type: none;\">\n<ul>\n<li>\u00a0A luva revestida com palma de PU \u00e9 ideal para trabalhos leves<\/li>\n<\/ul>\n<\/li>\n<\/ul>\n<ul>\n<li style=\"list-style-type: none;\">\n<ul>\n<li>Essas luvas s\u00e3o excelentes em termos de sensibilidade t\u00e1til, conforto e ajuste, ader\u00eancia, maior destreza e resist\u00eancia a cortes e abras\u00e3o<\/li>\n<\/ul>\n<\/li>\n<\/ul>\n<ul>\n<li style=\"list-style-type: none;\">\n<ul>\n<li>Forro de nylon de calibre 13 com design diferente, como preto, branco ou estampado com flores.<\/li>\n<\/ul>\n<\/li>\n<\/ul>\n<ul>\n<li style=\"list-style-type: none;\">\n<ul>\n<li><span data-spm-anchor-id=\"a2700.details.pronpeci14.i1.49f413d8H5LsLh\">Lav\u00e1vel com \u00e1gua e reutiliz\u00e1vel, proporciona uma boa sensa\u00e7\u00e3o de uso.<\/span><\/li>\n<\/ul>\n<\/li>\n<\/ul>\n<ul>\n<li style=\"list-style-type: none;\">\n<ul>\n<li>Com durabilidade m\u00e9dia, tem boa resist\u00eancia a perfura\u00e7\u00f5es e abras\u00e3o.<\/li>\n<\/ul>\n<\/li>\n<\/ul>\n<ul>\n<li style=\"list-style-type: none;\">\n<ul>\n<li data-spm-anchor-id=\"a2700.details.pronpeci14.i0.49f413d8H5LsLh\">Caracter\u00edsticas: prote\u00e7\u00e3o contra \u00f3leos qu\u00edmicos de gasolina.<\/li>\n<\/ul>\n<\/li>\n<\/ul>\n<ul>\n<li style=\"list-style-type: none;\">\n<ul>\n<li data-spm-anchor-id=\"a2700.details.pronpeci14.i0.49f413d8H5LsLh\">Aplica\u00e7\u00e3o: manuten\u00e7\u00e3o, constru\u00e7\u00e3o, engenharia, encanamento, ind\u00fastria de montagem, fabrica\u00e7\u00e3o de autom\u00f3veis, embalagens, eletr\u00f4nica, ind\u00fastria de vidro, ind\u00fastria qu\u00edmica, pesca<\/li>\n<\/ul>\n<\/li>\n<\/ul>\n<h2><strong>Luvas de PU com especifica\u00e7\u00e3o CE EN388:\u00a0<\/strong><\/h2>\n<table>\n<tbody>\n<tr>\n<td width=\"189\">N\u00ba do art.<\/td>\n<td width=\"341\">PUG01<\/td>\n<\/tr>\n<tr>\n<td width=\"189\">Material<\/td>\n<td width=\"341\">Malha de poli\u00e9ster\/nylon com revestimento de PU<\/td>\n<\/tr>\n<tr>\n<td width=\"189\">Estilo<\/td>\n<td width=\"341\">Branco, preto, cinza, etc., colorido ou estampado com flores<\/td>\n<\/tr>\n<tr>\n<td width=\"189\">Tamanho<\/td>\n<td width=\"341\">\u00a0S, M, L, XL, 2XL<\/td>\n<\/tr>\n<tr>\n<td width=\"189\">Estilo<\/td>\n<td width=\"341\">Pulso de malha el\u00e1stica para uso confort\u00e1vel<\/td>\n<\/tr>\n<tr>\n<td width=\"189\">Padr\u00e3o de qualidade<\/td>\n<td width=\"341\">CE EN388<\/td>\n<\/tr>\n<tr>\n<td width=\"189\">Embalagem<\/td>\n<td width=\"341\">12PR\/DOZ, 10DOZ\/CTN<\/td>\n<\/tr>\n<\/tbody>\n<\/table>\n<p>A TOPRISE oferece suporte a v\u00e1rios estilos de personaliza\u00e7\u00e3o de luvas mergulhadas em PU; clique para <a href=\"https:\/\/toprisesafety.com\/pt\/categoria-produto\/personal-protective-equipment\/hand-protection\/pu-gloves\/\">veja mais estilos de luvas com revestimento de PU.<\/a><\/p>\n<p>Se voc\u00ea n\u00e3o encontrar as luvas revestidas de PU necess\u00e1rias, <a href=\"https:\/\/toprisesafety.com\/pt\/contact-us\/\">Entre em contato conosco<\/a>Oferecemos suporte \u00e0 personaliza\u00e7\u00e3o especial.<\/p>","protected":false},"excerpt":{"rendered":"<p>N\u00ba do art.: PUG-01<\/p>\n<p>Material: malha de poli\u00e9ster\/nylon com revestimento de PU<\/p>\n<p>Tamanhos: S, M, L, XL, XXL<\/p>\n<p>Padr\u00e3o de qualidade: CE EN388<\/p>\n<p>MOQ: 500DOZ<\/p>","protected":false},"featured_media":5956,"template":"","meta":{"_acf_changed":false},"product_brand":[],"product_cat":[345,347],"product_tag":[225],"class_list":{"0":"post-5955","1":"product","2":"type-product","3":"status-publish","4":"has-post-thumbnail","6":"product_cat-hand-protection","7":"product_cat-pu-gloves","8":"product_tag-pu-gloves","10":"first","11":"instock","12":"product-type-simple"},"acf":[],"_links":{"self":[{"href":"https:\/\/toprisesafety.com\/pt\/wp-json\/wp\/v2\/product\/5955"}],"collection":[{"href":"https:\/\/toprisesafety.com\/pt\/wp-json\/wp\/v2\/product"}],"about":[{"href":"https:\/\/toprisesafety.com\/pt\/wp-json\/wp\/v2\/types\/product"}],"wp:featuredmedia":[{"embeddable":true,"href":"https:\/\/toprisesafety.com\/pt\/wp-json\/wp\/v2\/media\/5956"}],"wp:attachment":[{"href":"https:\/\/toprisesafety.com\/pt\/wp-json\/wp\/v2\/media?parent=5955"}],"wp:term":[{"taxonomy":"product_brand","embeddable":true,"href":"https:\/\/toprisesafety.com\/pt\/wp-json\/wp\/v2\/product_brand?post=5955"},{"taxonomy":"product_cat","embeddable":true,"href":"https:\/\/toprisesafety.com\/pt\/wp-json\/wp\/v2\/product_cat?post=5955"},{"taxonomy":"product_tag","embeddable":true,"href":"https:\/\/toprisesafety.com\/pt\/wp-json\/wp\/v2\/product_tag?post=5955"}],"curies":[{"name":"wp","href":"https:\/\/api.w.org\/{rel}","templated":true}]}}